{"id":75932,"date":"2018-09-13T06:51:49","date_gmt":"2018-09-13T04:51:49","guid":{"rendered":"https:\/\/budoshop.si\/?product=lepilni-bandazni-trak"},"modified":"2025-08-18T11:56:58","modified_gmt":"2025-08-18T09:56:58","slug":"lepilni-bandazni-trak","status":"publish","type":"product","link":"https:\/\/www.budoshop.si\/sl\/izdelek\/lepilni-bandazni-trak\/","title":{"rendered":"Lepilni banda\u017eni trak"},"content":{"rendered":"<div style=\"text-align: justify;\"><span style=\"color: #993300; font-size: 15px;\">Univerzalni neelasti\u010den lepilni banda\u017eni trak je odli\u010den za povijanje in fiksiranje \u010dlenkov, sklepov in drugih izpostavljenih delov telesa ter prepre\u010devanje po\u0161kodb. Uporabljajo ga borci za utrditev \u010dlenkov, dlani in zapestja pod boksarskimi ali MMA rokavicami. Prav tako ga uporabljajo v Judu in drugih borilnih \u0161portih s katerim utrdijo prste, zagotavlja pa tudi mo\u010dno oporo in dodatno stabilnost pri \u0161portnih po\u0161kodbah kot so zvini in izpahi. Lepilni trak je izdelan iz 100% bomba\u017ene tkanine\/vrvic, ki je prevle\u010dena z mo\u010dnim lepilom iz cinkovega oksida, ki ima odli\u010dno dolgotrajno lepljivost. Neelasti\u010den material ima zobati rob, da se ga lahko odtrga z roko in enostavno namesti.<\/span><\/div>\n<div style=\"text-align: justify;\">\n<p><span style=\"color: #993300; font-size: 15px;\">Bele barve.<\/span><\/p>\n<p><span style=\"color: #993300; font-size: 15px;\">Dol\u017eina: 10m<\/span><\/p>\n<\/div>\n<div style=\"text-align: justify;\"><span style=\"color: #993300; font-size: 15px;\">\u0160irine:<br \/>\n<\/span><span style=\"color: #c00000;\"><span style=\"font-size: 15px; color: #993300;\">&#8211; 2,5 cm <\/span><br \/>\n<span style=\"font-size: 15px; color: #993300;\">&#8211; 3,8 cm<\/span><br \/>\n<span style=\"font-size: 15px; color: #993300;\">&#8211; 5,0 cm<\/span><br \/>\n<\/span><\/div>\n","protected":false},"excerpt":{"rendered":"<p><span style=\"color: #003366;\"><strong>Lepljiv banda\u017eni trak \u0161irine 2,5 ali 3,8 ali 5 cm.<\/strong><\/span><\/p>\n","protected":false},"featured_media":75935,"comment_status":"open","ping_status":"closed","template":"","meta":[],"product_brand":[],"product_cat":[827,1043,1033,1031,771],"product_tag":[],"class_list":{"0":"post-75932","1":"product","2":"type-product","3":"status-publish","4":"has-post-thumbnail","6":"product_cat-bandaze-in-podrokavice","7":"product_cat-boks-kickbox-tajski-boks-mma","8":"product_cat-ju-jitsujiu-jitsu-1","9":"product_cat-judo-1","10":"product_cat-ostalo-3","12":"first","13":"instock","14":"taxable","15":"shipping-taxable","16":"purchasable","17":"product-type-variable"},"_links":{"self":[{"href":"https:\/\/www.budoshop.si\/sl\/wp-json\/wp\/v2\/product\/75932","targetHints":{"allow":["GET"]}}],"collection":[{"href":"https:\/\/www.budoshop.si\/sl\/wp-json\/wp\/v2\/product"}],"about":[{"href":"https:\/\/www.budoshop.si\/sl\/wp-json\/wp\/v2\/types\/product"}],"replies":[{"embeddable":true,"href":"https:\/\/www.budoshop.si\/sl\/wp-json\/wp\/v2\/comments?post=75932"}],"wp:featuredmedia":[{"embeddable":true,"href":"https:\/\/www.budoshop.si\/sl\/wp-json\/wp\/v2\/media\/75935"}],"wp:attachment":[{"href":"https:\/\/www.budoshop.si\/sl\/wp-json\/wp\/v2\/media?parent=75932"}],"wp:term":[{"taxonomy":"product_brand","embeddable":true,"href":"https:\/\/www.budoshop.si\/sl\/wp-json\/wp\/v2\/product_brand?post=75932"},{"taxonomy":"product_cat","embeddable":true,"href":"https:\/\/www.budoshop.si\/sl\/wp-json\/wp\/v2\/product_cat?post=75932"},{"taxonomy":"product_tag","embeddable":true,"href":"https:\/\/www.budoshop.si\/sl\/wp-json\/wp\/v2\/product_tag?post=75932"}],"curies":[{"name":"wp","href":"https:\/\/api.w.org\/{rel}","templated":true}]}}