{"id":75854,"date":"2018-09-13T06:51:49","date_gmt":"2018-09-13T06:51:49","guid":{"rendered":"https:\/\/budoshop.si\/?product=boksarskekickbox-rokavice-adidas-wako-v-akciji"},"modified":"2026-01-13T09:52:08","modified_gmt":"2026-01-13T08:52:08","slug":"boksarskekickbox-rokavice-adidas-wako-v-akciji","status":"publish","type":"product","link":"https:\/\/www.budoshop.si\/sl\/izdelek\/boksarskekickbox-rokavice-adidas-wako-v-akciji\/","title":{"rendered":"Boksarske\/Kickbox rokavice &#8221;Adidas WAKO&#8221;"},"content":{"rendered":"<div style=\"text-align: justify;\">\n<p><span style=\"color: #993300; font-size: 15px;\">Te Adidasove Kickbox rokavice so narejene iz visoko kvalitetnega usnja z notranjo oblogo iz mehke tkanine. Visoko kompresijsko polnilo iz &#8216;IMF&#8217; pene v kombinaciji z 12cm \u0161irokim trakom z zapenjanjem na je\u017eka zagotavljata popolno varnost in vrhunsko uporabo. Bel Adidas logo na vrhnji strani in zna\u010dilne Adidas \u010drte na traku za zapenjanje, z originalnim WAKO pe\u010datom, ki se zahteva na uradnih Kickbox tekmovanjih.<\/span><\/p>\n<p><span style=\"font-size: 15px; color: #993300;\">Velikost 10 OZ.<\/span><\/p>\n<p><span style=\"font-size: 15px; color: #993300;\">Na voljo v<strong> RDE\u010cI<\/strong> ali <strong>MODRI<\/strong> barvi.<\/span><\/p>\n<p><span style=\"font-size: 15px; color: #993300;\"><strong>Ta artikel je odobren s strani WAKO<\/strong>-ja (World Association of Kickboxing Organizations).<\/span><\/p>\n<\/div>\n","protected":false},"excerpt":{"rendered":"<p><span style=\"color: #003366;\"><strong>WAKO verificirane Adidas Boks \/ Kickbox rokavice.<\/strong><\/span><\/p>\n","protected":false},"featured_media":120487,"comment_status":"open","ping_status":"closed","template":"","meta":[],"product_brand":[5594],"product_cat":[951,1049,927,1043,821],"product_tag":[],"class_list":{"0":"post-75854","1":"product","2":"type-product","3":"status-publish","4":"has-post-thumbnail","6":"product_brand-adidas","7":"product_cat-adidas-3","8":"product_cat-adidas-7","9":"product_cat-v-akciji","10":"product_cat-boks-kickbox-tajski-boks-mma","11":"product_cat-kick-thai-boxing-rokavice","12":"pa_barva-modre-barve-sl","13":"pa_barva-rdeca-barva-sl-2","15":"first","16":"instock","17":"taxable","18":"shipping-taxable","19":"purchasable","20":"product-type-variable"},"_links":{"self":[{"href":"https:\/\/www.budoshop.si\/sl\/wp-json\/wp\/v2\/product\/75854","targetHints":{"allow":["GET"]}}],"collection":[{"href":"https:\/\/www.budoshop.si\/sl\/wp-json\/wp\/v2\/product"}],"about":[{"href":"https:\/\/www.budoshop.si\/sl\/wp-json\/wp\/v2\/types\/product"}],"replies":[{"embeddable":true,"href":"https:\/\/www.budoshop.si\/sl\/wp-json\/wp\/v2\/comments?post=75854"}],"wp:featuredmedia":[{"embeddable":true,"href":"https:\/\/www.budoshop.si\/sl\/wp-json\/wp\/v2\/media\/120487"}],"wp:attachment":[{"href":"https:\/\/www.budoshop.si\/sl\/wp-json\/wp\/v2\/media?parent=75854"}],"wp:term":[{"taxonomy":"product_brand","embeddable":true,"href":"https:\/\/www.budoshop.si\/sl\/wp-json\/wp\/v2\/product_brand?post=75854"},{"taxonomy":"product_cat","embeddable":true,"href":"https:\/\/www.budoshop.si\/sl\/wp-json\/wp\/v2\/product_cat?post=75854"},{"taxonomy":"product_tag","embeddable":true,"href":"https:\/\/www.budoshop.si\/sl\/wp-json\/wp\/v2\/product_tag?post=75854"}],"curies":[{"name":"wp","href":"https:\/\/api.w.org\/{rel}","templated":true}]}}