{"id":75772,"date":"2018-09-13T06:51:49","date_gmt":"2018-09-13T06:51:49","guid":{"rendered":"https:\/\/budoshop.si\/?product=judo-crn-pas-obi-adidas-ijf"},"modified":"2026-01-10T11:31:02","modified_gmt":"2026-01-10T10:31:02","slug":"judo-crn-pas-obi-adidas-ijf","status":"publish","type":"product","link":"https:\/\/www.budoshop.si\/sl\/izdelek\/judo-crn-pas-obi-adidas-ijf\/","title":{"rendered":"Judo \u010drn pas &#8221;Obi Adidas IJF&#8221;"},"content":{"rendered":"<div style=\"text-align: justify;\">\n<p><span style=\"color: #993300; font-size: 15px;\">Vrhunski tekmovalni Judo \u010drn pas znamke Adidas \u0161irine 4 cm. Narejen je iz 100% bomba\u017ea najbolj\u0161e kvalitete in zelo obstojne barve ter kar 9-krat pre\u0161it. Na pasu se nahaja vezen Adidasov logotip v beli barvi in uradni IJF znak z rde\u010dim robom.<\/span><\/p>\n<p><span style=\"font-size: 15px; color: #993300;\"><strong>Ta artikel je odobren iz strani IJF<\/strong>-a (International Judo Federation).<\/span><\/p>\n<p><span style=\"font-size: 15px; color: #993300;\">Dol\u017eine: 260 &#8211; 280 &#8211; 300 &#8211; 320 cm<\/span><\/p>\n<\/div>\n","protected":false},"excerpt":{"rendered":"<p><span style=\"color: #002060;\"><strong>IJF verificiran Judo \u010drn pas.<\/strong><\/span><\/p>\n","protected":false},"featured_media":109284,"comment_status":"open","ping_status":"closed","template":"","meta":[],"product_brand":[5594],"product_cat":[1031,861,951,1049],"product_tag":[],"class_list":{"0":"post-75772","1":"product","2":"type-product","3":"status-publish","4":"has-post-thumbnail","6":"product_brand-adidas","7":"product_cat-judo-1","8":"product_cat-mojstrski-pasovi","9":"product_cat-adidas-3","10":"product_cat-adidas-7","11":"pa_dolzina-260-cm-sl","12":"pa_dolzina-280-cm-sl","13":"pa_dolzina-300-cm-sl","14":"pa_dolzina-320-cm-sl","16":"first","17":"instock","18":"taxable","19":"shipping-taxable","20":"purchasable","21":"product-type-variable"},"_links":{"self":[{"href":"https:\/\/www.budoshop.si\/sl\/wp-json\/wp\/v2\/product\/75772","targetHints":{"allow":["GET"]}}],"collection":[{"href":"https:\/\/www.budoshop.si\/sl\/wp-json\/wp\/v2\/product"}],"about":[{"href":"https:\/\/www.budoshop.si\/sl\/wp-json\/wp\/v2\/types\/product"}],"replies":[{"embeddable":true,"href":"https:\/\/www.budoshop.si\/sl\/wp-json\/wp\/v2\/comments?post=75772"}],"wp:featuredmedia":[{"embeddable":true,"href":"https:\/\/www.budoshop.si\/sl\/wp-json\/wp\/v2\/media\/109284"}],"wp:attachment":[{"href":"https:\/\/www.budoshop.si\/sl\/wp-json\/wp\/v2\/media?parent=75772"}],"wp:term":[{"taxonomy":"product_brand","embeddable":true,"href":"https:\/\/www.budoshop.si\/sl\/wp-json\/wp\/v2\/product_brand?post=75772"},{"taxonomy":"product_cat","embeddable":true,"href":"https:\/\/www.budoshop.si\/sl\/wp-json\/wp\/v2\/product_cat?post=75772"},{"taxonomy":"product_tag","embeddable":true,"href":"https:\/\/www.budoshop.si\/sl\/wp-json\/wp\/v2\/product_tag?post=75772"}],"curies":[{"name":"wp","href":"https:\/\/api.w.org\/{rel}","templated":true}]}}