{"id":75690,"date":"2018-09-13T06:51:49","date_gmt":"2018-09-13T06:51:49","guid":{"rendered":"https:\/\/budoshop.si\/?product=judo-gi-kimono-adidas-j350"},"modified":"2026-01-22T08:01:54","modified_gmt":"2026-01-22T07:01:54","slug":"judo-gi-kimono-adidas-j350","status":"publish","type":"product","link":"https:\/\/www.budoshop.si\/sl\/izdelek\/judo-gi-kimono-adidas-j350\/","title":{"rendered":"Judo Gi (Kimono) &#8221;Adidas J350&#8242;"},"content":{"rendered":"<p style=\"text-align: justify;\"><span style=\"font-size: 15px; color: #993300;\">To Judo Kimono znamke Aidas ima mnoge zna\u010dilnosti, ki jih je sicer mo\u010d najti pri dvojno dra\u017ejih Kimonih. Primerno je tako za otroke kot najstnike in odrasle Judoiste. To Judo Kimono je izdelano iz polibomba\u017e* materiala (40% bomba\u017e \/ 60% poliester, 350 g\/m<sup>2<\/sup>) odli\u010dne kvalitete, s \u0161tevilnimi oja\u010danimi predeli reverja, ramen, prsnega dela in kolen. Na ramenih jakne se nahajajo zna\u010dilne Adidas \u010drte. To je idealen izbor za vse za\u010detnike in nadaljevalne praktikante, ki \u017eelijo odli\u010dno kvaliteto za razumen denar. <\/span><\/p>\n<p style=\"text-align: justify;\"><span style=\"font-size: 15px; color: #993300;\">To je zagotovo eden na\u0161ih najbolj prodajanih modelov Judo Kimon.<\/span><\/p>\n<p style=\"text-align: justify;\"><span style=\"font-size: 15px; color: #993300;\">V kompletu so hla\u010de z elastiko v pasu (120-150 cm) ali vrvico (160+ cm) in jakna zrnastega tkanja.<\/span><\/p>\n<p style=\"text-align: justify;\"><span style=\"font-size: 15px; color: #993300;\">Vi\u0161ine: 120 \u2013 190 cm (na 10 cm)<br \/>\n<\/span><\/p>\n<p style=\"text-align: justify;\"><span style=\"color: #993300; font-size: 15px;\">* Testi raztegljivosti so pokazali, da je polibomba\u017e (me\u0161anica bomba\u017ea in poliestra) 20% mo\u010dnej\u0161i ob enaki sili in enaki kompaktnosti tkanja na m<sup>2<\/sup>, ter se po prvem pranju (30<sup>o<\/sup>) kr\u010di za 15% manj (v primerjavi s 100% bomba\u017eem).<\/span><\/p>\n<p><span style=\"font-size: 11px; color: #993300;\">Pozor! Uniforma ni predprana in se pri prvem pranju lahko skr\u010di za cca. 2 %.<\/span><\/p>\n","protected":false},"excerpt":{"rendered":"<p><span style=\"color: #002060;\"><strong>Klasi\u010dni 350g Adidas Judo Kimono za za\u010detnike in naprednej\u0161e praktikante.<\/strong><\/span><\/p>\n","protected":false},"featured_media":112023,"comment_status":"open","ping_status":"closed","template":"","meta":[],"product_brand":[5594],"product_cat":[1035,1033,1031,681,919,1017,951,1049],"product_tag":[],"class_list":{"0":"post-75690","1":"product","2":"type-product","3":"status-publish","4":"has-post-thumbnail","6":"product_brand-adidas","7":"product_cat-aikido-kendo-iai-kobudo-1","8":"product_cat-ju-jitsujiu-jitsu-1","9":"product_cat-judo-1","10":"product_cat-aikido-kendo-oblacila","11":"product_cat-ju-jitsu-kimona","12":"product_cat-adidas-5","13":"product_cat-adidas-3","14":"product_cat-adidas-7","15":"pa_velikost-120-cm-sl","16":"pa_velikost-130-cm-sl","17":"pa_velikost-140-cm-sl","18":"pa_velikost-150-cm-sl","19":"pa_velikost-160-cm-sl","20":"pa_velikost-170-cm-sl","21":"pa_velikost-180-cm-sl","22":"pa_velikost-190-cm-sl","24":"first","25":"instock","26":"taxable","27":"shipping-taxable","28":"purchasable","29":"product-type-variable"},"_links":{"self":[{"href":"https:\/\/www.budoshop.si\/sl\/wp-json\/wp\/v2\/product\/75690","targetHints":{"allow":["GET"]}}],"collection":[{"href":"https:\/\/www.budoshop.si\/sl\/wp-json\/wp\/v2\/product"}],"about":[{"href":"https:\/\/www.budoshop.si\/sl\/wp-json\/wp\/v2\/types\/product"}],"replies":[{"embeddable":true,"href":"https:\/\/www.budoshop.si\/sl\/wp-json\/wp\/v2\/comments?post=75690"}],"wp:featuredmedia":[{"embeddable":true,"href":"https:\/\/www.budoshop.si\/sl\/wp-json\/wp\/v2\/media\/112023"}],"wp:attachment":[{"href":"https:\/\/www.budoshop.si\/sl\/wp-json\/wp\/v2\/media?parent=75690"}],"wp:term":[{"taxonomy":"product_brand","embeddable":true,"href":"https:\/\/www.budoshop.si\/sl\/wp-json\/wp\/v2\/product_brand?post=75690"},{"taxonomy":"product_cat","embeddable":true,"href":"https:\/\/www.budoshop.si\/sl\/wp-json\/wp\/v2\/product_cat?post=75690"},{"taxonomy":"product_tag","embeddable":true,"href":"https:\/\/www.budoshop.si\/sl\/wp-json\/wp\/v2\/product_tag?post=75690"}],"curies":[{"name":"wp","href":"https:\/\/api.w.org\/{rel}","templated":true}]}}