{"id":75684,"date":"2018-09-13T06:51:49","date_gmt":"2018-09-13T04:51:49","guid":{"rendered":"https:\/\/budoshop.si\/?product=stropni-obesalnik-za-boksarsko-vreco"},"modified":"2024-10-17T09:01:54","modified_gmt":"2024-10-17T07:01:54","slug":"stropni-obesalnik-za-boksarsko-vreco","status":"publish","type":"product","link":"https:\/\/www.budoshop.si\/sl\/izdelek\/stropni-obesalnik-za-boksarsko-vreco\/","title":{"rendered":"Stropni obe\u0161alnik za boksarsko vre\u010do"},"content":{"rendered":"<p style=\"text-align: justify;\"><span style=\"color: #c00000; font-size: small;\">Pritrdilni obe\u0161alnik za obe\u0161anje boksarskih vre\u010d na strop. Ta stropni obe\u0161alnik boksarskih vre\u010d je narejen je kavelj pritrjen na krogli\u010dne le\u017eaje tako, da se kavelj vrti, zaradi \u010desar se vre\u010da prosto vrti levo ali desno in ne zapleta verig ali trakov za obe\u0161anje. Kavelj je spiralno ukrivljen, da se lahko vre\u010do natakne direktno nanj in za obe\u0161anje boksarske vre\u010de ni potrebnega dodatnega karabina ali rinke.<\/span><\/p>\n<p style=\"text-align: justify;\"><span style=\"color: #c00000; font-size: small;\">Obe\u0161alnik se na strop ali pre\u010dnik pritrdi z dvema vijakoma, <span style=\"color: #c00000;\"><span style=\"font-size: small;\"><span style=\"color: #c00000;\"><span style=\"line-height: 1.6em;\">ki ju izberete glede na material stropa (vijaka nista prilo\u017eena)<\/span><\/span><\/span><\/span>. <\/span><\/p>\n<p style=\"text-align: justify;\"><span style=\"color: #c00000; font-size: small;\">Nosilec \u010drne barve, kavelj iz nerjave\u010dega jekla.<br \/>\n<\/span><\/p>\n<p style=\"text-align: justify;\">\n","protected":false},"excerpt":{"rendered":"<p><span style=\"color: #003366;\"><strong>Vrtljivi stropni obe\u0161alnik za obe\u0161anje boksarske vre\u010de.<\/strong><\/span><\/p>\n","protected":false},"featured_media":75687,"comment_status":"open","ping_status":"closed","template":"","meta":[],"product_brand":[],"product_cat":[1043,1029,1039,869],"product_tag":[],"class_list":{"0":"post-75684","1":"product","2":"type-product","3":"status-publish","4":"has-post-thumbnail","6":"product_cat-boks-kickbox-tajski-boks-mma","7":"product_cat-karate-5","8":"product_cat-taekwondo-3","9":"product_cat-dodatki-1","11":"first","12":"instock","13":"taxable","14":"shipping-taxable","15":"purchasable","16":"product-type-simple"},"_links":{"self":[{"href":"https:\/\/www.budoshop.si\/sl\/wp-json\/wp\/v2\/product\/75684","targetHints":{"allow":["GET"]}}],"collection":[{"href":"https:\/\/www.budoshop.si\/sl\/wp-json\/wp\/v2\/product"}],"about":[{"href":"https:\/\/www.budoshop.si\/sl\/wp-json\/wp\/v2\/types\/product"}],"replies":[{"embeddable":true,"href":"https:\/\/www.budoshop.si\/sl\/wp-json\/wp\/v2\/comments?post=75684"}],"wp:featuredmedia":[{"embeddable":true,"href":"https:\/\/www.budoshop.si\/sl\/wp-json\/wp\/v2\/media\/75687"}],"wp:attachment":[{"href":"https:\/\/www.budoshop.si\/sl\/wp-json\/wp\/v2\/media?parent=75684"}],"wp:term":[{"taxonomy":"product_brand","embeddable":true,"href":"https:\/\/www.budoshop.si\/sl\/wp-json\/wp\/v2\/product_brand?post=75684"},{"taxonomy":"product_cat","embeddable":true,"href":"https:\/\/www.budoshop.si\/sl\/wp-json\/wp\/v2\/product_cat?post=75684"},{"taxonomy":"product_tag","embeddable":true,"href":"https:\/\/www.budoshop.si\/sl\/wp-json\/wp\/v2\/product_tag?post=75684"}],"curies":[{"name":"wp","href":"https:\/\/api.w.org\/{rel}","templated":true}]}}