{"id":75604,"date":"2018-09-13T06:51:49","date_gmt":"2018-09-13T06:51:49","guid":{"rendered":"https:\/\/budoshop.si\/?product=karate-gi-kimono-adidas-k220"},"modified":"2026-02-05T07:58:10","modified_gmt":"2026-02-05T06:58:10","slug":"karate-gi-kimono-adidas-k220","status":"publish","type":"product","link":"https:\/\/www.budoshop.si\/sl\/izdelek\/karate-gi-kimono-adidas-k220\/","title":{"rendered":"Karate Gi (Kimono) &#8221;ADIDAS K220&#8221;"},"content":{"rendered":"<div style=\"text-align: justify;\">\n<p><span style=\"color: #993300; font-size: 15px;\">To Adidasovo Karate Kimono je namenjeno Kumite tekmovanjem in treningom. Narejen je iz polibomba\u017ea* (35% bomba\u017e \/ 65% poliester, 220 g\/m2), s posebnim &#8216;Cotton Canvas&#8217; tkanjem. Revolucionarna ClimaCOOL tehnologija z visoko u\u010dinkovitimi materiali, ki zagotavljajo zra\u010dnost in uravnava temperaturo ter znojenje in s tem optimizirajo u\u010dinek vadbe. Hla\u010de s trikotnim vstavkom celotne dol\u017eine in elasti\u010dnim pasom.<\/span><\/p>\n<p><span style=\"font-size: 15px; color: #993300;\">Izbrani materiali zagotavljajo minimalno kr\u010denje.<\/span><\/p>\n<p><span style=\"font-size: 15px; color: #993300;\">V kompletu so hla\u010de z elastiko ter dodatnimi trakovi v pasu in jakna.<\/span><\/p>\n<p><span style=\"font-size: 15px; color: #993300;\">Vi\u0161ine: 140 \u2013 190 cm (na 10 cm).<\/span><\/p>\n<p><span style=\"font-size: 15px; color: #993300;\">* Testi raztegljivosti so pokazali, da je polibomba\u017e (me\u0161anica bomba\u017ea in poliestra) 20% mo\u010dnej\u0161i ob enaki sili in enaki kompaktnosti tkanja na m2, ter se po prvem pranju (30<sup>o<\/sup>) kr\u010di za 15% manj (v primerjavi s 100% bomba\u017eem).<\/span><\/p>\n<p><span style=\"font-size: 15px; color: #993300;\"><strong>Ta artikel je odobren iz strani WKF<\/strong>-a (World Karate Federation).<\/span><\/p>\n<p>&nbsp;<\/p>\n<\/div>\n","protected":false},"excerpt":{"rendered":"<p><span style=\"color: #002060;\"><strong>WKF verificiran lahkotnej\u0161i Kumite model Kimona.<\/strong><\/span><\/p>\n","protected":false},"featured_media":75607,"comment_status":"open","ping_status":"closed","template":"","meta":[],"product_brand":[5594],"product_cat":[1049,935,951,1029],"product_tag":[],"class_list":{"0":"post-75604","1":"product","2":"type-product","3":"status-publish","4":"has-post-thumbnail","6":"product_brand-adidas","7":"product_cat-adidas-7","8":"product_cat-adidas-1","9":"product_cat-adidas-3","10":"product_cat-karate-5","11":"pa_velikost-140-cm-sl","12":"pa_velikost-150-cm-sl","13":"pa_velikost-160-cm-sl","14":"pa_velikost-170-cm-sl","15":"pa_velikost-180-cm-sl","16":"pa_velikost-190-cm-sl","18":"first","19":"instock","20":"taxable","21":"shipping-taxable","22":"purchasable","23":"product-type-variable"},"_links":{"self":[{"href":"https:\/\/www.budoshop.si\/sl\/wp-json\/wp\/v2\/product\/75604","targetHints":{"allow":["GET"]}}],"collection":[{"href":"https:\/\/www.budoshop.si\/sl\/wp-json\/wp\/v2\/product"}],"about":[{"href":"https:\/\/www.budoshop.si\/sl\/wp-json\/wp\/v2\/types\/product"}],"replies":[{"embeddable":true,"href":"https:\/\/www.budoshop.si\/sl\/wp-json\/wp\/v2\/comments?post=75604"}],"wp:featuredmedia":[{"embeddable":true,"href":"https:\/\/www.budoshop.si\/sl\/wp-json\/wp\/v2\/media\/75607"}],"wp:attachment":[{"href":"https:\/\/www.budoshop.si\/sl\/wp-json\/wp\/v2\/media?parent=75604"}],"wp:term":[{"taxonomy":"product_brand","embeddable":true,"href":"https:\/\/www.budoshop.si\/sl\/wp-json\/wp\/v2\/product_brand?post=75604"},{"taxonomy":"product_cat","embeddable":true,"href":"https:\/\/www.budoshop.si\/sl\/wp-json\/wp\/v2\/product_cat?post=75604"},{"taxonomy":"product_tag","embeddable":true,"href":"https:\/\/www.budoshop.si\/sl\/wp-json\/wp\/v2\/product_tag?post=75604"}],"curies":[{"name":"wp","href":"https:\/\/api.w.org\/{rel}","templated":true}]}}