{"id":75552,"date":"2018-09-13T06:51:49","date_gmt":"2018-09-13T06:51:49","guid":{"rendered":"https:\/\/budoshop.si\/?product=tatami-blazine-light-v-akciji"},"modified":"2026-03-20T09:23:19","modified_gmt":"2026-03-20T08:23:19","slug":"tatami-blazine-light-v-akciji","status":"publish","type":"product","link":"https:\/\/www.budoshop.si\/sl\/izdelek\/tatami-blazine-light-v-akciji\/","title":{"rendered":"Tatami blazine &#8221;LIGHT&#8221; 1,5cm"},"content":{"rendered":"<div style=\"text-align: justify;\">\n<p><span style=\"color: #993300; font-size: 15px;\">Klasi\u010dne, cenovno ugodne sestavljive Tatami blazine namenjene Karate, Taekwondo, Aikido, MMA, Kickboxing ali drugim borbenim in trening povr\u0161inam ter drugim namenom oblazinjenja tla. Uporabljajo se tudi kot podloge za ringe, \u0161portne dvorane in igralne sobe v \u0161olah in vrtcih, na\u0161e stranke pa jih pogosto kupujejo za opremljanje otro\u0161kih sob ali lastnih prostorov namenjenih vadbi, saj se njihova povr\u0161ina lahko \u010disti in zato ni potrebno, da jih dodatno pregrinjamo. Njihova prednost je lahkotnost in cenovna ugodnost.<br \/>\nBlazine so iz narejene iz kvalitetnega polietilena (posebna reciklerana pena), ki se ne zbija in zagotavlja konstantno enakomernost in trdnost po celotni blazini, kar zagotavlja obstojnost in trajnost. Nedrse\u010da povr\u0161ina.<br \/>\nBlazine se sestavljajo na PUZZLE sistem, ki zagotavlja, da blazine ne lezejo narazen in se ne razdirajo. Njihove dimenzije naredijo ta Tatami zelo prakti\u010den in lahko prenosljiv.<br \/>\nVsaka blazina vklju\u010duje tudi 2 zaklju\u010dka s katerimi se lepo oblikujejo robovi.<\/span><\/p>\n<p><span style=\"font-size: 15px; color: #993300;\">Barve (na obeh straneh enake barve):<br \/>\n&#8211; rde\u010da<br \/>\n&#8211; modra<br \/>\n&#8211; zelena<br \/>\n&#8211; siva<br \/>\n&#8211; rumena<\/span><\/p>\n<p><span style=\"font-size: 15px; color: #993300;\">Dimenzije: 100cm x 100cm x 1,5cm<\/span><\/p>\n<p><span style=\"font-size: 15px; color: #993300;\">Te\u017ea: cca. 1,3 kg<\/span><\/p>\n<p>&nbsp;<\/p>\n<\/div>\n","protected":false},"excerpt":{"rendered":"<p><span style=\"color: #002060;\"><strong>Lahke 1,5 cm debele enobarvne sestavljive Tatami blazine z zaklju\u010dki.<\/strong><\/span><\/p>\n","protected":false},"featured_media":121438,"comment_status":"open","ping_status":"closed","template":"","meta":[],"product_brand":[5620],"product_cat":[1035,1043,1033,1031,1029,1037,1039,1041,927,743,1083,1075],"product_tag":[],"class_list":{"0":"post-75552","1":"product","2":"type-product","3":"status-publish","4":"has-post-thumbnail","6":"product_brand-pride","7":"product_cat-aikido-kendo-iai-kobudo-1","8":"product_cat-boks-kickbox-tajski-boks-mma","9":"product_cat-ju-jitsujiu-jitsu-1","10":"product_cat-judo-1","11":"product_cat-karate-5","12":"product_cat-ninjutsu-3","13":"product_cat-taekwondo-3","14":"product_cat-tai-chi-kunf-fu-wu-shu-1","15":"product_cat-v-akciji","16":"product_cat-tatami-blazine","17":"product_cat-pride-3","18":"product_cat-pride-1","19":"pa_barva-rumene-barve-sl","20":"pa_barva-rdeca-barva-sl-2","21":"pa_barva-zelene-barve-sl","22":"pa_barva-modre-barve-sl","23":"pa_barva-siva-sl","25":"first","26":"instock","27":"taxable","28":"shipping-taxable","29":"purchasable","30":"product-type-variable"},"_links":{"self":[{"href":"https:\/\/www.budoshop.si\/sl\/wp-json\/wp\/v2\/product\/75552","targetHints":{"allow":["GET"]}}],"collection":[{"href":"https:\/\/www.budoshop.si\/sl\/wp-json\/wp\/v2\/product"}],"about":[{"href":"https:\/\/www.budoshop.si\/sl\/wp-json\/wp\/v2\/types\/product"}],"replies":[{"embeddable":true,"href":"https:\/\/www.budoshop.si\/sl\/wp-json\/wp\/v2\/comments?post=75552"}],"wp:featuredmedia":[{"embeddable":true,"href":"https:\/\/www.budoshop.si\/sl\/wp-json\/wp\/v2\/media\/121438"}],"wp:attachment":[{"href":"https:\/\/www.budoshop.si\/sl\/wp-json\/wp\/v2\/media?parent=75552"}],"wp:term":[{"taxonomy":"product_brand","embeddable":true,"href":"https:\/\/www.budoshop.si\/sl\/wp-json\/wp\/v2\/product_brand?post=75552"},{"taxonomy":"product_cat","embeddable":true,"href":"https:\/\/www.budoshop.si\/sl\/wp-json\/wp\/v2\/product_cat?post=75552"},{"taxonomy":"product_tag","embeddable":true,"href":"https:\/\/www.budoshop.si\/sl\/wp-json\/wp\/v2\/product_tag?post=75552"}],"curies":[{"name":"wp","href":"https:\/\/api.w.org\/{rel}","templated":true}]}}