{"id":75504,"date":"2018-09-13T06:51:49","date_gmt":"2018-09-13T06:51:49","guid":{"rendered":"https:\/\/budoshop.si\/?product=otrosko-karate-gi-kimono-adidas-k201"},"modified":"2025-04-16T08:58:10","modified_gmt":"2025-04-16T06:58:10","slug":"otrosko-karate-gi-kimono-adidas-k201","status":"publish","type":"product","link":"https:\/\/www.budoshop.si\/sl\/izdelek\/otrosko-karate-gi-kimono-adidas-k201\/","title":{"rendered":"Otro\u0161ko Karate Gi (Kimono) &#8221;Adidas ADI-START&#8221;"},"content":{"rendered":"<div style=\"text-align: justify;\">\n<p><span style=\"color: #993300; font-size: 15px;\">ADI-START model otro\u0161kega Karate Kimona je Adidasov odgovor za Karate za\u010detnike. Karate Kimono je narejeno iz polibomba\u017ea* (55% bomba\u017e\/45% poliester, 200 g\/m<sup>2<\/sup>), s posebnim &#8216;Cotton Twill&#8217; tkanjem. Ta pro\u017een in udoben material omogo\u010da udobnost vadbe ter zagotavlja, da je Karate Kimono zra\u010dno in se hitro su\u0161i. Na jakni in hla\u010dah se nahaja prepoznaven moder Adidas znak.<\/span><\/p>\n<p><span style=\"font-size: 15px; color: #993300;\">V kompletu so hla\u010de z elastiko ter dodatnimi trakovi v pasu in jakna (brez belega pasu!).<\/span><\/p>\n<p><span style=\"font-size: 15px; color: #993300;\">Vi\u0161ine: 110 &#8211; 150 cm (na 10 cm).<\/span><\/p>\n<p><span style=\"font-size: 15px; color: #993300;\"><strong>Ta artikel je odobren iz strani WKF<\/strong>-ja (World Karate Federation)!<\/span><\/p>\n<p>&nbsp;<\/p>\n<p><span style=\"font-size: 15px; color: #993300;\">* Testi raztegljivosti so pokazali, da je polibomba\u017e (me\u0161anica bomba\u017ea in poliestra) 20% mo\u010dnej\u0161i ob enaki sili in enaki kompaktnosti tkanja na m2, ter se po prvem pranju (30<sup>o<\/sup>) kr\u010di za 15% manj (v primerjavi s 100% bomba\u017eem).<\/span><\/p>\n<p><span style=\"font-size: 11px; color: #993300;\">Pozor! Kimono ni predprano in se lahko pri prvem pranju skr\u010di za cca. 2 %.<\/span><\/p>\n<\/div>\n","protected":false},"excerpt":{"rendered":"<p><span style=\"color: #002060;\"><strong>Otro\u0161ko Karate Kimono znamke Adidas.<\/strong><\/span><\/p>\n","protected":false},"featured_media":75508,"comment_status":"open","ping_status":"closed","template":"","meta":[],"product_brand":[5594],"product_cat":[951,1049,935,1029],"product_tag":[],"class_list":{"0":"post-75504","1":"product","2":"type-product","3":"status-publish","4":"has-post-thumbnail","6":"product_brand-adidas","7":"product_cat-adidas-3","8":"product_cat-adidas-7","9":"product_cat-adidas-1","10":"product_cat-karate-5","11":"pa_velikost-110-cm-sl","12":"pa_velikost-120-cm-sl","13":"pa_velikost-130-cm-sl","14":"pa_velikost-140-cm-sl","15":"pa_velikost-150-cm-sl","17":"first","18":"instock","19":"taxable","20":"shipping-taxable","21":"purchasable","22":"product-type-variable"},"_links":{"self":[{"href":"https:\/\/www.budoshop.si\/sl\/wp-json\/wp\/v2\/product\/75504","targetHints":{"allow":["GET"]}}],"collection":[{"href":"https:\/\/www.budoshop.si\/sl\/wp-json\/wp\/v2\/product"}],"about":[{"href":"https:\/\/www.budoshop.si\/sl\/wp-json\/wp\/v2\/types\/product"}],"replies":[{"embeddable":true,"href":"https:\/\/www.budoshop.si\/sl\/wp-json\/wp\/v2\/comments?post=75504"}],"wp:featuredmedia":[{"embeddable":true,"href":"https:\/\/www.budoshop.si\/sl\/wp-json\/wp\/v2\/media\/75508"}],"wp:attachment":[{"href":"https:\/\/www.budoshop.si\/sl\/wp-json\/wp\/v2\/media?parent=75504"}],"wp:term":[{"taxonomy":"product_brand","embeddable":true,"href":"https:\/\/www.budoshop.si\/sl\/wp-json\/wp\/v2\/product_brand?post=75504"},{"taxonomy":"product_cat","embeddable":true,"href":"https:\/\/www.budoshop.si\/sl\/wp-json\/wp\/v2\/product_cat?post=75504"},{"taxonomy":"product_tag","embeddable":true,"href":"https:\/\/www.budoshop.si\/sl\/wp-json\/wp\/v2\/product_tag?post=75504"}],"curies":[{"name":"wp","href":"https:\/\/api.w.org\/{rel}","templated":true}]}}