{"id":75450,"date":"2018-09-13T06:51:49","date_gmt":"2018-09-13T06:51:49","guid":{"rendered":"https:\/\/budoshop.si\/?product=boks-celada-fight"},"modified":"2026-04-04T13:13:05","modified_gmt":"2026-04-04T11:13:05","slug":"boks-celada-fight","status":"publish","type":"product","link":"https:\/\/www.budoshop.si\/sl\/izdelek\/boks-celada-fight\/","title":{"rendered":"Boks \u010delada &#8221;FIGHT&#8221;"},"content":{"rendered":"<div style=\"text-align: justify;\">\n<p><span style=\"font-size: 15px; color: #993300;\">Boks \u010delada Fight znamke Kwon je narejena iz visoko kvalitetnega umetnega usnja, notranja obloga pa je iz anti-shock materiala, ki je oble\u010den v ko\u017ei prijazen mehak material. \u010celada se za oprimalno udobnost nastavlja na zadnji strani in zapenja s prakti\u010dnim je\u017ekom pod brado. Enostavno \u010di\u0161\u010denje.<\/span><\/p>\n<p><span style=\"font-size: 15px; color: #993300;\">Barva: \u010drna.<\/span><\/p>\n<p><span style=\"color: #993300;\"><span style=\"font-size: small;\"><span style=\"font-size: 15px;\">Univerzalna velikost (L).<\/span> <\/span><\/span><\/p>\n<\/div>\n<div style=\"text-align: justify;\">\n<p>&nbsp;<\/p>\n<\/div>\n","protected":false},"excerpt":{"rendered":"<p><span style=\"color: #002060;\"><strong>Kvalitetna tekmovalna boks \u010delada.<\/strong><\/span><\/p>\n","protected":false},"featured_media":75453,"comment_status":"open","ping_status":"closed","template":"","meta":[],"product_brand":[5596],"product_cat":[1043,769,983,1061],"product_tag":[],"class_list":{"0":"post-75450","1":"product","2":"type-product","3":"status-publish","4":"has-post-thumbnail","6":"product_brand-kwon","7":"product_cat-boks-kickbox-tajski-boks-mma","8":"product_cat-scitniki-za-glavo","9":"product_cat-kwon-3","10":"product_cat-kwon-5","12":"first","13":"instock","14":"taxable","15":"shipping-taxable","16":"purchasable","17":"product-type-simple"},"_links":{"self":[{"href":"https:\/\/www.budoshop.si\/sl\/wp-json\/wp\/v2\/product\/75450","targetHints":{"allow":["GET"]}}],"collection":[{"href":"https:\/\/www.budoshop.si\/sl\/wp-json\/wp\/v2\/product"}],"about":[{"href":"https:\/\/www.budoshop.si\/sl\/wp-json\/wp\/v2\/types\/product"}],"replies":[{"embeddable":true,"href":"https:\/\/www.budoshop.si\/sl\/wp-json\/wp\/v2\/comments?post=75450"}],"wp:featuredmedia":[{"embeddable":true,"href":"https:\/\/www.budoshop.si\/sl\/wp-json\/wp\/v2\/media\/75453"}],"wp:attachment":[{"href":"https:\/\/www.budoshop.si\/sl\/wp-json\/wp\/v2\/media?parent=75450"}],"wp:term":[{"taxonomy":"product_brand","embeddable":true,"href":"https:\/\/www.budoshop.si\/sl\/wp-json\/wp\/v2\/product_brand?post=75450"},{"taxonomy":"product_cat","embeddable":true,"href":"https:\/\/www.budoshop.si\/sl\/wp-json\/wp\/v2\/product_cat?post=75450"},{"taxonomy":"product_tag","embeddable":true,"href":"https:\/\/www.budoshop.si\/sl\/wp-json\/wp\/v2\/product_tag?post=75450"}],"curies":[{"name":"wp","href":"https:\/\/api.w.org\/{rel}","templated":true}]}}