{"id":75402,"date":"2018-09-13T06:51:49","date_gmt":"2018-09-13T04:51:49","guid":{"rendered":"https:\/\/budoshop.si\/?product=karabin-za-obesanje-boksarske-vrece"},"modified":"2023-10-11T15:36:36","modified_gmt":"2023-10-11T13:36:36","slug":"karabin-za-obesanje-boksarske-vrece","status":"publish","type":"product","link":"https:\/\/www.budoshop.si\/sl\/izdelek\/karabin-za-obesanje-boksarske-vrece\/","title":{"rendered":"Karabin za obe\u0161anje boksarske vre\u010de"},"content":{"rendered":"<div style=\"text-align: justify;\"><span style=\"color: #c00000; font-size: 15px;\">Ta karabin je namenjen la\u017ejemu obe\u0161anju in snemanju boksarskih vre\u010d iz obe\u0161alnika. Narejen je iz kvalitetnega pocinkanega jekla, velikosti cca. 8cm in premera na \u0161ir\u0161em delu 3 cm ter na o\u017ejem 1,5 cm. V skladu z DIN 5229C in nosilnostjo 230kg.<br \/>\nPoleg klasi\u010dnega karabinskega zaklepanja ima ta karabin tudi dodatno varnostno zaklepanje z navojem, ki poskrbi, da se karabin ne more nenamerno odpreti. <\/span><\/div>\n<div style=\"text-align: justify;\"><\/div>\n<div style=\"text-align: justify;\"><\/div>\n<div style=\"text-align: justify;\"><span style=\"color: #c00000; font-size: 15px;\">Mere: <\/span><\/div>\n<div style=\"text-align: justify;\"><span style=\"color: #c00000; font-size: 15px;\">Dol\u017eina cca. 8 cm<\/span><\/div>\n<div style=\"text-align: justify;\"><span style=\"color: #c00000; font-size: 15px;\">\u0160irina: cca. 1,5\/3 cm<br \/>\n<\/span><\/div>\n<div style=\"text-align: justify;\"><\/div>\n<div style=\"text-align: justify;\"><\/div>\n","protected":false},"excerpt":{"rendered":"<p><span style=\"color: #003366;\"><strong>Jekleni karabin z navojnim varnostnim zaklepanjem.<\/strong><\/span><\/p>\n","protected":false},"featured_media":75406,"comment_status":"open","ping_status":"closed","template":"","meta":[],"product_brand":[],"product_cat":[1043,869],"product_tag":[],"class_list":{"0":"post-75402","1":"product","2":"type-product","3":"status-publish","4":"has-post-thumbnail","6":"product_cat-boks-kickbox-tajski-boks-mma","7":"product_cat-dodatki-1","9":"first","10":"instock","11":"taxable","12":"shipping-taxable","13":"purchasable","14":"product-type-simple"},"_links":{"self":[{"href":"https:\/\/www.budoshop.si\/sl\/wp-json\/wp\/v2\/product\/75402","targetHints":{"allow":["GET"]}}],"collection":[{"href":"https:\/\/www.budoshop.si\/sl\/wp-json\/wp\/v2\/product"}],"about":[{"href":"https:\/\/www.budoshop.si\/sl\/wp-json\/wp\/v2\/types\/product"}],"replies":[{"embeddable":true,"href":"https:\/\/www.budoshop.si\/sl\/wp-json\/wp\/v2\/comments?post=75402"}],"wp:featuredmedia":[{"embeddable":true,"href":"https:\/\/www.budoshop.si\/sl\/wp-json\/wp\/v2\/media\/75406"}],"wp:attachment":[{"href":"https:\/\/www.budoshop.si\/sl\/wp-json\/wp\/v2\/media?parent=75402"}],"wp:term":[{"taxonomy":"product_brand","embeddable":true,"href":"https:\/\/www.budoshop.si\/sl\/wp-json\/wp\/v2\/product_brand?post=75402"},{"taxonomy":"product_cat","embeddable":true,"href":"https:\/\/www.budoshop.si\/sl\/wp-json\/wp\/v2\/product_cat?post=75402"},{"taxonomy":"product_tag","embeddable":true,"href":"https:\/\/www.budoshop.si\/sl\/wp-json\/wp\/v2\/product_tag?post=75402"}],"curies":[{"name":"wp","href":"https:\/\/api.w.org\/{rel}","templated":true}]}}