{"id":75367,"date":"2018-09-13T06:51:49","date_gmt":"2018-09-13T06:51:49","guid":{"rendered":"https:\/\/budoshop.si\/?product=otrosko-judo-gi-kimono-junior"},"modified":"2026-03-19T09:57:04","modified_gmt":"2026-03-19T08:57:04","slug":"otrosko-judo-gi-kimono-junior","status":"publish","type":"product","link":"https:\/\/www.budoshop.si\/sl\/izdelek\/otrosko-judo-gi-kimono-junior\/","title":{"rendered":"Otro\u0161ko Judo Gi (Kimono) &#8221;JUNIOR&#8221; &#8211; OUTLET!!!"},"content":{"rendered":"<div style=\"text-align: justify;\">\n<p><span style=\"color: #993300; font-size: 15px;\">Da bi to Judo Kimono kar najbolj ustrezalo potrebam in zahtevam vadbe otrok in mladostnikov, je bila oblikovanju in funkcionalnosti kroja namenjena posebna pozornost. To Judo Kimono je izdelano iz 100% bomba\u017enega canvas platna (ni zrnastega tkanja). Kimono ima oja\u010dane reverje, predel prsi in predel kolen in je tako pimerno tudi za praktikante Aikido-ja in tradicionalnega Ju Jutsu-ja. Preko ramen se nahaja atraktivno oblikovan trak z japonskima znakoma. Prilagojeno posebej za otroke in najstnike bo to Judo Kimono odli\u010dno ustrezalo vsem zahtevam in naporom, ki jih pri svoji vadbi potrebujejo mlaj\u0161i. Znamka KWON pa zagotavlja kakovost izdelave. To Judo Kimono ima odli\u010dno razmerje med ceno in kvaliteto!<\/span><\/p>\n<p><span style=\"font-size: 15px; color: #993300;\">V kompletu so hla\u010de z elasti\u010dnim pasom, jakna in bel pas. <\/span><\/p>\n<p><span style=\"font-size: 15px; color: #993300;\">Vi\u0161ina 90 cm.<\/span><\/p>\n<p><span style=\"font-size: 10px; color: #993300;\">Pozor! Kimono ni predprano in se lahko pri prvem pranju skr\u010di za cca. 3 %.<\/span><\/p>\n<\/div>\n","protected":false},"excerpt":{"rendered":"<p><span style=\"color: #002060;\"><strong>Cenovno ugodno a odli\u010dno Judo Kimono za otroke in najstnike.<\/strong><\/span><\/p>\n","protected":false},"featured_media":75371,"comment_status":"open","ping_status":"closed","template":"","meta":[],"product_brand":[5607],"product_cat":[681,1035,1027,919,1033,1031,983,1061,1077,933],"product_tag":[],"class_list":{"0":"post-75367","1":"product","2":"type-product","3":"status-publish","4":"has-post-thumbnail","6":"product_brand-danhro","7":"product_cat-aikido-kendo-oblacila","8":"product_cat-aikido-kendo-iai-kobudo-1","9":"product_cat-v-akciji-2","10":"product_cat-ju-jitsu-kimona","11":"product_cat-ju-jitsujiu-jitsu-1","12":"product_cat-judo-1","13":"product_cat-kwon-3","14":"product_cat-kwon-5","15":"product_cat-kwondanhro-1","16":"product_cat-odprodaja","17":"pa_velikost-100-cm-sl","18":"pa_velikost-110-cm-sl","19":"pa_velikost-120-cm-sl","20":"pa_velikost-130-cm-sl","21":"pa_velikost-140-cm-sl","22":"pa_velikost-90-cm-sl-2","24":"first","25":"instock","26":"sale","27":"taxable","28":"shipping-taxable","29":"purchasable","30":"product-type-simple"},"_links":{"self":[{"href":"https:\/\/www.budoshop.si\/sl\/wp-json\/wp\/v2\/product\/75367","targetHints":{"allow":["GET"]}}],"collection":[{"href":"https:\/\/www.budoshop.si\/sl\/wp-json\/wp\/v2\/product"}],"about":[{"href":"https:\/\/www.budoshop.si\/sl\/wp-json\/wp\/v2\/types\/product"}],"replies":[{"embeddable":true,"href":"https:\/\/www.budoshop.si\/sl\/wp-json\/wp\/v2\/comments?post=75367"}],"wp:featuredmedia":[{"embeddable":true,"href":"https:\/\/www.budoshop.si\/sl\/wp-json\/wp\/v2\/media\/75371"}],"wp:attachment":[{"href":"https:\/\/www.budoshop.si\/sl\/wp-json\/wp\/v2\/media?parent=75367"}],"wp:term":[{"taxonomy":"product_brand","embeddable":true,"href":"https:\/\/www.budoshop.si\/sl\/wp-json\/wp\/v2\/product_brand?post=75367"},{"taxonomy":"product_cat","embeddable":true,"href":"https:\/\/www.budoshop.si\/sl\/wp-json\/wp\/v2\/product_cat?post=75367"},{"taxonomy":"product_tag","embeddable":true,"href":"https:\/\/www.budoshop.si\/sl\/wp-json\/wp\/v2\/product_tag?post=75367"}],"curies":[{"name":"wp","href":"https:\/\/api.w.org\/{rel}","templated":true}]}}