{"id":75358,"date":"2018-09-13T06:51:49","date_gmt":"2018-09-13T06:51:49","guid":{"rendered":"https:\/\/budoshop.si\/?product=lesena-zapestnica-shaolin"},"modified":"2023-11-21T10:38:29","modified_gmt":"2023-11-21T09:38:29","slug":"lesena-zapestnica-shaolin","status":"publish","type":"product","link":"https:\/\/www.budoshop.si\/sl\/izdelek\/lesena-zapestnica-shaolin\/","title":{"rendered":"Lesena zapestnica &#8221;SHAOLIN&#8221;"},"content":{"rendered":"<div style=\"text-align: justify;\">\n<p><span style=\"color: #993300; font-size: 15px;\">Ta zapestnica sestavljena iz lesenih kroglic v katere so vgravirani posebni znaki, je originalna zapestnica kakr\u0161no nosijo Shaolin menihi in \u0161tudenti. Poznana kot &#8216;Budini biseri&#8217; ali molitvene kroglice, se ta zapestnica uporabljajo kot pripomo\u010dek za molitev in meditacijo, ter kod talisman za sre\u010do in blagoslov. Ta zapestnica je najpogostej\u0161i dodatek vseh Shaolin praktikantov. Vsaka lesena kroglica je gravirana in rahlo di\u0161e\u010da in kot taka predstavlja neskon\u010dni vozel.<\/span><\/p>\n<p><span style=\"font-size: 15px; color: #993300;\">Made in China.<\/span><\/p>\n<\/div>\n","protected":false},"excerpt":{"rendered":"<p><strong><span style=\"color: #002060;\">Originalna lesena Shaolinska zapestnica.<\/span><\/strong><\/p>\n","protected":false},"featured_media":75362,"comment_status":"open","ping_status":"closed","template":"","meta":[],"product_brand":[5596],"product_cat":[843,1033,1031,1029,1037,1039,1041],"product_tag":[],"class_list":{"0":"post-75358","1":"product","2":"type-product","3":"status-publish","4":"has-post-thumbnail","6":"product_brand-kwon","7":"product_cat-dodatki","8":"product_cat-ju-jitsujiu-jitsu-1","9":"product_cat-judo-1","10":"product_cat-karate-5","11":"product_cat-ninjutsu-3","12":"product_cat-taekwondo-3","13":"product_cat-tai-chi-kunf-fu-wu-shu-1","15":"first","16":"instock","17":"taxable","18":"shipping-taxable","19":"purchasable","20":"product-type-simple"},"_links":{"self":[{"href":"https:\/\/www.budoshop.si\/sl\/wp-json\/wp\/v2\/product\/75358","targetHints":{"allow":["GET"]}}],"collection":[{"href":"https:\/\/www.budoshop.si\/sl\/wp-json\/wp\/v2\/product"}],"about":[{"href":"https:\/\/www.budoshop.si\/sl\/wp-json\/wp\/v2\/types\/product"}],"replies":[{"embeddable":true,"href":"https:\/\/www.budoshop.si\/sl\/wp-json\/wp\/v2\/comments?post=75358"}],"wp:featuredmedia":[{"embeddable":true,"href":"https:\/\/www.budoshop.si\/sl\/wp-json\/wp\/v2\/media\/75362"}],"wp:attachment":[{"href":"https:\/\/www.budoshop.si\/sl\/wp-json\/wp\/v2\/media?parent=75358"}],"wp:term":[{"taxonomy":"product_brand","embeddable":true,"href":"https:\/\/www.budoshop.si\/sl\/wp-json\/wp\/v2\/product_brand?post=75358"},{"taxonomy":"product_cat","embeddable":true,"href":"https:\/\/www.budoshop.si\/sl\/wp-json\/wp\/v2\/product_cat?post=75358"},{"taxonomy":"product_tag","embeddable":true,"href":"https:\/\/www.budoshop.si\/sl\/wp-json\/wp\/v2\/product_tag?post=75358"}],"curies":[{"name":"wp","href":"https:\/\/api.w.org\/{rel}","templated":true}]}}