{"id":75275,"date":"2018-09-13T06:51:49","date_gmt":"2018-09-13T06:51:49","guid":{"rendered":"https:\/\/budoshop.si\/?product=otroska-boksarska-fokuser-rokavica-junior"},"modified":"2026-03-09T08:21:31","modified_gmt":"2026-03-09T07:21:31","slug":"otroska-boksarska-fokuser-rokavica-junior","status":"publish","type":"product","link":"https:\/\/www.budoshop.si\/sl\/izdelek\/otroska-boksarska-fokuser-rokavica-junior\/","title":{"rendered":"Otro\u0161ka boksarska fokuser rokavica &#8221;JUNIOR&#8221;"},"content":{"rendered":"<div style=\"text-align: justify;\">\n<p><span style=\"color: #993300; font-size: 15px;\">Ta lahka boksarska sparing blazina bo prinesla veselje v va\u0161o dnevno rutino treninga. Aktivne barve s sredinsko fokus piko za natan\u010dnost ter dvema ro\u010dajema zadaj za temeljit in zanesljiv oprijem. Zaradi mehkega in upogljivega podro\u010dja za udarjanje, so te blazine so \u0161e posebej primerne za za\u010detnike, otroke in najstnike pa tudi vse ostale, ki i\u0161\u010dejo dober fokuser za nizko ceno.<\/span><\/p>\n<p><span style=\"font-size: 15px; color: #993300;\">Barve: rumena, modra, rde\u010da, zelena, \u010drna<\/span><\/p>\n<p><span style=\"font-size: 15px; color: #993300;\">Premer: cca. 25 cm<\/span><br \/>\n<span style=\"font-size: 15px; color: #993300;\">Debelina: cca. 8 cm<\/span><\/p>\n<p><span style=\"font-size: 15px; color: #993300;\">Prodaja se posami\u010dno!<\/span><\/p>\n<\/div>\n","protected":false},"excerpt":{"rendered":"<p><span style=\"color: #002060;\"><strong>Lahka boksarska sparing blazina za vsakdanjo rabo.<\/strong><\/span><\/p>\n","protected":false},"featured_media":75278,"comment_status":"open","ping_status":"closed","template":"","meta":[],"product_brand":[5607],"product_cat":[1043,1111,1033,1029,983,1061,1039],"product_tag":[],"class_list":{"0":"post-75275","1":"product","2":"type-product","3":"status-publish","4":"has-post-thumbnail","6":"product_brand-danhro","7":"product_cat-boks-kickbox-tajski-boks-mma","8":"product_cat-fokuser-rokavice","9":"product_cat-ju-jitsujiu-jitsu-1","10":"product_cat-karate-5","11":"product_cat-kwon-3","12":"product_cat-kwon-5","13":"product_cat-taekwondo-3","14":"pa_barva-crne-barve-sl-2","15":"pa_barva-modre-barve-sl","16":"pa_barva-rdeca-barva-sl-2","17":"pa_barva-rumene-barve-sl","18":"pa_barva-zelene-barve-sl","20":"first","21":"instock","22":"taxable","23":"shipping-taxable","24":"purchasable","25":"product-type-variable"},"_links":{"self":[{"href":"https:\/\/www.budoshop.si\/sl\/wp-json\/wp\/v2\/product\/75275","targetHints":{"allow":["GET"]}}],"collection":[{"href":"https:\/\/www.budoshop.si\/sl\/wp-json\/wp\/v2\/product"}],"about":[{"href":"https:\/\/www.budoshop.si\/sl\/wp-json\/wp\/v2\/types\/product"}],"replies":[{"embeddable":true,"href":"https:\/\/www.budoshop.si\/sl\/wp-json\/wp\/v2\/comments?post=75275"}],"wp:featuredmedia":[{"embeddable":true,"href":"https:\/\/www.budoshop.si\/sl\/wp-json\/wp\/v2\/media\/75278"}],"wp:attachment":[{"href":"https:\/\/www.budoshop.si\/sl\/wp-json\/wp\/v2\/media?parent=75275"}],"wp:term":[{"taxonomy":"product_brand","embeddable":true,"href":"https:\/\/www.budoshop.si\/sl\/wp-json\/wp\/v2\/product_brand?post=75275"},{"taxonomy":"product_cat","embeddable":true,"href":"https:\/\/www.budoshop.si\/sl\/wp-json\/wp\/v2\/product_cat?post=75275"},{"taxonomy":"product_tag","embeddable":true,"href":"https:\/\/www.budoshop.si\/sl\/wp-json\/wp\/v2\/product_tag?post=75275"}],"curies":[{"name":"wp","href":"https:\/\/api.w.org\/{rel}","templated":true}]}}