{"id":75155,"date":"2018-09-13T06:51:49","date_gmt":"2018-09-13T04:51:49","guid":{"rendered":"https:\/\/budoshop.si\/?product=moc-duha-mijamoto-musasi"},"modified":"2024-02-13T12:46:17","modified_gmt":"2024-02-13T11:46:17","slug":"moc-duha-mijamoto-musasi","status":"publish","type":"product","link":"https:\/\/www.budoshop.si\/sl\/izdelek\/moc-duha-mijamoto-musasi\/","title":{"rendered":"Mo\u010d duha Mijamoto Musa\u0161i"},"content":{"rendered":"<div style=\"text-align: justify;\">\n<p><span style=\"font-size: 15px; color: #993300;\">Ta \u017eivljenjepis Mijamota Musa\u0161ija je najbolj priljubljen japonski zgodovinski roman vseh \u010dasov. Tretja knjiga (od \u0161estih) opisuje, kako je mladi Musa\u0161i, najve\u010dji bojevnik vseh \u010dasov, po treh zmagovitih dvobojih z vodilno kjotsko \u0161olo me\u010devanja Jo\u0161ioka \u2013 v tretjem dvoboju se je sam spoprijel z ve\u010d kot sedemdesetimi samuraji \u2013 postal ljubljenec ljudskih mno\u017eic in pri tem nezavedno odkril svoj slog me\u010devanja z dvema me\u010dema.<\/span><\/p>\n<p><span style=\"font-size: 15px; color: #993300;\">391 strani<\/span><\/p>\n<\/div>\n","protected":false},"excerpt":{"rendered":"<p><span style=\"color: #002060;\"><strong>Avtor: Eiji YOSHIKAWA<\/strong><\/span><\/p>\n","protected":false},"featured_media":75157,"comment_status":"open","ping_status":"closed","template":"","meta":[],"product_brand":[],"product_cat":[1035,1043,1033,1031,1029,777,1037,1039,1041],"product_tag":[],"class_list":{"0":"post-75155","1":"product","2":"type-product","3":"status-publish","4":"has-post-thumbnail","6":"product_cat-aikido-kendo-iai-kobudo-1","7":"product_cat-boks-kickbox-tajski-boks-mma","8":"product_cat-ju-jitsujiu-jitsu-1","9":"product_cat-judo-1","10":"product_cat-karate-5","11":"product_cat-knjige-v-slovenscini","12":"product_cat-ninjutsu-3","13":"product_cat-taekwondo-3","14":"product_cat-tai-chi-kunf-fu-wu-shu-1","16":"first","17":"outofstock","18":"taxable","19":"shipping-taxable","20":"purchasable","21":"product-type-simple"},"_links":{"self":[{"href":"https:\/\/www.budoshop.si\/sl\/wp-json\/wp\/v2\/product\/75155","targetHints":{"allow":["GET"]}}],"collection":[{"href":"https:\/\/www.budoshop.si\/sl\/wp-json\/wp\/v2\/product"}],"about":[{"href":"https:\/\/www.budoshop.si\/sl\/wp-json\/wp\/v2\/types\/product"}],"replies":[{"embeddable":true,"href":"https:\/\/www.budoshop.si\/sl\/wp-json\/wp\/v2\/comments?post=75155"}],"wp:featuredmedia":[{"embeddable":true,"href":"https:\/\/www.budoshop.si\/sl\/wp-json\/wp\/v2\/media\/75157"}],"wp:attachment":[{"href":"https:\/\/www.budoshop.si\/sl\/wp-json\/wp\/v2\/media?parent=75155"}],"wp:term":[{"taxonomy":"product_brand","embeddable":true,"href":"https:\/\/www.budoshop.si\/sl\/wp-json\/wp\/v2\/product_brand?post=75155"},{"taxonomy":"product_cat","embeddable":true,"href":"https:\/\/www.budoshop.si\/sl\/wp-json\/wp\/v2\/product_cat?post=75155"},{"taxonomy":"product_tag","embeddable":true,"href":"https:\/\/www.budoshop.si\/sl\/wp-json\/wp\/v2\/product_tag?post=75155"}],"curies":[{"name":"wp","href":"https:\/\/api.w.org\/{rel}","templated":true}]}}