{"id":75151,"date":"2018-09-13T06:51:49","date_gmt":"2018-09-13T04:51:49","guid":{"rendered":"https:\/\/budoshop.si\/?product=usnjena-boksarska-fokuser-rokavica-master-par-v-akciji"},"modified":"2023-10-03T14:55:40","modified_gmt":"2023-10-03T12:55:40","slug":"usnjena-boksarska-fokuser-rokavica-master-par-v-akciji","status":"publish","type":"product","link":"https:\/\/www.budoshop.si\/sl\/izdelek\/usnjena-boksarska-fokuser-rokavica-master-par-v-akciji\/","title":{"rendered":"Usnjena boksarska fokuser rokavica &#8221;MASTER&#8221;  (par) &#8211; V AKCIJI!!!"},"content":{"rendered":"<div style=\"text-align: justify;\">\n<p><span style=\"color: #993300; font-size: 15px;\">Ta usnjen Vandalov trenerski boksarski fokuser v obliki boksarske rokavice je predvsem namenjen treningu hitrih udarcev z roko, ki se zahtevajo pri boksu in podobnih \u0161portih. Narejen je v obliki rokavice z oblazinjenim in oja\u010danim notranjim delom dlani, kjer se nahaja tudi bela fokus to\u010dka. Fokuser je izdelan iz trpe\u017enega pravega usnja in na na\u010din, ki zagotavlja udobno lego na roki ter dobro dr\u017eanje. Zapenja se s trakom na je\u017eka, ki omogo\u010da hitro natikanje in snemanje iz roke. Kvaliteta izdelave, \u010dvrsto oblazinjenje in trpe\u017eni materiali zagotavljajo dolgo \u017eivljenjsko dobo ter visoko kvaliteten trening.<\/span><\/p>\n<p><span style=\"font-size: 15px; color: #993300;\">Dimenzije: cca. 28,5 x 15,0 x 5 cm.<\/span><\/p>\n<p><span style=\"font-size: 15px; color: #993300;\">Prodaja se v paru!<\/span><\/p>\n<\/div>\n","protected":false},"excerpt":{"rendered":"<p><span style=\"color: #002060;\"><strong>Usnjen trenerski boksarski fokuser v obliki boks rokavice (par).<\/strong><\/span><\/p>\n","protected":false},"featured_media":75153,"comment_status":"open","ping_status":"closed","template":"","meta":[],"product_brand":[],"product_cat":[1027,1043,1033,1029,1039,927,1111,953,1053],"product_tag":[],"class_list":{"0":"post-75151","1":"product","2":"type-product","3":"status-publish","4":"has-post-thumbnail","6":"product_cat-v-akciji-2","7":"product_cat-boks-kickbox-tajski-boks-mma","8":"product_cat-ju-jitsujiu-jitsu-1","9":"product_cat-karate-5","10":"product_cat-taekwondo-3","11":"product_cat-v-akciji","12":"product_cat-fokuser-rokavice","13":"product_cat-vandal-1","14":"product_cat-vandal-3","16":"first","17":"instock","18":"sale","19":"taxable","20":"shipping-taxable","21":"purchasable","22":"product-type-simple"},"_links":{"self":[{"href":"https:\/\/www.budoshop.si\/sl\/wp-json\/wp\/v2\/product\/75151","targetHints":{"allow":["GET"]}}],"collection":[{"href":"https:\/\/www.budoshop.si\/sl\/wp-json\/wp\/v2\/product"}],"about":[{"href":"https:\/\/www.budoshop.si\/sl\/wp-json\/wp\/v2\/types\/product"}],"replies":[{"embeddable":true,"href":"https:\/\/www.budoshop.si\/sl\/wp-json\/wp\/v2\/comments?post=75151"}],"wp:featuredmedia":[{"embeddable":true,"href":"https:\/\/www.budoshop.si\/sl\/wp-json\/wp\/v2\/media\/75153"}],"wp:attachment":[{"href":"https:\/\/www.budoshop.si\/sl\/wp-json\/wp\/v2\/media?parent=75151"}],"wp:term":[{"taxonomy":"product_brand","embeddable":true,"href":"https:\/\/www.budoshop.si\/sl\/wp-json\/wp\/v2\/product_brand?post=75151"},{"taxonomy":"product_cat","embeddable":true,"href":"https:\/\/www.budoshop.si\/sl\/wp-json\/wp\/v2\/product_cat?post=75151"},{"taxonomy":"product_tag","embeddable":true,"href":"https:\/\/www.budoshop.si\/sl\/wp-json\/wp\/v2\/product_tag?post=75151"}],"curies":[{"name":"wp","href":"https:\/\/api.w.org\/{rel}","templated":true}]}}