{"id":75065,"date":"2018-09-13T06:51:49","date_gmt":"2018-09-13T04:51:49","guid":{"rendered":"https:\/\/budoshop.si\/?product=samostojeca-makiwara-karate-do"},"modified":"2023-10-03T12:18:40","modified_gmt":"2023-10-03T10:18:40","slug":"samostojeca-makiwara-karate-do","status":"publish","type":"product","link":"https:\/\/www.budoshop.si\/sl\/izdelek\/samostojeca-makiwara-karate-do\/","title":{"rendered":"Samostoje\u010da Makiwara &#8221;KARATE-DO&#8221;"},"content":{"rendered":"<div style=\"text-align: justify;\">\n<p><span style=\"color: #993300; font-size: 15px;\">Celoten set za postavitev samostoje\u010de Makiware priznane Karate znamke Kamikaze.<br \/>\nSet vklju\u010duje kovinski podstavek za talno monta\u017eo, osrednji leseni del iz kvalitetnega borovega lesa, in oblo\u017eeno udarno povr\u0161ino z vodoodporno usnjeno prevleko in vse vijake, ki se jih potrebuje za pritrditev.<br \/>\nZaradi kvalitete izdelave in obstojnosti je ta Makiwara primerna za vse vrste udarcev z roko in\/ali nogo.<\/span><\/p>\n<p><span style=\"font-size: 15px; color: #993300;\">Mere:<\/span><br \/>\n<span style=\"font-size: 15px; color: #993300;\">Skupna vi\u0161ina: cca. 130cm<\/span><br \/>\n<span style=\"font-size: 15px; color: #993300;\">Udarna povr\u0161ina: cca. 22cm x 11cm<\/span><\/p>\n<\/div>\n<div style=\"text-align: justify;\"><span style=\"color: #993300; font-size: 15px;\">\u00a0<\/span><\/div>\n<div style=\"text-align: justify;\"><span style=\"color: #c00000;\"><span style=\"font-size: 15px; color: #993300;\">Artikel se dobavlja po naro\u010dilu.<\/span><br \/>\n<\/span><\/div>\n","protected":false},"excerpt":{"rendered":"<p><span style=\"color: #002060;\"><strong><span style=\"color: #003366;\">Samostoje\u010da tradicionalna Karate Makiwara.<\/span><br \/>\n<\/strong><\/span><\/p>\n","protected":false},"featured_media":75067,"comment_status":"open","ping_status":"closed","template":"","meta":[],"product_brand":[],"product_cat":[1033,1029,1037,1039,1041,749,947,1045],"product_tag":[],"class_list":{"0":"post-75065","1":"product","2":"type-product","3":"status-publish","4":"has-post-thumbnail","6":"product_cat-ju-jitsujiu-jitsu-1","7":"product_cat-karate-5","8":"product_cat-ninjutsu-3","9":"product_cat-taekwondo-3","10":"product_cat-tai-chi-kunf-fu-wu-shu-1","11":"product_cat-makiware-1","12":"product_cat-kamikaze-3","13":"product_cat-kamikaze-5","15":"first","16":"onbackorder","17":"taxable","18":"shipping-taxable","19":"purchasable","20":"product-type-simple"},"_links":{"self":[{"href":"https:\/\/www.budoshop.si\/sl\/wp-json\/wp\/v2\/product\/75065","targetHints":{"allow":["GET"]}}],"collection":[{"href":"https:\/\/www.budoshop.si\/sl\/wp-json\/wp\/v2\/product"}],"about":[{"href":"https:\/\/www.budoshop.si\/sl\/wp-json\/wp\/v2\/types\/product"}],"replies":[{"embeddable":true,"href":"https:\/\/www.budoshop.si\/sl\/wp-json\/wp\/v2\/comments?post=75065"}],"wp:featuredmedia":[{"embeddable":true,"href":"https:\/\/www.budoshop.si\/sl\/wp-json\/wp\/v2\/media\/75067"}],"wp:attachment":[{"href":"https:\/\/www.budoshop.si\/sl\/wp-json\/wp\/v2\/media?parent=75065"}],"wp:term":[{"taxonomy":"product_brand","embeddable":true,"href":"https:\/\/www.budoshop.si\/sl\/wp-json\/wp\/v2\/product_brand?post=75065"},{"taxonomy":"product_cat","embeddable":true,"href":"https:\/\/www.budoshop.si\/sl\/wp-json\/wp\/v2\/product_cat?post=75065"},{"taxonomy":"product_tag","embeddable":true,"href":"https:\/\/www.budoshop.si\/sl\/wp-json\/wp\/v2\/product_tag?post=75065"}],"curies":[{"name":"wp","href":"https:\/\/api.w.org\/{rel}","templated":true}]}}