{"id":75027,"date":"2018-09-13T06:51:49","date_gmt":"2018-09-13T06:51:49","guid":{"rendered":"https:\/\/budoshop.si\/?product=katana-fukushima"},"modified":"2025-11-06T09:36:15","modified_gmt":"2025-11-06T08:36:15","slug":"katana-fukushima","status":"publish","type":"product","link":"https:\/\/www.budoshop.si\/sl\/izdelek\/katana-fukushima\/","title":{"rendered":"Katana &#8221;FUKUSHIMA&#8221;"},"content":{"rendered":"<div style=\"text-align: justify;\">\n<p><span style=\"color: #993300; font-size: 15px;\">To je profesionalni Katana me\u010d namenjen tistim, ki od svojega me\u010da \u017eelijo najve\u010d. Me\u010d je izdelan iz 1060 high carbon jekla, kovan, s pravim Hamon-om. Profesionalni Katana in Iaito z dobro uravnove\u0161enim rezilom in vrhunskimi zaklju\u010dki kot so Seppa, Habaki in Shitodome iz brona, usnjena Tsukagawa ter ro\u010dno narejena Fuchi in Kashira. Tsuki-Sageo in Tsuka-ito sta iz modrega bomba\u017ea in trdno vezana. Rezilo polzi v no\u017enico in iz nje gladko, brez zapenjanja, Habaki pa se trdno prilega Koiguchi-ju. Me\u010d odlikuje \u0161e zanimiva Tsuba, dodatki na ro\u010daju ter zanimiva barva Sageo in Tsuka-ito vrvic. To je zagotovo en od najbolj\u0161ih me\u010dev, ki jih je mo\u010d dobiti za ta denar.<\/span><\/p>\n<p><span style=\"font-size: 15px; color: #993300;\">Nenabru\u0161en ali nabru\u0161en (zahteva nekaj dni za dobavo).<\/span><\/p>\n<p><span style=\"font-size: 15px; color: #993300;\">Detajli:<\/span><br \/>\n<span style=\"font-size: 15px; color: #993300;\">Rezilo: 1060 High Carbon Steel<\/span><br \/>\n<span style=\"font-size: 15px; color: #993300;\">NAGASA: 70,5 cm, 72,5 cm s Habaki-jem<\/span><br \/>\n<span style=\"font-size: 15px; color: #993300;\">HAMON: Notare<\/span><br \/>\n<span style=\"font-size: 15px; color: #993300;\">SORI: 2,00 cm <\/span><br \/>\n<span style=\"font-size: 15px; color: #993300;\">TSUKA: 27 cm <\/span><br \/>\n<span style=\"font-size: 15px; color: #993300;\">TSUKA ITO: moder bomba\u017e<\/span><br \/>\n<span style=\"font-size: 15px; color: #993300;\">SAME: pravo ribje usnje<\/span><br \/>\n<span style=\"font-size: 15px; color: #993300;\">TSUBA: Shin no Marugata<\/span><br \/>\n<span style=\"font-size: 15px; color: #993300;\">BOHI: DA, enojni<\/span><br \/>\n<span style=\"font-size: 15px; color: #993300;\">SAYA: 76 cm \u010drno lakiran Kuroro les<\/span><br \/>\n<span style=\"font-size: 15px; color: #993300;\">SAGEO: NE<\/span><br \/>\n<span style=\"font-size: 15px; color: #993300;\">MEKUGI: bambusov 2X <\/span><br \/>\n<span style=\"font-size: 15px; color: #993300;\">Te\u017ea: cca. 1.300 g (s Sayo, 1.150 g (brez Saye)<\/span><br \/>\n<span style=\"font-size: 15px; color: #993300;\"><strong><br \/>\n<\/strong>Darilo: svilena prenosna torba<\/span><\/p>\n<p><span style=\"font-size: 15px; color: #993300;\">Ta me\u010d ni serijske proizvodnje!<\/span><\/p>\n<p><span style=\"font-size: 15px; color: #993300;\">Opozorilo! Ta me\u010d se prodaja samo starej\u0161im od 18 let.<\/span><\/p>\n<\/div>\n<div style=\"text-align: justify;\"><\/div>\n<div style=\"text-align: justify;\"><span style=\"color: #993300; font-size: 15px;\">\u00a0<\/span><\/div>\n<div style=\"text-align: justify;\"><span style=\"color: #993300; font-size: 11px;\">Opozorilo!<br \/>\n\u25ba Artikel je namenjen samo dekorativni uporabi oziroma osebnemu treningu borilnih ve\u0161\u010din.<br \/>\n\u25ba Po prodaji, prodajalec ni ve\u010d odgovoren za nikakr\u0161ne po\u0161kodbe, ki se lahko zgodijo zaradi napa\u010dne uporabe ali zanemarjanja teh opozoril. Novi lastnik prevzema popolno odgovornost za skrb in uporabo tega artikla.<br \/>\n\u25ba Vsakr\u0161na napa\u010dna uporaba ali nepazljivost lahko vam ali drugemu povzro\u010di resne po\u0161kodbe ali celo smrt!<br \/>\n\u25ba Ta artikel se v nobenem primeru ne sme uporabljati na drugi osebi!<\/span><\/div>\n","protected":false},"excerpt":{"rendered":"<p><span style=\"color: #002060;\"><strong>Vrhunski kovan Katana me\u010d.<\/strong><\/span><\/p>\n","protected":false},"featured_media":75029,"comment_status":"open","ping_status":"closed","template":"","meta":[],"product_brand":[5600],"product_cat":[1035,5383,1037,5384,1055,977],"product_tag":[],"class_list":{"0":"post-75027","1":"product","2":"type-product","3":"status-publish","4":"has-post-thumbnail","6":"product_brand-yari-no-hanzo","7":"product_cat-aikido-kendo-iai-kobudo-1","8":"product_cat-iaito-trening-katana-meci","9":"product_cat-ninjutsu-3","10":"product_cat-shinken-trening-katana-meci","11":"product_cat-yari-no-hanzo-3","12":"product_cat-yari-no-hanzo-1","13":"pa_model-nabrusen-sl","14":"pa_model-nenabrusen-sl","16":"first","17":"instock","18":"taxable","19":"shipping-taxable","20":"purchasable","21":"product-type-variable"},"_links":{"self":[{"href":"https:\/\/www.budoshop.si\/sl\/wp-json\/wp\/v2\/product\/75027","targetHints":{"allow":["GET"]}}],"collection":[{"href":"https:\/\/www.budoshop.si\/sl\/wp-json\/wp\/v2\/product"}],"about":[{"href":"https:\/\/www.budoshop.si\/sl\/wp-json\/wp\/v2\/types\/product"}],"replies":[{"embeddable":true,"href":"https:\/\/www.budoshop.si\/sl\/wp-json\/wp\/v2\/comments?post=75027"}],"wp:featuredmedia":[{"embeddable":true,"href":"https:\/\/www.budoshop.si\/sl\/wp-json\/wp\/v2\/media\/75029"}],"wp:attachment":[{"href":"https:\/\/www.budoshop.si\/sl\/wp-json\/wp\/v2\/media?parent=75027"}],"wp:term":[{"taxonomy":"product_brand","embeddable":true,"href":"https:\/\/www.budoshop.si\/sl\/wp-json\/wp\/v2\/product_brand?post=75027"},{"taxonomy":"product_cat","embeddable":true,"href":"https:\/\/www.budoshop.si\/sl\/wp-json\/wp\/v2\/product_cat?post=75027"},{"taxonomy":"product_tag","embeddable":true,"href":"https:\/\/www.budoshop.si\/sl\/wp-json\/wp\/v2\/product_tag?post=75027"}],"curies":[{"name":"wp","href":"https:\/\/api.w.org\/{rel}","templated":true}]}}