{"id":75021,"date":"2018-09-13T06:51:49","date_gmt":"2018-09-13T06:51:49","guid":{"rendered":"https:\/\/budoshop.si\/?product=brisaca-karate"},"modified":"2026-01-20T09:45:01","modified_gmt":"2026-01-20T08:45:01","slug":"brisaca-karate","status":"publish","type":"product","link":"https:\/\/www.budoshop.si\/sl\/izdelek\/brisaca-karate\/","title":{"rendered":"Brisa\u010da &#8221;KARATE&#8221;"},"content":{"rendered":"<div style=\"text-align: justify;\">\n<p><span style=\"color: #993300; font-size: 15px;\">Si \u017eelite biti nekaj posebnega v svojem klubu ali na kopali\u0161\u010du? Potem izberito atraktivno Karate brisa\u010do rde\u010de barve z belim KARATE-DO napisom v japonski pisavi.<br \/>\nBrisa\u010da je mehka in udobna, izdelana iz visoko kvalitetnega 100% bomba\u017ea.<\/span><\/p>\n<p><span style=\"font-size: 15px; color: #993300;\">Odli\u010dno darilo!<\/span><\/p>\n<p><span style=\"font-size: 15px; color: #993300;\">Mere: cca. 140 x 70 cm<\/span><\/p>\n<\/div>\n","protected":false},"excerpt":{"rendered":"<p><span style=\"color: #002060;\"><strong>Atraktivna kopalna brisa\u010da z KARATE-DO Kanji pismenkami.<\/strong><\/span><\/p>\n","protected":false},"featured_media":75023,"comment_status":"open","ping_status":"closed","template":"","meta":[],"product_brand":[5612],"product_cat":[1029,841,947,1045],"product_tag":[],"class_list":{"0":"post-75021","1":"product","2":"type-product","3":"status-publish","4":"has-post-thumbnail","6":"product_brand-kamikaze","7":"product_cat-karate-5","8":"product_cat-ostalo-4","9":"product_cat-kamikaze-3","10":"product_cat-kamikaze-5","12":"first","13":"instock","14":"taxable","15":"shipping-taxable","16":"purchasable","17":"product-type-simple"},"_links":{"self":[{"href":"https:\/\/www.budoshop.si\/sl\/wp-json\/wp\/v2\/product\/75021","targetHints":{"allow":["GET"]}}],"collection":[{"href":"https:\/\/www.budoshop.si\/sl\/wp-json\/wp\/v2\/product"}],"about":[{"href":"https:\/\/www.budoshop.si\/sl\/wp-json\/wp\/v2\/types\/product"}],"replies":[{"embeddable":true,"href":"https:\/\/www.budoshop.si\/sl\/wp-json\/wp\/v2\/comments?post=75021"}],"wp:featuredmedia":[{"embeddable":true,"href":"https:\/\/www.budoshop.si\/sl\/wp-json\/wp\/v2\/media\/75023"}],"wp:attachment":[{"href":"https:\/\/www.budoshop.si\/sl\/wp-json\/wp\/v2\/media?parent=75021"}],"wp:term":[{"taxonomy":"product_brand","embeddable":true,"href":"https:\/\/www.budoshop.si\/sl\/wp-json\/wp\/v2\/product_brand?post=75021"},{"taxonomy":"product_cat","embeddable":true,"href":"https:\/\/www.budoshop.si\/sl\/wp-json\/wp\/v2\/product_cat?post=75021"},{"taxonomy":"product_tag","embeddable":true,"href":"https:\/\/www.budoshop.si\/sl\/wp-json\/wp\/v2\/product_tag?post=75021"}],"curies":[{"name":"wp","href":"https:\/\/api.w.org\/{rel}","templated":true}]}}