{"id":74987,"date":"2018-09-13T06:51:49","date_gmt":"2018-09-13T06:51:49","guid":{"rendered":"https:\/\/budoshop.si\/?product=samostojeca-boksarska-hitra-zoga-hruska-profi"},"modified":"2026-01-10T11:44:19","modified_gmt":"2026-01-10T10:44:19","slug":"samostojeca-boksarska-hitra-zoga-hruska-profi","status":"publish","type":"product","link":"https:\/\/www.budoshop.si\/sl\/izdelek\/samostojeca-boksarska-hitra-zoga-hruska-profi\/","title":{"rendered":"Samostoje\u010da boksarska hitra \u017eoga-hru\u0161ka &#8221;PROFI&#8221;"},"content":{"rendered":"<div style=\"text-align: justify;\">\n<p><span style=\"color: #c00000; font-size: 15px;\">Ta profesionalna izredno fleksibilna samostoje\u010da boksarska hitra \u017eoga-hru\u0161ka za udarjanje je namenjena tistim, ki zase in svoj trening \u017eelijo le najbolj\u0161o opremo. Hru\u0161ka je narejena iz posebne mase in je ni potrebno napihovati tako kot podobne modele na tr\u017ei\u0161\u010du. Velikost hru\u0161ke je cca. 26 x 20 cm. Podstavek je narejen iz trde plastike in se ga za mo\u010dno stabilnost napolni s 30 kg peska ali vode. Mo\u010dna gred z vzmetjo omogo\u010da prilagoditev udarne povr\u0161ine na \u017eeleno vi\u0161ino (med 135 in 175 cm).<\/span><\/p>\n<div style=\"text-align: left;\"><span style=\"color: #c00000; font-size: 15px;\">Zna\u010dilnosti:<\/span><br \/>\n<span style=\"color: #c00000; font-size: 15px;\">1) Primerno za vadbo borilnih ve\u010din ali aerobiko<\/span><br \/>\n<span style=\"color: #c00000; font-size: 15px;\">2) Izbolj\u0161uje usklajevanja rok in o\u010di <\/span><br \/>\n<span style=\"color: #c00000; font-size: 15px;\">3) Razvija refleksno mi\u0161i\u010dno hitrost<\/span><br \/>\n<span style=\"color: #c00000; font-size: 15px;\">4) Lahek za enostavno premi\u010dnost<\/span><br \/>\n<span style=\"color: #c00000; font-size: 15px;\">5) Prilagodljiv vsakemu posamezniku<\/span><br \/>\n<span style=\"color: #c00000; font-size: 15px;\">6) Posebna masa iz katere je narejena hru\u0161ka nudi vadbo z golimi pestmi ali z rokavicami<\/span><\/div>\n<\/div>\n","protected":false},"excerpt":{"rendered":"<p><span style=\"color: #002060;\"><strong>Profesionalna samostoje\u010da boksarska hitra \u017eoga-hru\u0161ka.<\/strong><\/span><\/p>\n","protected":false},"featured_media":110279,"comment_status":"open","ping_status":"closed","template":"","meta":[],"product_brand":[],"product_cat":[1043,1033,1029,1039,1041,751,1083,1075],"product_tag":[],"class_list":{"0":"post-74987","1":"product","2":"type-product","3":"status-publish","4":"has-post-thumbnail","6":"product_cat-boks-kickbox-tajski-boks-mma","7":"product_cat-ju-jitsujiu-jitsu-1","8":"product_cat-karate-5","9":"product_cat-taekwondo-3","10":"product_cat-tai-chi-kunf-fu-wu-shu-1","11":"product_cat-punching-ball-1","12":"product_cat-pride-3","13":"product_cat-pride-1","15":"first","16":"instock","17":"taxable","18":"shipping-taxable","19":"purchasable","20":"product-type-simple"},"_links":{"self":[{"href":"https:\/\/www.budoshop.si\/sl\/wp-json\/wp\/v2\/product\/74987","targetHints":{"allow":["GET"]}}],"collection":[{"href":"https:\/\/www.budoshop.si\/sl\/wp-json\/wp\/v2\/product"}],"about":[{"href":"https:\/\/www.budoshop.si\/sl\/wp-json\/wp\/v2\/types\/product"}],"replies":[{"embeddable":true,"href":"https:\/\/www.budoshop.si\/sl\/wp-json\/wp\/v2\/comments?post=74987"}],"wp:featuredmedia":[{"embeddable":true,"href":"https:\/\/www.budoshop.si\/sl\/wp-json\/wp\/v2\/media\/110279"}],"wp:attachment":[{"href":"https:\/\/www.budoshop.si\/sl\/wp-json\/wp\/v2\/media?parent=74987"}],"wp:term":[{"taxonomy":"product_brand","embeddable":true,"href":"https:\/\/www.budoshop.si\/sl\/wp-json\/wp\/v2\/product_brand?post=74987"},{"taxonomy":"product_cat","embeddable":true,"href":"https:\/\/www.budoshop.si\/sl\/wp-json\/wp\/v2\/product_cat?post=74987"},{"taxonomy":"product_tag","embeddable":true,"href":"https:\/\/www.budoshop.si\/sl\/wp-json\/wp\/v2\/product_tag?post=74987"}],"curies":[{"name":"wp","href":"https:\/\/api.w.org\/{rel}","templated":true}]}}