{"id":74953,"date":"2018-09-13T06:51:49","date_gmt":"2018-09-13T06:51:49","guid":{"rendered":"https:\/\/budoshop.si\/?product=tatami-blazine-basic-v-akciji"},"modified":"2026-03-20T09:22:20","modified_gmt":"2026-03-20T08:22:20","slug":"tatami-blazine-basic-v-akciji","status":"publish","type":"product","link":"https:\/\/www.budoshop.si\/sl\/izdelek\/tatami-blazine-basic-v-akciji\/","title":{"rendered":"Tatami blazine &#8221;BASIC&#8221; 2cm"},"content":{"rendered":"<div style=\"text-align: justify;\">\n<p><span style=\"font-size: 15px; color: #993300;\"><span id=\"dnn_ctr448_ProductPage_lblItemHtmlHolder\">Klasi\u010dne sestavljive Tatami blazine namenjene KARATE, TAEKWONDO, AIKIDO, MMA, KICKBOXING ali drugim borbenim in trening povr\u0161inam ter drugim namenom oblazinjenjatla. Uporabljajo se tudi kot podloge za ringe, \u0161portne dvorane in igralne sobe v \u0161olah in vrtcih, na\u0161e stranke pa jih pogosto kupujejo za opremljanje otro\u0161kih sob ali lastnih prostorov namenjenih vadbi, saj se njihova povr\u0161ina lahko \u010disti in zato ni potrebno, da jih dodatno pregrinjamo. Njihova prednost je lahkotnost in cenovna ugodnost.<br \/>\nBlazine so iz narejene iz kvalitetnega polietilena (posebna reciklirana pena), ki se ne zbija in zagotavlja konstantno enakomernost in trdnost po celotni blazini, kar zagotavlja obstojnost in trajnost. Nedrse\u010da povr\u0161ina.<br \/>\nBlazine se sestavljajo na PUZZLE sistem, ki zagotavlja, da blazine ne lezejo narazen in se ne razdirajo. Njihove dimenzije naredijo ta Tatami zelo prakti\u010den in lahko prenosljiv.<br \/>\nVsaka blazina vklju\u010duje tudi 2 zaklju\u010dka s katerimi se lepo oblikujejo robovi. Blazine imajo tudi certifikat o ustreznosti in so primerne za tekmovanja.<\/span><\/span><\/p>\n<p><span style=\"font-size: 15px; color: #993300;\">Barva: ena stran rde\u010da, druga modra.<\/span><\/p>\n<p><span style=\"font-size: 15px; color: #993300;\">Dimenzije: 100 cm x 100 cm x 2 cm<\/span><\/p>\n<p><span style=\"font-size: 15px; color: #993300;\">Te\u017ea: cca. 2,5 kg<\/span><br \/>\n<span style=\"color: #993300; font-size: 15px;\"><br \/>\n<\/span><\/p>\n<\/div>\n<div style=\"text-align: justify;\"><\/div>\n<div style=\"text-align: justify;\"><span style=\"color: #993300; font-size: 15px;\">Opomba! Dostava se zara\u010dunava posebej, po ceniku dostavne slu\u017ebe!<\/span><\/div>\n","protected":false},"excerpt":{"rendered":"<p><span style=\"color: #002060;\"><strong>Dvobarvne Tatami blazine za sestavljanje 100 x 100 x 2 cm.<\/strong><\/span><\/p>\n","protected":false},"featured_media":121475,"comment_status":"open","ping_status":"closed","template":"","meta":[],"product_brand":[5620],"product_cat":[1035,927,1043,1033,1031,1029,1037,1075,1083,1039,1041,743],"product_tag":[],"class_list":{"0":"post-74953","1":"product","2":"type-product","3":"status-publish","4":"has-post-thumbnail","6":"product_brand-pride","7":"product_cat-aikido-kendo-iai-kobudo-1","8":"product_cat-v-akciji","9":"product_cat-boks-kickbox-tajski-boks-mma","10":"product_cat-ju-jitsujiu-jitsu-1","11":"product_cat-judo-1","12":"product_cat-karate-5","13":"product_cat-ninjutsu-3","14":"product_cat-pride-1","15":"product_cat-pride-3","16":"product_cat-taekwondo-3","17":"product_cat-tai-chi-kunf-fu-wu-shu-1","18":"product_cat-tatami-blazine","20":"first","21":"instock","22":"taxable","23":"shipping-taxable","24":"purchasable","25":"product-type-simple"},"_links":{"self":[{"href":"https:\/\/www.budoshop.si\/sl\/wp-json\/wp\/v2\/product\/74953","targetHints":{"allow":["GET"]}}],"collection":[{"href":"https:\/\/www.budoshop.si\/sl\/wp-json\/wp\/v2\/product"}],"about":[{"href":"https:\/\/www.budoshop.si\/sl\/wp-json\/wp\/v2\/types\/product"}],"replies":[{"embeddable":true,"href":"https:\/\/www.budoshop.si\/sl\/wp-json\/wp\/v2\/comments?post=74953"}],"wp:featuredmedia":[{"embeddable":true,"href":"https:\/\/www.budoshop.si\/sl\/wp-json\/wp\/v2\/media\/121475"}],"wp:attachment":[{"href":"https:\/\/www.budoshop.si\/sl\/wp-json\/wp\/v2\/media?parent=74953"}],"wp:term":[{"taxonomy":"product_brand","embeddable":true,"href":"https:\/\/www.budoshop.si\/sl\/wp-json\/wp\/v2\/product_brand?post=74953"},{"taxonomy":"product_cat","embeddable":true,"href":"https:\/\/www.budoshop.si\/sl\/wp-json\/wp\/v2\/product_cat?post=74953"},{"taxonomy":"product_tag","embeddable":true,"href":"https:\/\/www.budoshop.si\/sl\/wp-json\/wp\/v2\/product_tag?post=74953"}],"curies":[{"name":"wp","href":"https:\/\/api.w.org\/{rel}","templated":true}]}}