{"id":74935,"date":"2018-09-13T06:51:49","date_gmt":"2018-09-13T04:51:49","guid":{"rendered":"https:\/\/budoshop.si\/?product=torba-za-orozje-extra"},"modified":"2025-08-25T22:32:42","modified_gmt":"2025-08-25T20:32:42","slug":"torba-za-orozje-extra","status":"publish","type":"product","link":"https:\/\/www.budoshop.si\/sl\/izdelek\/torba-za-orozje-extra\/","title":{"rendered":"Torba za oro\u017eje &#8221;EXTRA&#8221;"},"content":{"rendered":"<div style=\"text-align: justify;\">\n<p><span style=\"color: #993300; font-size: 15px;\"><span class=\"HwtZe\" lang=\"sl\"><span class=\"jCAhz ChMk0b\"><span class=\"ryNqvb\">Ta\u00a0 Katana <\/span><\/span><\/span><\/span><span style=\"color: #993300; font-size: 15px;\"><span class=\"HwtZe\" lang=\"sl\"><span class=\"jCAhz ChMk0b\"><span class=\"ryNqvb\">torba <\/span><\/span><\/span><\/span><span style=\"color: #993300; font-size: 15px;\"><span class=\"HwtZe\" lang=\"sl\"><span class=\"jCAhz ChMk0b\"><span class=\"ryNqvb\">je popolna izbira za praktikante borilnih ve\u0161\u010din, ki i\u0161\u010dejo vzdr\u017eljivo, za\u0161\u010ditno in dobro organizirano torbo za svoje me\u010de in opremo za trening.<\/span><\/span><\/span><\/span><\/p>\n<p><span class=\"HwtZe\" lang=\"sl\" style=\"font-size: 15px; color: #993300;\"><span class=\"jCAhz ChMk0b\"><span class=\"ryNqvb\">Ta mo\u010dna in na obrabo odporna torba je izdelana iz visokokakovostne Cordure in je idealna za prenos in shranjevanje do dveh Katan ali Iaito me\u010dev, skupaj z raznovrstno drugo opremo za borilne ve\u0161\u010dine. <\/span><\/span><span class=\"jCAhz ChMk0b\"><span class=\"ryNqvb\"><br \/>\nKlju\u010dne zna\u010dilnosti:<br \/>\n<\/span><\/span><span class=\"jCAhz ChMk0b\"><span class=\"ryNqvb\">&#8211; Visokokakovostna konstrukcija Cordura<br \/>\n&#8211; Vzdr\u017eljiva, odporna na obrabo in narejena tako, da traja<br \/>\n<\/span><\/span><span class=\"jCAhz ChMk0b\"><span class=\"ryNqvb\">&#8211; Oja\u010dano vodotesno dno<br \/>\n&#8211; \u0160\u010diti pred vlago in obrabo<br \/>\n<\/span><\/span><span class=\"jCAhz ChMk0b\"><span class=\"ryNqvb\">&#8211; Prostoren dizajn \u2013 za do dva Katani ali Iaito me\u010da ter drugo opremo za borilne ve\u0161\u010dine<br \/>\n<\/span><\/span><span class=\"jCAhz ChMk0b\"><span class=\"ryNqvb\">&#8211; Ve\u010d notranjih predelkov<br \/>\n&#8211; Varno shranjevanje za Jo, Bokken, Tanto, Jutte, Kodachi, mobilni telefon in kartice<br \/>\n<\/span><\/span><span class=\"jCAhz ChMk0b\"><span class=\"ryNqvb\">&#8211; Debelo oblazinjenje<br \/>\n&#8211; Zagotavlja vrhunsko za\u0161\u010dito pred udarci za va\u0161e oro\u017eje in opremo<br \/>\n<\/span><\/span><span class=\"jCAhz ChMk0b\"><span class=\"ryNqvb\">&#8211; Zapiranje na zadrgo<br \/>\n&#8211; Zagotavlja varno shranjevanje in enostaven dostop<br \/>\n<\/span><\/span><span class=\"jCAhz ChMk0b\"><span class=\"ryNqvb\">&#8211; Nastavljiv in odstranljiv naramni trak<br \/>\n&#8211; ponuja vsestranske mo\u017enosti no\u0161enja<br \/>\n<\/span><\/span><span class=\"jCAhz ChMk0b\"><span class=\"ryNqvb\">&#8211; Ergonomski gumijast ro\u010daj \u2013 zasnovan za udoben in varen oprijem<br \/>\n<\/span><\/span><span class=\"jCAhz ChMk0b\"><span class=\"ryNqvb\">&#8211; Zunanji \u017eep z zadrgo<br \/>\n&#8211; Dodaten prostor za hitro dostopne dodatke<\/span><\/span><\/span><\/p>\n<p><span class=\"jCAhz\"><span class=\"ryNqvb\">Dimenzije:<br \/>\n<\/span><\/span><span class=\"jCAhz\"><span class=\"ryNqvb\">&#8211; Najve\u010dja notranja dol\u017eina: 127 cm<br \/>\n<\/span><\/span><span class=\"jCAhz\"><span class=\"ryNqvb\">&#8211; Najve\u010dja notranja \u0161irina (odprto): 45 cm<\/span><\/span><\/p>\n<\/div>\n","protected":false},"excerpt":{"rendered":"<p><span style=\"color: #002060;\"><strong>Profesionalna torba za prena\u0161anje Katana me\u010dev.<\/strong><\/span><\/p>\n","protected":false},"featured_media":117897,"comment_status":"open","ping_status":"closed","template":"","meta":[],"product_brand":[],"product_cat":[1035,1037,973],"product_tag":[],"class_list":{"0":"post-74935","1":"product","2":"type-product","3":"status-publish","4":"has-post-thumbnail","6":"product_cat-aikido-kendo-iai-kobudo-1","7":"product_cat-ninjutsu-3","8":"product_cat-torbe-za-orozja","10":"first","11":"outofstock","12":"taxable","13":"shipping-taxable","14":"purchasable","15":"product-type-simple"},"_links":{"self":[{"href":"https:\/\/www.budoshop.si\/sl\/wp-json\/wp\/v2\/product\/74935","targetHints":{"allow":["GET"]}}],"collection":[{"href":"https:\/\/www.budoshop.si\/sl\/wp-json\/wp\/v2\/product"}],"about":[{"href":"https:\/\/www.budoshop.si\/sl\/wp-json\/wp\/v2\/types\/product"}],"replies":[{"embeddable":true,"href":"https:\/\/www.budoshop.si\/sl\/wp-json\/wp\/v2\/comments?post=74935"}],"wp:featuredmedia":[{"embeddable":true,"href":"https:\/\/www.budoshop.si\/sl\/wp-json\/wp\/v2\/media\/117897"}],"wp:attachment":[{"href":"https:\/\/www.budoshop.si\/sl\/wp-json\/wp\/v2\/media?parent=74935"}],"wp:term":[{"taxonomy":"product_brand","embeddable":true,"href":"https:\/\/www.budoshop.si\/sl\/wp-json\/wp\/v2\/product_brand?post=74935"},{"taxonomy":"product_cat","embeddable":true,"href":"https:\/\/www.budoshop.si\/sl\/wp-json\/wp\/v2\/product_cat?post=74935"},{"taxonomy":"product_tag","embeddable":true,"href":"https:\/\/www.budoshop.si\/sl\/wp-json\/wp\/v2\/product_tag?post=74935"}],"curies":[{"name":"wp","href":"https:\/\/api.w.org\/{rel}","templated":true}]}}