{"id":74840,"date":"2018-09-13T06:51:49","date_gmt":"2018-09-13T06:51:49","guid":{"rendered":"https:\/\/budoshop.si\/?product=majica-pirate-odprodaja-35"},"modified":"2026-01-07T10:08:18","modified_gmt":"2026-01-07T09:08:18","slug":"majica-pirate-odprodaja-35","status":"publish","type":"product","link":"https:\/\/www.budoshop.si\/sl\/izdelek\/majica-pirate-odprodaja-35\/","title":{"rendered":"Majica &#8221;PIRATE&#8221; &#8211; ODPRODAJA -35%!!!"},"content":{"rendered":"<div style=\"text-align: justify;\"><span style=\"color: #c00000;\">\u010crna Rashguard majica s kratkimi rokavi z atraktivno piratsko poslikavo na prednji in zadnji strani. Zaradi elasti\u010dne sestave materiala (82% poliester, 18% spandeks) se popolnoma prilega telesni strukturi. Sestava materiala zagotavlja tudi odli\u010dno zra\u010dnost in ohranja ko\u017eo v visoki telesni temperaturi. Sestava in model majice je idealen za vse borilne &scaron;porte na tleh kot so MMA, Brazilian Jiu-Jitsu, grapling&#8230;<\/p>\n<p>Velikosti: L<br \/><\/span><\/div>\n","protected":false},"excerpt":{"rendered":"<p><span style=\"color: #002060;\"><strong>Atraktivna MMA Rashguard majica s kratkimi rokavi.<\/strong><\/span><\/p>\n","protected":false},"featured_media":74843,"comment_status":"open","ping_status":"closed","template":"","meta":[],"product_brand":[],"product_cat":[909,921,845,953],"product_tag":[],"class_list":{"0":"post-74840","1":"product","2":"type-product","3":"status-publish","4":"has-post-thumbnail","6":"product_cat-drugo","7":"product_cat-mma-1","8":"product_cat-prosti-cas","9":"product_cat-vandal-1","11":"first","12":"outofstock","13":"taxable","14":"shipping-taxable","15":"purchasable","16":"product-type-simple"},"_links":{"self":[{"href":"https:\/\/www.budoshop.si\/sl\/wp-json\/wp\/v2\/product\/74840","targetHints":{"allow":["GET"]}}],"collection":[{"href":"https:\/\/www.budoshop.si\/sl\/wp-json\/wp\/v2\/product"}],"about":[{"href":"https:\/\/www.budoshop.si\/sl\/wp-json\/wp\/v2\/types\/product"}],"replies":[{"embeddable":true,"href":"https:\/\/www.budoshop.si\/sl\/wp-json\/wp\/v2\/comments?post=74840"}],"wp:featuredmedia":[{"embeddable":true,"href":"https:\/\/www.budoshop.si\/sl\/wp-json\/wp\/v2\/media\/74843"}],"wp:attachment":[{"href":"https:\/\/www.budoshop.si\/sl\/wp-json\/wp\/v2\/media?parent=74840"}],"wp:term":[{"taxonomy":"product_brand","embeddable":true,"href":"https:\/\/www.budoshop.si\/sl\/wp-json\/wp\/v2\/product_brand?post=74840"},{"taxonomy":"product_cat","embeddable":true,"href":"https:\/\/www.budoshop.si\/sl\/wp-json\/wp\/v2\/product_cat?post=74840"},{"taxonomy":"product_tag","embeddable":true,"href":"https:\/\/www.budoshop.si\/sl\/wp-json\/wp\/v2\/product_tag?post=74840"}],"curies":[{"name":"wp","href":"https:\/\/api.w.org\/{rel}","templated":true}]}}