{"id":74692,"date":"2018-09-13T06:51:49","date_gmt":"2018-09-13T06:51:49","guid":{"rendered":"https:\/\/budoshop.si\/?product=zidno-stojalo-za-katana-mec"},"modified":"2026-01-29T13:44:42","modified_gmt":"2026-01-29T12:44:42","slug":"zidno-stojalo-za-katana-mec","status":"publish","type":"product","link":"https:\/\/www.budoshop.si\/sl\/izdelek\/zidno-stojalo-za-katana-mec\/","title":{"rendered":"Zidni nosilec za Katana me\u010d"},"content":{"rendered":"<div style=\"text-align: justify;\">\n<p><span style=\"color: #993300; font-size: 15px;\">Leseno zidno stojalo za vodoravno postavitev Katana ali podobnega me\u010da. S postavitvijo tega stojala na pravo mesto bo va\u0161a Katana pri\u0161la \u0161e bolj do izraza in bo \u0161e bolj poudaril njeno plemenitost.<br \/>\nVklju\u010dno z vijaki za pritrditev.<\/span><\/p>\n<p><span style=\"font-size: 15px; color: #993300;\">\u010crne barve. <\/span><\/p>\n<p><span style=\"font-size: 15px; color: #993300;\">Mere: cca. 40 x 27 cm.<\/span><\/p>\n<\/div>\n","protected":false},"excerpt":{"rendered":"<p><span style=\"color: #003366;\"><strong>Leseno zidno stojalo za Katana me\u010d.<\/strong><\/span><\/p>\n","protected":false},"featured_media":74695,"comment_status":"open","ping_status":"closed","template":"","meta":[],"product_brand":[],"product_cat":[763],"product_tag":[],"class_list":{"0":"post-74692","1":"product","2":"type-product","3":"status-publish","4":"has-post-thumbnail","6":"product_cat-stojala","8":"first","9":"outofstock","10":"taxable","11":"shipping-taxable","12":"purchasable","13":"product-type-simple"},"_links":{"self":[{"href":"https:\/\/www.budoshop.si\/sl\/wp-json\/wp\/v2\/product\/74692","targetHints":{"allow":["GET"]}}],"collection":[{"href":"https:\/\/www.budoshop.si\/sl\/wp-json\/wp\/v2\/product"}],"about":[{"href":"https:\/\/www.budoshop.si\/sl\/wp-json\/wp\/v2\/types\/product"}],"replies":[{"embeddable":true,"href":"https:\/\/www.budoshop.si\/sl\/wp-json\/wp\/v2\/comments?post=74692"}],"wp:featuredmedia":[{"embeddable":true,"href":"https:\/\/www.budoshop.si\/sl\/wp-json\/wp\/v2\/media\/74695"}],"wp:attachment":[{"href":"https:\/\/www.budoshop.si\/sl\/wp-json\/wp\/v2\/media?parent=74692"}],"wp:term":[{"taxonomy":"product_brand","embeddable":true,"href":"https:\/\/www.budoshop.si\/sl\/wp-json\/wp\/v2\/product_brand?post=74692"},{"taxonomy":"product_cat","embeddable":true,"href":"https:\/\/www.budoshop.si\/sl\/wp-json\/wp\/v2\/product_cat?post=74692"},{"taxonomy":"product_tag","embeddable":true,"href":"https:\/\/www.budoshop.si\/sl\/wp-json\/wp\/v2\/product_tag?post=74692"}],"curies":[{"name":"wp","href":"https:\/\/api.w.org\/{rel}","templated":true}]}}