{"id":74561,"date":"2018-09-13T06:51:49","date_gmt":"2018-09-13T06:51:49","guid":{"rendered":"https:\/\/budoshop.si\/?product=kratek-samurajski-mec-wakizashi-musashi"},"modified":"2026-04-01T13:07:49","modified_gmt":"2026-04-01T11:07:49","slug":"kratek-samurajski-mec-wakizashi-musashi","status":"publish","type":"product","link":"https:\/\/www.budoshop.si\/sl\/izdelek\/kratek-samurajski-mec-wakizashi-musashi\/","title":{"rendered":"Kratek Samurajski me\u010d &#8221;Wakizashi MUSASHI&#8221; &#8211; V AKCIJI!!!"},"content":{"rendered":"<div style=\"text-align: justify;\">\n<p style=\"vertical-align: top;\"><span style=\"font-size: 15px; color: #993300;\">Ta Wakizashi je izdelan ro\u010dno, za izdelavo pa so uporabljeni samo najbolj\u0161i materiali. Rezilo je narejeno iz 1060 High Carbon jekla in ro\u010dno kovan ter poliran. Vsi dodatki (Tsuba, Fuchi, Kashiri, Habaki) so kovinski in ro\u010dno izdelani, za razliko od cenej\u0161ih me\u010dev, kjer so ti dodatki najpogosteje aluminijasti. Ker je me\u010d narejen ro\u010dno, se vsak me\u010d razlikuje od drugega. Za la\u017eje vzdr\u017eevanje se me\u010d lahko popolnoma razstavi.<\/span><\/p>\n<div style=\"text-align: justify;\"><span style=\"color: #993300; font-size: 15px;\">Detajli: <\/span><\/div>\n<\/div>\n<div style=\"text-align: justify;\">\n<p><span style=\"color: #993300; font-size: 15px;\">Kovina: 1060 High Carbon Steel <\/span><br \/>\n<span style=\"color: #993300; font-size: 15px;\">NAGASA (Dol\u017eina rezila): 43 cm (45 cm s Habaki-jem) <\/span><br \/>\n<span style=\"color: #993300; font-size: 15px;\">HAMON (motiv ostrine): Notare stil <\/span><br \/>\n<span style=\"color: #993300; font-size: 15px;\">SORI (ukrivljenost rezila): 2,00 cm <\/span><br \/>\n<span style=\"color: #993300; font-size: 15px;\">TSUKA (ro\u010daj): 16 cm <\/span><br \/>\n<span style=\"color: #993300; font-size: 15px;\">TSUKA ITO (navitje ro\u010daja): \u010drn bomba\u017e<\/span><br \/>\n<span style=\"color: #993300; font-size: 15px;\">SAME (podloga ro\u010daja): pravo ribje usnje<\/span><br \/>\n<span style=\"color: #993300; font-size: 15px;\">TSUBA (\u0161\u010ditnik): Futatsu Mokkogata (ro\u010dno izdelan) <\/span><br \/>\n<span style=\"color: #993300; font-size: 15px;\">BOHI (\u017eleb v rezilu): DA enojni<\/span><br \/>\n<span style=\"color: #993300; font-size: 15px;\">SAYA (no\u017enica): 48 cm \u010drno lakiran Kuroro les<\/span><br \/>\n<span style=\"color: #993300; font-size: 15px;\">SAGEO (vrvica): pravi \u010drni bomba\u017eni Kakucho Sageo<\/span><br \/>\n<span style=\"color: #993300; font-size: 15px;\">MEKUGI (zati\u010d): 2x ambusov <\/span><br \/>\n<span style=\"color: #993300; font-size: 15px;\">Te\u017ea: cca. 900 g (s Sayo), 680 g (brez Saye) <\/span><\/p>\n<\/div>\n<div style=\"text-align: justify;\">\n<p style=\"vertical-align: top; text-align: justify;\"><span style=\"font-size: 15px; color: #993300;\">Me\u010d ni nabru\u0161en ga je pa mo\u017eno nabrusiti.<br \/>\n<\/span><\/p>\n<p style=\"vertical-align: top; text-align: justify;\"><span style=\"font-size: 15px; color: #993300;\">Darilo: \u010drna bomba\u017ena prenosna torba!<\/span><\/p>\n<p><span style=\"color: #993300; font-size: 15px;\">TA ARTIKEL PRODAJAMO SAMO POLNOLETNIM OSEBAM!<\/span><\/p>\n<\/div>\n<div style=\"text-align: justify;\"><span style=\"color: #993300; font-size: 15px;\">\u00a0<\/span><\/div>\n<div style=\"text-align: justify;\">\n<div><\/div>\n<div style=\"text-align: justify;\"><span style=\"color: #993300; font-size: 11px;\">Opozorilo!<\/span><br \/>\n<span style=\"color: #993300; font-size: 11px;\">\u25ba Artikel je namenjen samo dekorativni uporabi oziroma osebnemu treningu borilnih ve\u0161\u010din.<\/span><br \/>\n<span style=\"color: #993300; font-size: 11px;\">\u25ba Po prodaji, prodajalec ni ve\u010d odgovoren za nikakr\u0161ne po\u0161kodbe, ki se lahko zgodijo zaradi napa\u010dne uporabe ali zanemarjanja teh opozoril. Novi lastnik prevzema popolno odgovornost za skrb in uporabo tega artikla.<\/span><br \/>\n<span style=\"color: #993300; font-size: 11px;\">\u25ba Vsakr\u0161na napa\u010dna uporaba ali nepazljivost lahko vam ali drugemu povzro\u010di resne po\u0161kodbe ali celo smrt!<\/span><br \/>\n<span style=\"color: #993300; font-size: 11px;\">\u25ba Ta artikel se v nobenem primeru ne sme uporabljati na drugi osebi!<\/span><\/div>\n<p><span style=\"color: #c00000;\">\u00a0<\/span><\/p>\n<\/div>\n","protected":false},"excerpt":{"rendered":"<p><span style=\"color: #003366;\"><strong>Vrhunski kovan Wakizashi Samurajski me\u010d.<\/strong><\/span><\/p>\n","protected":false},"featured_media":74565,"comment_status":"open","ping_status":"closed","template":"","meta":[],"product_brand":[5610],"product_cat":[1035,1027,5374,5376,5383,1037],"product_tag":[],"class_list":{"0":"post-74561","1":"product","2":"type-product","3":"status-publish","4":"has-post-thumbnail","6":"product_brand-haller","7":"product_cat-aikido-kendo-iai-kobudo-1","8":"product_cat-v-akciji-2","9":"product_cat-haller-sl","10":"product_cat-haller-2","11":"product_cat-iaito-trening-katana-meci","12":"product_cat-ninjutsu-3","14":"first","15":"instock","16":"sale","17":"taxable","18":"shipping-taxable","19":"purchasable","20":"product-type-simple"},"_links":{"self":[{"href":"https:\/\/www.budoshop.si\/sl\/wp-json\/wp\/v2\/product\/74561","targetHints":{"allow":["GET"]}}],"collection":[{"href":"https:\/\/www.budoshop.si\/sl\/wp-json\/wp\/v2\/product"}],"about":[{"href":"https:\/\/www.budoshop.si\/sl\/wp-json\/wp\/v2\/types\/product"}],"replies":[{"embeddable":true,"href":"https:\/\/www.budoshop.si\/sl\/wp-json\/wp\/v2\/comments?post=74561"}],"wp:featuredmedia":[{"embeddable":true,"href":"https:\/\/www.budoshop.si\/sl\/wp-json\/wp\/v2\/media\/74565"}],"wp:attachment":[{"href":"https:\/\/www.budoshop.si\/sl\/wp-json\/wp\/v2\/media?parent=74561"}],"wp:term":[{"taxonomy":"product_brand","embeddable":true,"href":"https:\/\/www.budoshop.si\/sl\/wp-json\/wp\/v2\/product_brand?post=74561"},{"taxonomy":"product_cat","embeddable":true,"href":"https:\/\/www.budoshop.si\/sl\/wp-json\/wp\/v2\/product_cat?post=74561"},{"taxonomy":"product_tag","embeddable":true,"href":"https:\/\/www.budoshop.si\/sl\/wp-json\/wp\/v2\/product_tag?post=74561"}],"curies":[{"name":"wp","href":"https:\/\/api.w.org\/{rel}","templated":true}]}}