{"id":74500,"date":"2018-09-13T06:51:49","date_gmt":"2018-09-13T04:51:49","guid":{"rendered":"https:\/\/budoshop.si\/?product=katana-dotanuki"},"modified":"2023-10-17T10:31:30","modified_gmt":"2023-10-17T08:31:30","slug":"katana-dotanuki","status":"publish","type":"product","link":"https:\/\/www.budoshop.si\/sl\/izdelek\/katana-dotanuki\/","title":{"rendered":"Katana &#8221;DOTANUKI&#8221;"},"content":{"rendered":"<div style=\"text-align: justify;\">\n<p><span style=\"font-size: 15px; color: #993300;\">To je profesionalni Dotanuki Katana me\u010d namenjen tistim, ki od svojega me\u010da \u017eelijo najve\u010d. Me\u010d je izdelan iz 1060 high carbon steel jekla, ro\u010dno kovan s pravim Hamon-om ali 1060 kovanega high carbon jekla. Profesionalna Katana in Iaito z odli\u010dno uravnote\u017eenim rezilom, z zelo hvalitetnimi dodatki kot so Seppa, Habaki in Shitodome narejenimi iz bakra, usnjeno Tsukagawa in ro\u010dno izdelanima Fuchi-jem in Kashiro. Tsuki-Sageo in Tsuka-ito sta svilena in trdno vezana. Rezilo se mehko giblje iz in v no\u017enico, Habaki pa se odli\u010dno priloga Koiguchi-ju. To je zagotovo najbolj\u0161i me\u010d, ki ga lahko dobite za ta denar.<\/span><\/p>\n<p><span style=\"font-size: 15px; color: #993300;\">Nenabru\u0161en ali bru\u0161en (zahteva nekaj dni za dobavo).<\/span><\/p>\n<p><span style=\"color: #993300; font-size: 15px;\"><br \/>\nDetaijli:<br \/>\nRezilo: kovan 1060 High Carbon Steel<br \/>\nNAGASA (Dol\u017eina rezila): 72 cm, 74 cm s Habaki-jem<br \/>\nHAMON (motiv ostrine: PRAVI, Sugaha<br \/>\nSORI (ukrivljenost: 3,00 cm<br \/>\nTSUKA (ro\u010daj): 28 cm<br \/>\nTSUKA ITO (navitje ro\u010dana): \u010drna svila<br \/>\nSAME (podloga ro\u010daja): pravo ribje usnje<br \/>\nTSUBA (\u0161\u010ditnik): Roku Mokka<br \/>\nBOHI (\u017eleb): DA<br \/>\nSAYA (no\u017enica): 78 cm, \u010drno lakiran Kuroro Ishime les<br \/>\nSAGEO (vrvica): NE<br \/>\nMEKUGI (zati\u010d): bambusov 2X<br \/>\nTe\u017ea: cca. 1.390 g (s Sayo), 1.170 g (brez Saye) <\/span><\/p>\n<p style=\"vertical-align: top;\"><span style=\"font-size: 15px; color: #993300;\">Darilo: lesena prenosna \u0161katla in svilena torba!<\/span><\/p>\n<p style=\"vertical-align: top;\"><span style=\"font-size: 15px; color: #993300;\">TA ARTIKEL PRODAJAMO SAMO POLNOLETNIM OSEBAM.<\/span><\/p>\n<div style=\"text-align: justify;\"><span style=\"color: #993300; font-size: 15px;\">\u00a0<\/span><\/div>\n<div style=\"text-align: justify;\"><\/div>\n<div style=\"text-align: justify;\"><span style=\"color: #993300; font-size: 15px;\">\u00a0<\/span><\/div>\n<div style=\"text-align: justify;\"><span style=\"color: #993300; font-size: 11px;\">Opozorilo!<br \/>\n\u25ba Artikel je namenjen samo dekorativni uporabi oziroma osebnemu treningu borilnih ve\u0161\u010din.<br \/>\n\u25ba Po prodaji, prodajalec ni ve\u010d odgovoren za nikakr\u0161ne po\u0161kodbe, ki se lahko zgodijo zaradi napa\u010dne uporabe ali zanemarjanja teh opozoril. Novi lastnik prevzema popolno odgovornost za skrb in uporabo tega artikla.<br \/>\n\u25ba Vsakr\u0161na napa\u010dna uporaba ali nepazljivost lahko vam ali drugemu povzro\u010di resne po\u0161kodbe ali celo smrt!<br \/>\n\u25ba Ta artikel se v nobenem primeru ne sme uporabljati na drugi osebi!<\/span><\/div>\n<p style=\"vertical-align: top;\">\n<\/div>\n","protected":false},"excerpt":{"rendered":"<p><span style=\"color: #002060;\"><strong>Izredno dobro uravnove\u0161en profesionalni kovan Katana me\u010d s pravim Hamon-om.<\/strong><\/span><\/p>\n","protected":false},"featured_media":74503,"comment_status":"open","ping_status":"closed","template":"","meta":[],"product_brand":[],"product_cat":[1035,5383,1037,5384,1055,977],"product_tag":[],"class_list":{"0":"post-74500","1":"product","2":"type-product","3":"status-publish","4":"has-post-thumbnail","6":"product_cat-aikido-kendo-iai-kobudo-1","7":"product_cat-iaito-trening-katana-meci","8":"product_cat-ninjutsu-3","9":"product_cat-shinken-trening-katana-meci","10":"product_cat-yari-no-hanzo-3","11":"product_cat-yari-no-hanzo-1","12":"pa_model-nabrusen-sl","13":"pa_model-nenabrusen-sl","15":"first","16":"outofstock","17":"taxable","18":"shipping-taxable","19":"purchasable","20":"product-type-variable"},"_links":{"self":[{"href":"https:\/\/www.budoshop.si\/sl\/wp-json\/wp\/v2\/product\/74500","targetHints":{"allow":["GET"]}}],"collection":[{"href":"https:\/\/www.budoshop.si\/sl\/wp-json\/wp\/v2\/product"}],"about":[{"href":"https:\/\/www.budoshop.si\/sl\/wp-json\/wp\/v2\/types\/product"}],"replies":[{"embeddable":true,"href":"https:\/\/www.budoshop.si\/sl\/wp-json\/wp\/v2\/comments?post=74500"}],"wp:featuredmedia":[{"embeddable":true,"href":"https:\/\/www.budoshop.si\/sl\/wp-json\/wp\/v2\/media\/74503"}],"wp:attachment":[{"href":"https:\/\/www.budoshop.si\/sl\/wp-json\/wp\/v2\/media?parent=74500"}],"wp:term":[{"taxonomy":"product_brand","embeddable":true,"href":"https:\/\/www.budoshop.si\/sl\/wp-json\/wp\/v2\/product_brand?post=74500"},{"taxonomy":"product_cat","embeddable":true,"href":"https:\/\/www.budoshop.si\/sl\/wp-json\/wp\/v2\/product_cat?post=74500"},{"taxonomy":"product_tag","embeddable":true,"href":"https:\/\/www.budoshop.si\/sl\/wp-json\/wp\/v2\/product_tag?post=74500"}],"curies":[{"name":"wp","href":"https:\/\/api.w.org\/{rel}","templated":true}]}}