{"id":74454,"date":"2018-09-13T06:51:49","date_gmt":"2018-09-13T06:51:49","guid":{"rendered":"https:\/\/budoshop.si\/?product=katana-murakami"},"modified":"2023-12-11T11:58:01","modified_gmt":"2023-12-11T10:58:01","slug":"katana-murakami","status":"publish","type":"product","link":"https:\/\/www.budoshop.si\/sl\/izdelek\/katana-murakami\/","title":{"rendered":"Katana &#8221;MURAKAMI&#8221;"},"content":{"rendered":"<p><span style=\"color: #993300; font-size: 15px;\">Ta Murakami Katana me\u010d je namenjen izklju\u010dno vadbi ve\u0161\u010din kot so Iai-do, Kenjutsu, Ninjutsu in podobnim stilom. Rezilo je odli\u010dno uravnove\u0161eno s \u0161\u010detkanim Hamon-om. Tsuba, Fuchi in Kashira so izdelani iz kovine in okra\u0161eni na na\u010din, da ogranjajo ravno povr\u0161ino, da ne bi med vadbo \u017eulili rok. Saya je narejena iz trpe\u017enega lesa in skrbno lakirana. Tsuka-ito je \u010dvrsto vezan preko pravega ribjega usnja in se med uporabo me\u010da ne premika. Rezilo drsi v no\u017enico in iz nje gladko, brez kakr\u0161nihkoli zatikov in Habaki se popolnoma ujema s Koiguchi-jem. To je me\u010d, ki vam bo dolgo slu\u017eil.<\/span><\/p>\n<div style=\"text-align: justify;\">\n<p><span style=\"font-size: 15px; color: #993300;\">Me\u010d ni serijske proizvodnje pri katerih so za izdelavo uporabljeni materijali slab\u0161e kvalitete!<\/span><\/p>\n<p><span style=\"font-size: 15px; color: #993300;\">Detajli:<\/span><br \/>\n<span style=\"font-size: 15px; color: #993300;\">Kovina: 1060 High Carbon Steel <\/span><br \/>\n<span style=\"font-size: 15px; color: #993300;\">NAGASA (dol\u017eina rezila: 70 cm, 72 cm s Habaki-jem<\/span><br \/>\n<span style=\"font-size: 15px; color: #993300;\">HAMON (motiv ostrine): Notare stil <\/span><br \/>\n<span style=\"font-size: 15px; color: #993300;\">SORI (ukrivljenost): 2,00 cm <\/span><br \/>\n<span style=\"font-size: 15px; color: #993300;\">TSUKA (ro\u010daj): 28 cm <\/span><br \/>\n<span style=\"font-size: 15px; color: #993300;\">TSUKA ITO (navitje ro\u010daja): \u010drn bomba\u017e<\/span><br \/>\n<span style=\"font-size: 15px; color: #993300;\">SAME (podloga usnja): pravo ribje usnje<\/span><br \/>\n<span style=\"font-size: 15px; color: #993300;\">TSUBA (ro\u010daj): Shin no Marugata <\/span><br \/>\n<span style=\"font-size: 15px; color: #993300;\">BOHI (\u017eleb v rezilu): DA<\/span><br \/>\n<span style=\"font-size: 15px; color: #993300;\">SAYA (no\u017enica): 76 cm \u010drno lakiran Kuroro les<\/span><br \/>\n<span style=\"font-size: 15px; color: #993300;\">SAGEO (vrvica): NE<\/span><br \/>\n<span style=\"font-size: 15px; color: #993300;\">MEKUGI (zati\u010d): bambusov 2X <\/span><br \/>\n<span style=\"font-size: 15px; color: #993300;\">Te\u017ea: cca. 1.230 g (s Sayo), 1.000 g (brez Saye)<\/span><\/p>\n<p><span style=\"font-size: 15px; color: #993300;\">Nenabru\u0161en ali nabru\u0161en (zahteva nekaj dni za dobavo).<\/span><\/p>\n<p><span style=\"font-size: 15px; color: #993300;\">Darilo: \u010drna bomba\u017ena prenosna torba!<\/span><\/p>\n<p><span style=\"font-size: 15px; color: #993300;\">TA ARTIKEL PRODAJAMO SAMO POLNOLETNIM OSEBAM!!!<\/span><\/p>\n<\/div>\n<div style=\"text-align: justify;\"><\/div>\n<div style=\"text-align: justify;\"><span style=\"color: #993300; font-size: 15px;\">\u00a0<\/span><\/div>\n<div style=\"text-align: justify;\"><span style=\"color: #993300; font-size: 11px;\">Opozorilo!<br \/>\n\u25ba Artikel je namenjen samo dekorativni uporabi oziroma osebnemu treningu borilnih ve\u0161\u010din.<br \/>\n\u25ba Po prodaji, prodajalec ni ve\u010d odgovoren za nikakr\u0161ne po\u0161kodbe, ki se lahko zgodijo zaradi napa\u010dne uporabe ali zanemarjanja teh opozoril. Novi lastnik prevzema popolno odgovornost za skrb in uporabo tega artikla<br \/>\n\u25ba Vsakr\u0161na napa\u010dna uporaba ali nepazljivost lahko vam ali drugemu povzro\u010di resne po\u0161kodbe ali celo smrt!<br \/>\n\u25ba Ta artikel se v nobenem primeru ne sme uporabljati na drugi osebi!<\/span><\/div>\n<p>&nbsp;<\/p>\n","protected":false},"excerpt":{"rendered":"<p><span style=\"color: #002060;\"><strong>Prakti\u010den trening Katana me\u010d.<\/strong><\/span><\/p>\n","protected":false},"featured_media":74457,"comment_status":"open","ping_status":"closed","template":"","meta":[],"product_brand":[5600],"product_cat":[1035,5383,1037,5384,977,1055],"product_tag":[],"class_list":{"0":"post-74454","1":"product","2":"type-product","3":"status-publish","4":"has-post-thumbnail","6":"product_brand-yari-no-hanzo","7":"product_cat-aikido-kendo-iai-kobudo-1","8":"product_cat-iaito-trening-katana-meci","9":"product_cat-ninjutsu-3","10":"product_cat-shinken-trening-katana-meci","11":"product_cat-yari-no-hanzo-1","12":"product_cat-yari-no-hanzo-3","13":"pa_model-nabrusen-sl","14":"pa_model-nenabrusen-sl","16":"first","17":"instock","18":"taxable","19":"shipping-taxable","20":"purchasable","21":"product-type-variable"},"_links":{"self":[{"href":"https:\/\/www.budoshop.si\/sl\/wp-json\/wp\/v2\/product\/74454","targetHints":{"allow":["GET"]}}],"collection":[{"href":"https:\/\/www.budoshop.si\/sl\/wp-json\/wp\/v2\/product"}],"about":[{"href":"https:\/\/www.budoshop.si\/sl\/wp-json\/wp\/v2\/types\/product"}],"replies":[{"embeddable":true,"href":"https:\/\/www.budoshop.si\/sl\/wp-json\/wp\/v2\/comments?post=74454"}],"wp:featuredmedia":[{"embeddable":true,"href":"https:\/\/www.budoshop.si\/sl\/wp-json\/wp\/v2\/media\/74457"}],"wp:attachment":[{"href":"https:\/\/www.budoshop.si\/sl\/wp-json\/wp\/v2\/media?parent=74454"}],"wp:term":[{"taxonomy":"product_brand","embeddable":true,"href":"https:\/\/www.budoshop.si\/sl\/wp-json\/wp\/v2\/product_brand?post=74454"},{"taxonomy":"product_cat","embeddable":true,"href":"https:\/\/www.budoshop.si\/sl\/wp-json\/wp\/v2\/product_cat?post=74454"},{"taxonomy":"product_tag","embeddable":true,"href":"https:\/\/www.budoshop.si\/sl\/wp-json\/wp\/v2\/product_tag?post=74454"}],"curies":[{"name":"wp","href":"https:\/\/api.w.org\/{rel}","templated":true}]}}