{"id":74406,"date":"2018-09-13T06:51:49","date_gmt":"2018-09-13T04:51:49","guid":{"rendered":"https:\/\/budoshop.si\/?product=koto-ryu-bujinkan-budo-densho"},"modified":"2023-10-09T08:10:33","modified_gmt":"2023-10-09T06:10:33","slug":"koto-ryu-bujinkan-budo-densho","status":"publish","type":"product","link":"https:\/\/www.budoshop.si\/sl\/izdelek\/koto-ryu-bujinkan-budo-densho\/","title":{"rendered":"KOTO RYU &#8211; Bujinkan Budo Densho"},"content":{"rendered":"<div style=\"text-align: justify;\">\n<p><span style=\"color: #993300; font-size: 15px;\">Ta \u201cmoderni\u201d Densho je predvsem potrebno jemati kot osnovni priro\u010dnik za dnevni trening. Posebnost te knjige je, da je vsak posamezen gib prikazan z ilustracijo, da bi se uporabnik lahko osredoto\u010dil na posamezno tehniko ali Kato. Vsako od tehnik dopolnjuje tudi kratek opis najbolj pomembnih golorokih oblik gibanja Kot\u00f4 Ry\u00fb Kopp\u00f4jutsu-ja. Ta knjiga prikazuje najbolj pomembne tehnike Kot\u00f4 Ry\u00fb Taijutsu-ja.<\/span><\/p>\n<p><span style=\"font-size: 15px; color: #993300;\">Iz vsebine:<\/span><br \/>\n<span style=\"font-size: 15px; color: #993300;\">Kihon Gata<\/span><br \/>\n<span style=\"font-size: 15px; color: #993300;\">Kenzen Ichinyo<\/span><br \/>\n<span style=\"font-size: 15px; color: #993300;\">Goh\u00f4 no Kurai Dori<\/span><br \/>\n<span style=\"font-size: 15px; color: #993300;\">Moto Gata<\/span><br \/>\n<span style=\"font-size: 15px; color: #993300;\">Shoden Gata<\/span><br \/>\n<span style=\"font-size: 15px; color: #993300;\">Ch\u00fbden Gata<\/span><br \/>\n<span style=\"font-size: 15px; color: #993300;\">Okuden Gata<\/span><br \/>\n<span style=\"font-size: 15px; color: #993300;\">Hekit\u00f4 Gata<\/span><br \/>\n<span style=\"font-size: 15px; color: #993300;\">Kaiden gata<\/span><br \/>\n<span style=\"font-size: 15px; color: #993300;\">Ky\u00fbsho<\/span><br \/>\n<span style=\"font-size: 15px; color: #993300;\">Y\u00f4goshu<\/span><\/p>\n<p><span style=\"font-size: 15px; color: #993300;\">136 strani, ve\u010d kot 245 ilustracij<\/span><\/p>\n<p><span style=\"font-size: 15px; color: #993300;\">Jezik: angle\u0161ki<\/span><\/p>\n<\/div>\n","protected":false},"excerpt":{"rendered":"<p><span style=\"color: #003366;\">Avtor: <strong>Carsten KUHN &amp; Tommy James PETERS<\/strong><\/span><\/p>\n","protected":false},"featured_media":74410,"comment_status":"open","ping_status":"closed","template":"","meta":[],"product_brand":[],"product_cat":[1037,797],"product_tag":[],"class_list":{"0":"post-74406","1":"product","2":"type-product","3":"status-publish","4":"has-post-thumbnail","6":"product_cat-ninjutsu-3","7":"product_cat-ninjutsu-1","9":"first","10":"instock","11":"taxable","12":"shipping-taxable","13":"purchasable","14":"product-type-simple"},"_links":{"self":[{"href":"https:\/\/www.budoshop.si\/sl\/wp-json\/wp\/v2\/product\/74406","targetHints":{"allow":["GET"]}}],"collection":[{"href":"https:\/\/www.budoshop.si\/sl\/wp-json\/wp\/v2\/product"}],"about":[{"href":"https:\/\/www.budoshop.si\/sl\/wp-json\/wp\/v2\/types\/product"}],"replies":[{"embeddable":true,"href":"https:\/\/www.budoshop.si\/sl\/wp-json\/wp\/v2\/comments?post=74406"}],"wp:featuredmedia":[{"embeddable":true,"href":"https:\/\/www.budoshop.si\/sl\/wp-json\/wp\/v2\/media\/74410"}],"wp:attachment":[{"href":"https:\/\/www.budoshop.si\/sl\/wp-json\/wp\/v2\/media?parent=74406"}],"wp:term":[{"taxonomy":"product_brand","embeddable":true,"href":"https:\/\/www.budoshop.si\/sl\/wp-json\/wp\/v2\/product_brand?post=74406"},{"taxonomy":"product_cat","embeddable":true,"href":"https:\/\/www.budoshop.si\/sl\/wp-json\/wp\/v2\/product_cat?post=74406"},{"taxonomy":"product_tag","embeddable":true,"href":"https:\/\/www.budoshop.si\/sl\/wp-json\/wp\/v2\/product_tag?post=74406"}],"curies":[{"name":"wp","href":"https:\/\/api.w.org\/{rel}","templated":true}]}}