{"id":74398,"date":"2018-09-13T06:51:49","date_gmt":"2018-09-13T06:51:49","guid":{"rendered":"https:\/\/budoshop.si\/?product=scitnik-za-zobe-z-zobnim-aparatom-braces"},"modified":"2023-09-29T12:37:52","modified_gmt":"2023-09-29T10:37:52","slug":"scitnik-za-zobe-z-zobnim-aparatom-braces","status":"publish","type":"product","link":"https:\/\/www.budoshop.si\/sl\/izdelek\/scitnik-za-zobe-z-zobnim-aparatom-braces\/","title":{"rendered":"\u0160\u010ditnik za zobe z zobnim aparatom &#8221;BRACES&#8221;"},"content":{"rendered":"<div style=\"text-align: justify;\"><span style=\"color: #993300; font-size: 15px;\">\u0160\u010ditnik za zobe za tiste, ki nosijo zobni aparat. Sestavljata ga dva lo\u010dena materiala, zgornji, ki se dotika aparata, se ob segrevanju ne spremeni in se zato ne zatika za \u017eice aparata. Spodnji del pa se prilagodi s segrevanjem v vreli vodi.<br \/>\nTa \u0161\u010ditnik zagotavlja odli\u010dno za\u0161\u010dito pred po\u0161kodbami zob in \u010deljusti ter najpomembneje, prepre\u010duje pretrese in po\u0161kodbe, ki jih lahko povzro\u010di aparat. Primerno za borilne in druge \u0161porte.<\/span><\/div>\n<div style=\"text-align: justify;\"><span style=\"color: #993300; font-size: 15px;\">\u00a0<\/span><\/div>\n<div style=\"text-align: justify;\"><span style=\"color: #993300; font-size: 15px;\">S higijensko \u0161katljico za varno prena\u0161anje.<\/span><\/div>\n<div style=\"text-align: justify;\">\n<p><span style=\"font-size: 15px; color: #993300;\">Velikost: SR<\/span><\/p>\n<\/div>\n","protected":false},"excerpt":{"rendered":"<p><span style=\"color: #002060;\"><strong>U\u010dinkovit \u0161\u010ditnik za zobe z zobnim aparatom.<\/strong><br \/>\n<\/span><\/p>\n","protected":false},"featured_media":107360,"comment_status":"open","ping_status":"closed","template":"","meta":[],"product_brand":[],"product_cat":[1043,1033,1029,1039,903,947,1045],"product_tag":[],"class_list":{"0":"post-74398","1":"product","2":"type-product","3":"status-publish","4":"has-post-thumbnail","6":"product_cat-boks-kickbox-tajski-boks-mma","7":"product_cat-ju-jitsujiu-jitsu-1","8":"product_cat-karate-5","9":"product_cat-taekwondo-3","10":"product_cat-scitniki-za-zobe","11":"product_cat-kamikaze-3","12":"product_cat-kamikaze-5","14":"first","15":"instock","16":"taxable","17":"shipping-taxable","18":"purchasable","19":"product-type-simple"},"_links":{"self":[{"href":"https:\/\/www.budoshop.si\/sl\/wp-json\/wp\/v2\/product\/74398","targetHints":{"allow":["GET"]}}],"collection":[{"href":"https:\/\/www.budoshop.si\/sl\/wp-json\/wp\/v2\/product"}],"about":[{"href":"https:\/\/www.budoshop.si\/sl\/wp-json\/wp\/v2\/types\/product"}],"replies":[{"embeddable":true,"href":"https:\/\/www.budoshop.si\/sl\/wp-json\/wp\/v2\/comments?post=74398"}],"wp:featuredmedia":[{"embeddable":true,"href":"https:\/\/www.budoshop.si\/sl\/wp-json\/wp\/v2\/media\/107360"}],"wp:attachment":[{"href":"https:\/\/www.budoshop.si\/sl\/wp-json\/wp\/v2\/media?parent=74398"}],"wp:term":[{"taxonomy":"product_brand","embeddable":true,"href":"https:\/\/www.budoshop.si\/sl\/wp-json\/wp\/v2\/product_brand?post=74398"},{"taxonomy":"product_cat","embeddable":true,"href":"https:\/\/www.budoshop.si\/sl\/wp-json\/wp\/v2\/product_cat?post=74398"},{"taxonomy":"product_tag","embeddable":true,"href":"https:\/\/www.budoshop.si\/sl\/wp-json\/wp\/v2\/product_tag?post=74398"}],"curies":[{"name":"wp","href":"https:\/\/api.w.org\/{rel}","templated":true}]}}