{"id":74235,"date":"2018-09-13T06:51:49","date_gmt":"2018-09-13T04:51:49","guid":{"rendered":"https:\/\/budoshop.si\/?product=jiu-jitsu-gi-kimono-white-outlet"},"modified":"2024-05-05T14:12:03","modified_gmt":"2024-05-05T12:12:03","slug":"jiu-jitsu-gi-kimono-white-outlet-1","status":"publish","type":"product","link":"https:\/\/www.budoshop.si\/sl\/izdelek\/jiu-jitsu-gi-kimono-white-outlet-1\/","title":{"rendered":"Jiu  jitsu Gi (Kimono) &#8221;WHITE&#8221; &#8211; OUTLET!!!"},"content":{"rendered":"<div style=\"text-align: justify;\"><span style=\"color: #c00000;\"><span style=\"font-size: small;\">Belo (BJJ) Jiu-jitsu Kimono znamke Shimai. Kimono je izdelano iz 100% bomba\u017ea po tradicionalnem BJJ kroju. Jakna je izdelana iz posebno oja\u010danega zrnastega materiala (zgornji in spodnji del) z dodatno oja\u010danimi reverji, hla\u010de pa imajo dvojno plast vzdol\u017e celotne prednje strani. Na ramenih in obeh hla\u010dnicah se nahajajo atraktivni Jiu-jitsu na\u0161itki. Kimono je tako primerno za najtr\u0161i vsakodnevni BJJ trening.<\/span><\/p>\n<p><span style=\"font-size: small;\">Set vklju\u010duje hla\u010de z vrvico v pasu in jakno zrnastega tkanja.<\/span><\/p>\n<p><span style=\"font-size: small;\">Vi\u0161ina: 180cm. <\/span><\/p>\n<p><span style=\"font-size: 11px;\">Pozor! Kimono ni predprano in se lahko pri prvem pranju skr\u010di za cca. 3%.<\/span><br \/><\/span><\/div>\n","protected":false},"excerpt":{"rendered":"<p><strong><span style=\"color: #002060;\">Belo SHIMAI Jiu-Jitsu Kimono.<\/span><\/strong><\/p>\n","protected":false},"featured_media":74237,"comment_status":"open","ping_status":"closed","template":"","meta":[],"product_brand":[],"product_cat":[2211],"product_tag":[],"class_list":{"0":"post-74235","1":"product","2":"type-product","3":"status-publish","4":"has-post-thumbnail","6":"product_cat-nekategorizirano","8":"first","9":"outofstock","10":"sale","11":"taxable","12":"shipping-taxable","13":"purchasable","14":"product-type-simple"},"_links":{"self":[{"href":"https:\/\/www.budoshop.si\/sl\/wp-json\/wp\/v2\/product\/74235","targetHints":{"allow":["GET"]}}],"collection":[{"href":"https:\/\/www.budoshop.si\/sl\/wp-json\/wp\/v2\/product"}],"about":[{"href":"https:\/\/www.budoshop.si\/sl\/wp-json\/wp\/v2\/types\/product"}],"replies":[{"embeddable":true,"href":"https:\/\/www.budoshop.si\/sl\/wp-json\/wp\/v2\/comments?post=74235"}],"wp:featuredmedia":[{"embeddable":true,"href":"https:\/\/www.budoshop.si\/sl\/wp-json\/wp\/v2\/media\/74237"}],"wp:attachment":[{"href":"https:\/\/www.budoshop.si\/sl\/wp-json\/wp\/v2\/media?parent=74235"}],"wp:term":[{"taxonomy":"product_brand","embeddable":true,"href":"https:\/\/www.budoshop.si\/sl\/wp-json\/wp\/v2\/product_brand?post=74235"},{"taxonomy":"product_cat","embeddable":true,"href":"https:\/\/www.budoshop.si\/sl\/wp-json\/wp\/v2\/product_cat?post=74235"},{"taxonomy":"product_tag","embeddable":true,"href":"https:\/\/www.budoshop.si\/sl\/wp-json\/wp\/v2\/product_tag?post=74235"}],"curies":[{"name":"wp","href":"https:\/\/api.w.org\/{rel}","templated":true}]}}