{"id":74195,"date":"2018-09-13T06:51:49","date_gmt":"2018-09-13T04:51:49","guid":{"rendered":"https:\/\/budoshop.si\/?product=togakure-ryu-bujinkan-budo-densho"},"modified":"2026-01-09T22:58:55","modified_gmt":"2026-01-09T21:58:55","slug":"togakure-ryu-bujinkan-budo-densho","status":"publish","type":"product","link":"https:\/\/www.budoshop.si\/sl\/izdelek\/togakure-ryu-bujinkan-budo-densho\/","title":{"rendered":"TOGAKURE RYU &#8211; Bujinkan Budo Densho"},"content":{"rendered":"<p style=\"text-align: justify;\"><span style=\"color: #993300; font-size: 15px;\">Ta \u201cmoderni\u201d Densho je predvsem potrebno jemati kot osnovni priro\u010dnik za dnevni trening. Posebnost te knjige je, da je vsak posamezen gib prikazan z ilustracijo, da bi se uporabnik lahko osredoto\u010dil na posamezno tehniko ali Kato. Vsako od tehnik dopolnjuje tudi kratek opis najbolj pomembnih golorokih oblik gibanja Togakure Ryu Ry\u00fb Taijutsu-ja. Poleg tega pa na kratko prikazuje \u0161e tehnike <em>Gyokushin Ry\u00fb<\/em> and <em>Kumogakure Ry\u00fb-ja<\/em>.<\/span><\/p>\n<p><span style=\"color: #993300; font-size: 15px;\"><strong>Iz vsebine:<\/strong><\/span><br \/>\n<span style=\"color: #993300; font-size: 15px;\">Kihon Gata<\/span><br \/>\n<span style=\"color: #993300; font-size: 15px;\">Kenzen Ichinyo<\/span><br \/>\n<span style=\"color: #993300; font-size: 15px;\">Kamae<\/span><br \/>\n<span style=\"color: #993300; font-size: 15px;\">Taijutsu Ukemi Gata<\/span><br \/>\n<span style=\"color: #993300; font-size: 15px;\">Shinobi Gaeshi Gata<\/span><br \/>\n<span style=\"color: #993300; font-size: 15px;\">Sant\u00f4 Tonk\u00f4 no Kata<\/span><br \/>\n<span style=\"color: #993300; font-size: 15px;\">Gyokushin Ry\u00fb<\/span><br \/>\n<span style=\"color: #993300; font-size: 15px;\">Gyokushin Ry\u00fb Ninp\u00f4<\/span><br \/>\n<span style=\"color: #993300; font-size: 15px;\">Gyokushin Ry\u00fb Kopp\u00f4jutsu<\/span><br \/>\n<span style=\"color: #993300; font-size: 15px;\">Kumogakure Ry\u00fb<\/span><\/p>\n<p><span style=\"color: #993300; font-size: 15px;\">136 strani, ve\u010d kot 250 ilustracij<\/span><\/p>\n<p><span style=\"color: #993300; font-size: 15px;\">Jezik: angle\u0161ki<\/span><\/p>\n","protected":false},"excerpt":{"rendered":"<p><span style=\"color: #002060;\">Avtor: <strong>Carsten KUHN &amp; Tommy James PETERS<\/strong><\/span><\/p>\n","protected":false},"featured_media":74197,"comment_status":"open","ping_status":"closed","template":"","meta":[],"product_brand":[],"product_cat":[797,1037],"product_tag":[],"class_list":{"0":"post-74195","1":"product","2":"type-product","3":"status-publish","4":"has-post-thumbnail","6":"product_cat-ninjutsu-1","7":"product_cat-ninjutsu-3","9":"first","10":"instock","11":"taxable","12":"shipping-taxable","13":"purchasable","14":"product-type-simple"},"_links":{"self":[{"href":"https:\/\/www.budoshop.si\/sl\/wp-json\/wp\/v2\/product\/74195","targetHints":{"allow":["GET"]}}],"collection":[{"href":"https:\/\/www.budoshop.si\/sl\/wp-json\/wp\/v2\/product"}],"about":[{"href":"https:\/\/www.budoshop.si\/sl\/wp-json\/wp\/v2\/types\/product"}],"replies":[{"embeddable":true,"href":"https:\/\/www.budoshop.si\/sl\/wp-json\/wp\/v2\/comments?post=74195"}],"wp:featuredmedia":[{"embeddable":true,"href":"https:\/\/www.budoshop.si\/sl\/wp-json\/wp\/v2\/media\/74197"}],"wp:attachment":[{"href":"https:\/\/www.budoshop.si\/sl\/wp-json\/wp\/v2\/media?parent=74195"}],"wp:term":[{"taxonomy":"product_brand","embeddable":true,"href":"https:\/\/www.budoshop.si\/sl\/wp-json\/wp\/v2\/product_brand?post=74195"},{"taxonomy":"product_cat","embeddable":true,"href":"https:\/\/www.budoshop.si\/sl\/wp-json\/wp\/v2\/product_cat?post=74195"},{"taxonomy":"product_tag","embeddable":true,"href":"https:\/\/www.budoshop.si\/sl\/wp-json\/wp\/v2\/product_tag?post=74195"}],"curies":[{"name":"wp","href":"https:\/\/api.w.org\/{rel}","templated":true}]}}