{"id":74175,"date":"2018-09-13T06:51:49","date_gmt":"2018-09-13T06:51:49","guid":{"rendered":"https:\/\/budoshop.si\/?product=bokken-made-in-japan"},"modified":"2026-01-09T07:55:03","modified_gmt":"2026-01-09T06:55:03","slug":"bokken-made-in-japan","status":"publish","type":"product","link":"https:\/\/www.budoshop.si\/sl\/izdelek\/bokken-made-in-japan\/","title":{"rendered":"Bokken &#8221;MADE IN JAPAN&#8221;"},"content":{"rendered":"<div style=\"text-align: justify;\"><span style=\"color: #993300; font-size: 15px;\">Lesen vadbeni Bokken me\u010d MADE IN JAPAN.<br \/>\n<span class=\"HwtZe\" lang=\"sl\"><span class=\"jCAhz ChMk0b\"><span class=\"ryNqvb\">Les, ki se uporablja za izdelavo tega lesenega oro\u017eja, je posajen, gojen in v celoti predelan v Hokaidu na Japonskem.<\/span><\/span> <span class=\"jCAhz ChMk0b\"><span class=\"ryNqvb\">Popolnoma primeren za Bokken\/Bokuto v smislu trdote, te\u017ee in vzdr\u017eljivosti.<\/span><\/span> <span class=\"jCAhz ChMk0b\"><span class=\"ryNqvb\">Japonski hrast je najbolj\u0161i material za lesene me\u010de.<\/span><\/span> <span class=\"jCAhz ChMk0b\"><span class=\"ryNqvb\">Hrast Hokkaido, ki mo\u010dno raste in se upira vetru in snegu mrzlih severnih de\u017eel Akan, lahko dose\u017ee vi\u0161ino do 35 metrov, nekatera drevesa pa so stara ve\u010d kot 1000 let.<\/span><\/span> <span class=\"jCAhz ChMk0b\"><span class=\"ryNqvb\">Hrast in njegove zna\u010dilnosti so bili temeljito pregledani, lesene me\u010de pa so enega za drugim skrbno dokon\u010dali izku\u0161eni obrtniki.<\/span><\/span> <span class=\"jCAhz ChMk0b\"><span class=\"ryNqvb\">Ne samo, da je robusten, trpe\u017een in vodoodporen, ampak je zaradi lepote in elegance hrasta, ki ni niti prete\u017eak niti prelahek, idealen les za lesene me\u010de za Kendo in druge borilne ve\u0161\u010dine, Suburi <\/span><\/span><\/span><span class=\"HwtZe\" lang=\"sl\"><span class=\"jCAhz ChMk0b\"><span class=\"ryNqvb\"> zamahe <\/span><\/span><\/span><span class=\"HwtZe\" lang=\"sl\"><span class=\"jCAhz ChMk0b\"><span class=\"ryNqvb\">in<\/span><\/span> Kata v<span class=\"jCAhz ChMk0b\"><span class=\"ryNqvb\">adbe.<br \/>\n<\/span><\/span><\/span>Me\u010d je pri ro\u010daju opremljen s plasti\u010dno Tsubo (\u0161\u010ditnikom), ki je pritrjena z gumo, kar omogo\u010da varen trening me\u010devanja.<\/span><span style=\"font-size: 15px; color: #993300;\">Skupna dol\u017eina: cca. 101,5 cm.<\/span><br \/>\n<span style=\"font-size: 15px; color: #993300;\">Dol\u017eina rezila: cca. 76 cm.<\/span><br \/>\n<span style=\"font-size: 15px; color: #993300;\">Dol\u017eina ro\u010daja: cca. 25 cm.<\/span><br \/>\n<span style=\"font-size: 15px; color: #993300;\">Te\u017ea: cca. 500 g<\/span><\/p>\n<\/div>\n<div style=\"text-align: justify;\"><\/div>\n<p style=\"text-align: justify;\"><span style=\"color: #c00000;\"><span style=\"color: #993300; font-size: 11px;\">Opozorilo!<br \/>\n\u25ba Artikel je namenjen samo dekorativni uporabi oziroma osebnemu treningu borilnih ve\u0161\u010din.<br \/>\n\u25ba Po prodaji, prodajalec ni ve\u010d odgovoren za nikakr\u0161ne po\u0161kodbe, ki se lahko zgodijo zaradi napa\u010dne uporabe ali zanemarjanja teh opozoril. Novi lastnik prevzema popolno odgovornost za skrb in uporabo tega artikla.<br \/>\n\u25ba Vsakr\u0161na napa\u010dna uporaba ali nepazljivost lahko vam ali drugemu povzro\u010di resne po\u0161kodbe ali celo smrt!<br \/>\n\u25ba Ta artikel se v nobenem primeru ne sme uporabljati na drugi osebi!<\/span><br \/>\n<\/span><\/p>\n","protected":false},"excerpt":{"rendered":"<p><strong><span style=\"color: #002060;\">Lesen trening Bokken me\u010d izdelan iz japonskega hrasta.<\/span><\/strong><\/p>\n","protected":false},"featured_media":74177,"comment_status":"open","ping_status":"closed","template":"","meta":[],"product_brand":[5612],"product_cat":[1035,757,1037],"product_tag":[],"class_list":{"0":"post-74175","1":"product","2":"type-product","3":"status-publish","4":"has-post-thumbnail","6":"product_brand-kamikaze","7":"product_cat-aikido-kendo-iai-kobudo-1","8":"product_cat-leseni","9":"product_cat-ninjutsu-3","11":"first","12":"instock","13":"taxable","14":"shipping-taxable","15":"purchasable","16":"product-type-simple"},"_links":{"self":[{"href":"https:\/\/www.budoshop.si\/sl\/wp-json\/wp\/v2\/product\/74175","targetHints":{"allow":["GET"]}}],"collection":[{"href":"https:\/\/www.budoshop.si\/sl\/wp-json\/wp\/v2\/product"}],"about":[{"href":"https:\/\/www.budoshop.si\/sl\/wp-json\/wp\/v2\/types\/product"}],"replies":[{"embeddable":true,"href":"https:\/\/www.budoshop.si\/sl\/wp-json\/wp\/v2\/comments?post=74175"}],"wp:featuredmedia":[{"embeddable":true,"href":"https:\/\/www.budoshop.si\/sl\/wp-json\/wp\/v2\/media\/74177"}],"wp:attachment":[{"href":"https:\/\/www.budoshop.si\/sl\/wp-json\/wp\/v2\/media?parent=74175"}],"wp:term":[{"taxonomy":"product_brand","embeddable":true,"href":"https:\/\/www.budoshop.si\/sl\/wp-json\/wp\/v2\/product_brand?post=74175"},{"taxonomy":"product_cat","embeddable":true,"href":"https:\/\/www.budoshop.si\/sl\/wp-json\/wp\/v2\/product_cat?post=74175"},{"taxonomy":"product_tag","embeddable":true,"href":"https:\/\/www.budoshop.si\/sl\/wp-json\/wp\/v2\/product_tag?post=74175"}],"curies":[{"name":"wp","href":"https:\/\/api.w.org\/{rel}","templated":true}]}}