{"id":74135,"date":"2018-09-13T06:51:49","date_gmt":"2018-09-13T04:51:49","guid":{"rendered":"https:\/\/budoshop.si\/?product=dolg-samurajski-mec-nodachi"},"modified":"2024-05-03T17:24:05","modified_gmt":"2024-05-03T15:24:05","slug":"dolg-samurajski-mec-nodachi","status":"publish","type":"product","link":"https:\/\/www.budoshop.si\/sl\/izdelek\/dolg-samurajski-mec-nodachi\/","title":{"rendered":"Izredno dolg Samurajski me\u010d &#8221;NODACHI&#8221;"},"content":{"rendered":"<p style=\"vertical-align: top; text-align: justify;\"><span style=\"color: #993300; font-size: 15px;\">Ta Samurajski me\u010d je nekaj prav posebnega in ga je te\u017eko dobiti. Nodachi je kar <strong>170<\/strong><strong> cm dolg me\u010d<\/strong>, ki se je uporabljal za bojevanje na bojnem polju. DAnes je samo \u0161e nekaj \u0161ol, ki u\u010dijo uporabe tak\u0161nega me\u010da, je pa zagotovo izziv vsem praktikantom japonskega me\u010devanja. Prav tako je ta me\u010d obveznen v zbirki vsakega resnega zbiratelja japonskih me\u010dev.<\/span><\/p>\n<p style=\"vertical-align: top; text-align: justify;\"><span style=\"color: #993300; font-size: 15px;\">Ta me\u010d je narejen ro\u010dno po tradicionalni metodi, za izdelavo pa so uporabljeni samo najbolj\u0161i materiali. Rezilo je izdelano iz kovanega AISI 1060 High Carbon jekla in ro\u010dno polirano. Vsi dodatki (Tsuba, Fuchi, Kashira, Habaki) so kovinski in ro\u010dno izdelani, ne kot pri serijsko izdelovanih me\u010dih, kjer so aluminijasti. Tradicionalni proces izdelave daje me\u010du maksimalno \u010dvrstino in pro\u017enost. Ker je me\u010d izdelan ro\u010dno, se vsak izdelan razlikuje od drugega. Za la\u017eje vzdr\u017eevanje se lahko me\u010d popolnoma razstavi.<\/span><\/p>\n<p><span style=\"font-size: 15px; color: #993300;\">Ta me\u010d ni serijske produkcije pri kateri se uporabljajo materiali slab\u0161e kvalitete!<\/span><\/p>\n<p style=\"text-align: justify;\"><span style=\"color: #993300; font-size: 15px;\">Detajli:<br \/>\nRezilo: AISI 1060 High Carbon Steel<br \/>\nNAGASA (dol\u017eina rezila): 129 cm (131 cm s Habaki-jem)<br \/>\nHAMON (ostrina rezila): Notare style<br \/>\nSORI (ukrivljenost): 4,50 cm<br \/>\nTSUKA (ro\u010daj): 40 cm<br \/>\nTSUKA ITO (navitje ro\u010daja): \u010drn bomba\u017e<br \/>\nSAME (podloga ro\u010daja): pravo ribje usnje<br \/>\nTSUBA (\u0161\u010ditnik): Mokkogata<br \/>\nBOHI (\u017eleb): DA<br \/>\nSAYA (no\u017enica): 136 cm, \u010drno lakiran Kuroro les<br \/>\nSAGEO (vrvica): \/<br \/>\nMEKUGI (zati\u010d): bambusov 2X<br \/>\nTe\u017ea: cca. 2.100 g (s Sayo) &#8211; 1.730 g (brez Saye)<br \/>\nSkupna dol\u017eina: cca. 170 cm <\/span><\/p>\n<p style=\"vertical-align: top; text-align: justify;\"><span style=\"color: #993300; font-size: 15px;\">Me\u010d ni nabru\u0161en, lahko pa se ga brusi<\/span><\/p>\n<p style=\"vertical-align: top; text-align: justify;\"><span style=\"color: #993300; font-size: 15px;\">Darilo: \u010drna bomba\u017ena torba.<\/span><\/p>\n<p style=\"text-align: justify;\"><span style=\"font-size: 15px; color: #993300;\"><strong>Artikel dobavljamo po naro\u010dilu.<\/strong><\/span><\/p>\n<p style=\"vertical-align: top; text-align: justify;\"><span style=\"color: #993300; font-size: 15px;\">TA ARTIKEL PRODAJAMO SAMO POLNOLETNIM OSEBAM.<\/span><\/p>\n<p>&nbsp;<\/p>\n<p style=\"vertical-align: top; text-align: justify;\"><span style=\"color: #993300; font-size: 11px;\">Opozorilo!<br \/>\n\u25ba Artikel je namenjen samo dekorativni uporabi oziroma osebnemu treningu borilnih ve\u0161\u010din.<br \/>\n\u25ba Po prodaji, prodajalec ni ve\u010d odgovoren za nikakr\u0161ne po\u0161kodbe, ki se lahko zgodijo zaradi napa\u010dne uporabe ali zanemarjanja teh opozoril. Novi lastnik prevzema popolno odgovornost za skrb in uporabo tega artikla.<br \/>\n\u25ba Vsakr\u0161na napa\u010dna uporaba ali nepazljivost lahko vam ali drugemu povzro\u010di resne po\u0161kodbe ali celo smrt!<br \/>\n\u25ba Ta artikel se v nobenem primeru ne sme uporabljati na drugi osebi!<\/span><\/p>\n","protected":false},"excerpt":{"rendered":"<p><strong><span style=\"color: #002060;\">Izredno dolg Katana me\u010d.<\/span><\/strong><\/p>\n","protected":false},"featured_media":74137,"comment_status":"open","ping_status":"closed","template":"","meta":[],"product_brand":[],"product_cat":[5383,1037,931,977,1055],"product_tag":[],"class_list":{"0":"post-74135","1":"product","2":"type-product","3":"status-publish","4":"has-post-thumbnail","6":"product_cat-iaito-trening-katana-meci","7":"product_cat-ninjutsu-3","8":"product_cat-posebni-meci","9":"product_cat-yari-no-hanzo-1","10":"product_cat-yari-no-hanzo-3","12":"first","13":"onbackorder","14":"taxable","15":"shipping-taxable","16":"purchasable","17":"product-type-simple"},"_links":{"self":[{"href":"https:\/\/www.budoshop.si\/sl\/wp-json\/wp\/v2\/product\/74135","targetHints":{"allow":["GET"]}}],"collection":[{"href":"https:\/\/www.budoshop.si\/sl\/wp-json\/wp\/v2\/product"}],"about":[{"href":"https:\/\/www.budoshop.si\/sl\/wp-json\/wp\/v2\/types\/product"}],"replies":[{"embeddable":true,"href":"https:\/\/www.budoshop.si\/sl\/wp-json\/wp\/v2\/comments?post=74135"}],"wp:featuredmedia":[{"embeddable":true,"href":"https:\/\/www.budoshop.si\/sl\/wp-json\/wp\/v2\/media\/74137"}],"wp:attachment":[{"href":"https:\/\/www.budoshop.si\/sl\/wp-json\/wp\/v2\/media?parent=74135"}],"wp:term":[{"taxonomy":"product_brand","embeddable":true,"href":"https:\/\/www.budoshop.si\/sl\/wp-json\/wp\/v2\/product_brand?post=74135"},{"taxonomy":"product_cat","embeddable":true,"href":"https:\/\/www.budoshop.si\/sl\/wp-json\/wp\/v2\/product_cat?post=74135"},{"taxonomy":"product_tag","embeddable":true,"href":"https:\/\/www.budoshop.si\/sl\/wp-json\/wp\/v2\/product_tag?post=74135"}],"curies":[{"name":"wp","href":"https:\/\/api.w.org\/{rel}","templated":true}]}}