{"id":74113,"date":"2018-09-13T06:51:49","date_gmt":"2018-09-13T04:51:49","guid":{"rendered":"https:\/\/budoshop.si\/?product=katana-sakura"},"modified":"2023-10-17T09:18:53","modified_gmt":"2023-10-17T07:18:53","slug":"katana-sakura","status":"publish","type":"product","link":"https:\/\/www.budoshop.si\/sl\/izdelek\/katana-sakura\/","title":{"rendered":"Katana &#8221;SAKURA&#8221;"},"content":{"rendered":"<p style=\"text-align: justify;\"><span style=\"color: #993300; font-size: 15px;\">Ta Sakura Katana me\u010d je izdelan ro\u010dno po tradicionalni metodi, za izdelavo pa so izbrani samo materiali najbolj\u0161e kvalitete. Rezilo je narejeno iz 1060 Carbon jekla in ro\u010dno kovano ter polirano. Vsi dodatki (Tsuba, Fuchi, Kashira, Habaki) so kovinski in ro\u010dno narejeni, za razliko od cenej\u0161ih me\u010dev, kjer so ti narejeni iz aluminijaste litine.<br \/>\nMe\u010d odlikuje \u0161e kvalitetna Tsuba z motivom Sakura \u010de\u0161njega sveta.<br \/>\nZa la\u017eje vzdr\u017eevanje se lahko me\u010d popolnoma razstavi.<\/span><\/p>\n<p><span style=\"font-size: 15px; color: #993300;\">Ker je me\u010d izdelan ro\u010dno je vsak unikaten in se razlikuje od drugega.<\/span><\/p>\n<p><span style=\"font-size: 15px; color: #993300;\">Nenabru\u0161en ali nabru\u0161en (zahteva nekaj dni za dobavo).<\/span><\/p>\n<p><span style=\"font-size: 15px; color: #993300;\">Detajli: <\/span><br \/>\n<span style=\"font-size: 15px; color: #993300;\">Kovina: 1060 High Carbon Steel <\/span><br \/>\n<span style=\"font-size: 15px; color: #993300;\">NAGASA (dol\u017eina rezila): 67 cm (69 cm s Habaki-jem) <\/span><br \/>\n<span style=\"font-size: 15px; color: #993300;\">HAMON (motiv ostrine): Notare style<\/span><br \/>\n<span style=\"font-size: 15px; color: #993300;\">SORI (ukrivljenost rezila): 2,00 cm <\/span><br \/>\n<span style=\"font-size: 15px; color: #993300;\">TSUKA (ro\u010daj): 25,5 cm <\/span><br \/>\n<span style=\"font-size: 15px; color: #993300;\">TSUKA ITO (navitje ro\u010daja): \u010drn bomba\u017e<\/span><br \/>\n<span style=\"font-size: 15px; color: #993300;\">SAME (podloga ro\u010daja): pravo ribje usnje <\/span><br \/>\n<span style=\"font-size: 15px; color: #993300;\">TSUBA (\u0161\u010ditnik): Shin no Marugata<\/span><br \/>\n<span style=\"font-size: 15px; color: #993300;\">BOHI (utor v rezilu): DA enojni<\/span><br \/>\n<span style=\"font-size: 15px; color: #993300;\">SAYA (no\u017enica): 76 cm \u010drno lakiran Kuroro les<\/span><br \/>\n<span style=\"font-size: 15px; color: #993300;\">SAGEO (vrvica): NE<\/span><br \/>\n<span style=\"font-size: 15px; color: #993300;\">MEKUGI (zati\u010d): 2X bambusov<\/span><br \/>\n<span style=\"font-size: 15px; color: #993300;\">Te\u017ea: cca. 1.085 g (s Sayo), 890 g (brez Saye) <\/span><\/p>\n<p><span style=\"font-size: 15px; color: #993300;\"><strong>Darilo: boma\u017ena torba! <\/strong><\/span><\/p>\n<p>&nbsp;<\/p>\n<p style=\"vertical-align: top;\"><span style=\"color: #993300; font-size: 15px;\">TA ARTIKEL PRODAJAMO SAMO POLNOLETNIM OSEBAM!<\/span><\/p>\n<p style=\"vertical-align: top;\">\n<p style=\"vertical-align: top;\"><span style=\"color: #993300; font-size: 11px;\">Opozorilo!<br \/>\n\u25ba Artikel je namenjen samo dekorativni uporabi oziroma osebnemu treningu borilnih ve\u0161\u010din.<br \/>\n\u25ba Po prodaji, prodajalec ni ve\u010d odgovoren za nikakr\u0161ne po\u0161kodbe, ki se lahko zgodijo zaradi napa\u010dne uporabe ali zanemarjanja teh opozoril. Novi lastnik prevzema popolno odgovornost za skrb in uporabo tega artikla.<br \/>\n\u25ba Vsakr\u0161na napa\u010dna uporaba ali nepazljivost lahko vam ali drugemu povzro\u010di resne po\u0161kodbe ali celo smrt!<br \/>\n\u25ba Ta artikel se v nobenem primeru ne sme uporabljati na drugi osebi!<\/span><\/p>\n<p>&nbsp;<\/p>\n","protected":false},"excerpt":{"rendered":"<p><strong><span style=\"color: #002060;\">Vrhunski Samurajski Katana Iai-do trening me\u010d.<\/span><\/strong><\/p>\n","protected":false},"featured_media":74115,"comment_status":"open","ping_status":"closed","template":"","meta":[],"product_brand":[],"product_cat":[5384,5383,1035,1037,977,1055],"product_tag":[],"class_list":{"0":"post-74113","1":"product","2":"type-product","3":"status-publish","4":"has-post-thumbnail","6":"product_cat-shinken-trening-katana-meci","7":"product_cat-iaito-trening-katana-meci","8":"product_cat-aikido-kendo-iai-kobudo-1","9":"product_cat-ninjutsu-3","10":"product_cat-yari-no-hanzo-1","11":"product_cat-yari-no-hanzo-3","12":"pa_model-nabrusen-sl","13":"pa_model-nenabrusen-sl","15":"first","16":"instock","17":"taxable","18":"shipping-taxable","19":"purchasable","20":"product-type-variable"},"_links":{"self":[{"href":"https:\/\/www.budoshop.si\/sl\/wp-json\/wp\/v2\/product\/74113","targetHints":{"allow":["GET"]}}],"collection":[{"href":"https:\/\/www.budoshop.si\/sl\/wp-json\/wp\/v2\/product"}],"about":[{"href":"https:\/\/www.budoshop.si\/sl\/wp-json\/wp\/v2\/types\/product"}],"replies":[{"embeddable":true,"href":"https:\/\/www.budoshop.si\/sl\/wp-json\/wp\/v2\/comments?post=74113"}],"wp:featuredmedia":[{"embeddable":true,"href":"https:\/\/www.budoshop.si\/sl\/wp-json\/wp\/v2\/media\/74115"}],"wp:attachment":[{"href":"https:\/\/www.budoshop.si\/sl\/wp-json\/wp\/v2\/media?parent=74113"}],"wp:term":[{"taxonomy":"product_brand","embeddable":true,"href":"https:\/\/www.budoshop.si\/sl\/wp-json\/wp\/v2\/product_brand?post=74113"},{"taxonomy":"product_cat","embeddable":true,"href":"https:\/\/www.budoshop.si\/sl\/wp-json\/wp\/v2\/product_cat?post=74113"},{"taxonomy":"product_tag","embeddable":true,"href":"https:\/\/www.budoshop.si\/sl\/wp-json\/wp\/v2\/product_tag?post=74113"}],"curies":[{"name":"wp","href":"https:\/\/api.w.org\/{rel}","templated":true}]}}