{"id":74095,"date":"2018-09-13T06:51:49","date_gmt":"2018-09-13T06:51:49","guid":{"rendered":"https:\/\/budoshop.si\/?product=samurajski-mec-tachi"},"modified":"2023-09-29T19:09:00","modified_gmt":"2023-09-29T17:09:00","slug":"samurajski-mec-tachi","status":"publish","type":"product","link":"https:\/\/www.budoshop.si\/sl\/izdelek\/samurajski-mec-tachi\/","title":{"rendered":"Samurajski me\u010d &#8221;TACHI&#8221;"},"content":{"rendered":"<p style=\"vertical-align: top; text-align: justify;\"><span style=\"color: #993300; font-size: 15px;\">Ta model je replika pravega ceremonialnega Samurajskega me\u010da.<br \/>\nTachi je stara oblika japonskega me\u010da, ki se je uporabljal pred Katano. So bolj ukrivljeni od Katane in se ne nosijo za pasom, temve\u010d so bili obe\u0161eni za pas z rezilom obrnjenim navzdol.<\/span><\/p>\n<p style=\"vertical-align: top; text-align: justify;\"><span style=\"color: #993300; font-size: 15px;\">Rezilo tega misti\u010dnega in fascinantnega me\u010da je izdelan iz AISI 1060 High Carbon jekla, ki je segreto na HRC 50-53 in polirano. Je brez HI utora vzdol\u017e rezila. rezilo je zelo dobro uravnove\u0161eno. Saya je \u010drne barve s srebrnimi dekoracijami in zaklju\u010dki. Tsuba in Fuchi sta prav tako posrebrena, Tsuka pa je ovita v bomba\u017eno vrvico 0ice0 srebrne barve.<\/span><\/p>\n<p style=\"vertical-align: top; text-align: justify;\"><span style=\"color: #993300; font-size: 15px;\"><br \/>\nDetajli:<br \/>\nRezilo: AISI 1060 High Carbon Steel<br \/>\nNAGASA (dol\u017eina rezila): 70 cm, 72,5 cm s Habaki-jem<br \/>\nHAMON (motiv ostrine): DA, Notare style<br \/>\nSORI (ukrivljenost): 3,00 cm<br \/>\nTSUKA (ro\u010daj): 29 cm<br \/>\nTSUKA ITO (navitje ro\u010daja): bomba\u017e &#8216;Ice&#8217; barve<br \/>\nSAME (podloga ro\u010daja): pravo ribje usnje<br \/>\nTSUBA (\u0161\u010ditnik): Aoigata (ro\u010dno izdelan!)<br \/>\nBOHI (\u017eleb): NE<br \/>\nSAYA (no\u017enica): 75 cm, \u010drno lakiran Kuroro les<br \/>\nSAGEO (vrvica): pravi bomba\u017eni Kikko Sageo &#8216;Ice&#8217; barve<br \/>\nMEKUGI (zati\u010d): bambusov2X<br \/>\nTe\u017ea: cca. 1.500 g (s Sayo), 1.150 g (brez Saye) <\/span><\/p>\n<p><span style=\"font-size: 15px; color: #993300;\">Me\u010d ni nabru\u0161en.<\/span><\/p>\n<p style=\"vertical-align: top; text-align: justify;\"><span style=\"color: #993300; font-size: 15px;\">Darilo: \u010drna bomba\u017ena torba.<\/span><\/p>\n<p style=\"vertical-align: top; text-align: justify;\"><span style=\"color: #993300; font-size: 15px;\">TA ARTIKEL PRODAJAMO SAMO POLNOLETNIM OSEBAM.<\/span><\/p>\n<p style=\"vertical-align: top; text-align: justify;\">\n<p style=\"vertical-align: top; text-align: justify;\"><span style=\"color: #993300; font-size: 11px;\">Opozorilo!<br \/>\n\u25ba Artikel je namenjen samo dekorativni uporabi oziroma osebnemu treningu borilnih ve\u0161\u010din.<br \/>\n\u25ba Po prodaji, prodajalec ni ve\u010d odgovoren za nikakr\u0161ne po\u0161kodbe, ki se lahko zgodijo zaradi napa\u010dne uporabe ali zanemarjanja teh opozoril. Novi lastnik prevzema popolno odgovornost za skrb in uporabo tega artikla.<br \/>\n\u25ba Vsakr\u0161na napa\u010dna uporaba ali nepazljivost lahko vam ali drugemu povzro\u010di resne po\u0161kodbe ali celo smrt!<br \/>\n\u25ba Ta artikel se v nobenem primeru ne sme uporabljati na drugi osebi!<\/span><\/p>\n","protected":false},"excerpt":{"rendered":"<p><strong><span style=\"color: #002060;\">Tradicionalni Japonski ceremonialni Samurajski me\u010d.<\/span><\/strong><\/p>\n","protected":false},"featured_media":74097,"comment_status":"open","ping_status":"closed","template":"","meta":[],"product_brand":[5600],"product_cat":[1035,5382,5383,1037,931,1055,977],"product_tag":[],"class_list":{"0":"post-74095","1":"product","2":"type-product","3":"status-publish","4":"has-post-thumbnail","6":"product_brand-yari-no-hanzo","7":"product_cat-aikido-kendo-iai-kobudo-1","8":"product_cat-dekorativni-katana-meci","9":"product_cat-iaito-trening-katana-meci","10":"product_cat-ninjutsu-3","11":"product_cat-posebni-meci","12":"product_cat-yari-no-hanzo-3","13":"product_cat-yari-no-hanzo-1","15":"first","16":"instock","17":"taxable","18":"shipping-taxable","19":"purchasable","20":"product-type-simple"},"_links":{"self":[{"href":"https:\/\/www.budoshop.si\/sl\/wp-json\/wp\/v2\/product\/74095","targetHints":{"allow":["GET"]}}],"collection":[{"href":"https:\/\/www.budoshop.si\/sl\/wp-json\/wp\/v2\/product"}],"about":[{"href":"https:\/\/www.budoshop.si\/sl\/wp-json\/wp\/v2\/types\/product"}],"replies":[{"embeddable":true,"href":"https:\/\/www.budoshop.si\/sl\/wp-json\/wp\/v2\/comments?post=74095"}],"wp:featuredmedia":[{"embeddable":true,"href":"https:\/\/www.budoshop.si\/sl\/wp-json\/wp\/v2\/media\/74097"}],"wp:attachment":[{"href":"https:\/\/www.budoshop.si\/sl\/wp-json\/wp\/v2\/media?parent=74095"}],"wp:term":[{"taxonomy":"product_brand","embeddable":true,"href":"https:\/\/www.budoshop.si\/sl\/wp-json\/wp\/v2\/product_brand?post=74095"},{"taxonomy":"product_cat","embeddable":true,"href":"https:\/\/www.budoshop.si\/sl\/wp-json\/wp\/v2\/product_cat?post=74095"},{"taxonomy":"product_tag","embeddable":true,"href":"https:\/\/www.budoshop.si\/sl\/wp-json\/wp\/v2\/product_tag?post=74095"}],"curies":[{"name":"wp","href":"https:\/\/api.w.org\/{rel}","templated":true}]}}