{"id":74077,"date":"2018-09-13T06:51:49","date_gmt":"2018-09-13T06:51:49","guid":{"rendered":"https:\/\/budoshop.si\/?product=tarca-za-projektile"},"modified":"2026-01-22T13:15:43","modified_gmt":"2026-01-22T12:15:43","slug":"tarca-za-projektile","status":"publish","type":"product","link":"https:\/\/www.budoshop.si\/sl\/izdelek\/tarca-za-projektile\/","title":{"rendered":"Tar\u010da za metalne no\u017ee in konice"},"content":{"rendered":"<div style=\"text-align: justify;\">\n<p><span style=\"color: #993300; font-size: 15px;\">Tar\u010da za projektile (metalni no\u017e, Shuriken, pihalnik&#8230;) \u010drne barve z dvostranskim motivom v rumeni barvi. Izdelana iz stisnjega papirja, da ne po\u0161koduje konic.<br \/>\nTar\u010do enostavno obesite na kavelj na poljubni razdalji in vi\u0161ini ter za ciljanje uporabljate eno ali drugo stran.<\/span><\/p>\n<p><span style=\"font-size: 15px; color: #993300;\">Premer cca. 38 cm.<\/span><br \/>\n<span style=\"font-size: 15px; color: #993300;\">Debelina cca. 2,5 cm.<\/span><\/p>\n<\/div>\n","protected":false},"excerpt":{"rendered":"<p><span style=\"color: #002060;\"><strong>Dvostranska vise\u010da tar\u010da za metalne no\u017ee in konice.<\/strong><\/span><\/p>\n","protected":false},"featured_media":110103,"comment_status":"open","ping_status":"closed","template":"","meta":[],"product_brand":[5610],"product_cat":[1037,923,847],"product_tag":[],"class_list":{"0":"post-74077","1":"product","2":"type-product","3":"status-publish","4":"has-post-thumbnail","6":"product_brand-haller","7":"product_cat-ninjutsu-3","8":"product_cat-ostalo-5","9":"product_cat-ninja-1","11":"first","12":"instock","13":"taxable","14":"shipping-taxable","15":"purchasable","16":"product-type-simple"},"_links":{"self":[{"href":"https:\/\/www.budoshop.si\/sl\/wp-json\/wp\/v2\/product\/74077","targetHints":{"allow":["GET"]}}],"collection":[{"href":"https:\/\/www.budoshop.si\/sl\/wp-json\/wp\/v2\/product"}],"about":[{"href":"https:\/\/www.budoshop.si\/sl\/wp-json\/wp\/v2\/types\/product"}],"replies":[{"embeddable":true,"href":"https:\/\/www.budoshop.si\/sl\/wp-json\/wp\/v2\/comments?post=74077"}],"wp:featuredmedia":[{"embeddable":true,"href":"https:\/\/www.budoshop.si\/sl\/wp-json\/wp\/v2\/media\/110103"}],"wp:attachment":[{"href":"https:\/\/www.budoshop.si\/sl\/wp-json\/wp\/v2\/media?parent=74077"}],"wp:term":[{"taxonomy":"product_brand","embeddable":true,"href":"https:\/\/www.budoshop.si\/sl\/wp-json\/wp\/v2\/product_brand?post=74077"},{"taxonomy":"product_cat","embeddable":true,"href":"https:\/\/www.budoshop.si\/sl\/wp-json\/wp\/v2\/product_cat?post=74077"},{"taxonomy":"product_tag","embeddable":true,"href":"https:\/\/www.budoshop.si\/sl\/wp-json\/wp\/v2\/product_tag?post=74077"}],"curies":[{"name":"wp","href":"https:\/\/api.w.org\/{rel}","templated":true}]}}