{"id":73993,"date":"2018-09-13T06:51:49","date_gmt":"2018-09-13T04:51:49","guid":{"rendered":"https:\/\/budoshop.si\/?product=zacetniski-boksarski-set"},"modified":"2024-04-18T12:30:51","modified_gmt":"2024-04-18T10:30:51","slug":"zacetniski-boksarski-set","status":"publish","type":"product","link":"https:\/\/www.budoshop.si\/sl\/izdelek\/zacetniski-boksarski-set\/","title":{"rendered":"Za\u010detni\u0161ki Kickboxing set"},"content":{"rendered":"<div style=\"text-align: justify;\">\n<p><span style=\"font-size: 15px; color: #993300;\">Za\u010detni Kickboxing set sestavlja: <\/span><\/p>\n<p><span style=\"font-size: 15px; color: #993300;\"><strong>&#8211; kratke hla\u010de &#8216;BLACK&#8217; <\/strong> <strong><br \/>\n&#8211; rokavice &#8216;REX 10&#8217;<br \/>\n&#8211; banda\u017ee &#8216;SEMI<\/strong><\/span><\/p>\n<p><span style=\"font-size: 15px; color: #993300;\">DARILO: <strong>\u0160\u010ditnik za zobe!<\/strong><\/span><\/p>\n<p><span style=\"color: #993300; font-size: 15px;\">Velikost: S &#8211; M &#8211; L &#8211; XL<\/span><\/p>\n<\/div>\n","protected":false},"excerpt":{"rendered":"<p>Za\u010detni Kickboxing set sestavlja: &#8211; kratke hla\u010de &#8216;BLACK&#8217; &#8211; rokavice &#8216;REX 10&#8217; &#8211; banda\u017ee &#8216;SEMI DARILO: \u0160\u010ditnik za zobe! Velikost: S &#8211; M &#8211; L &#8211; XL<\/p>\n","protected":false},"featured_media":73995,"comment_status":"open","ping_status":"closed","template":"","meta":[],"product_brand":[],"product_cat":[1043,927,925],"product_tag":[],"class_list":{"0":"post-73993","1":"product","2":"type-product","3":"status-publish","4":"has-post-thumbnail","6":"product_cat-boks-kickbox-tajski-boks-mma","7":"product_cat-v-akciji","8":"product_cat-mma-in-boxing-set","9":"pa_velikost-s-sl-2","10":"pa_velikost-m-sl-2","11":"pa_velikost-l-sl-2","12":"pa_velikost-xl-sl","14":"first","15":"instock","16":"sale","17":"taxable","18":"shipping-taxable","19":"purchasable","20":"product-type-variable"},"_links":{"self":[{"href":"https:\/\/www.budoshop.si\/sl\/wp-json\/wp\/v2\/product\/73993","targetHints":{"allow":["GET"]}}],"collection":[{"href":"https:\/\/www.budoshop.si\/sl\/wp-json\/wp\/v2\/product"}],"about":[{"href":"https:\/\/www.budoshop.si\/sl\/wp-json\/wp\/v2\/types\/product"}],"replies":[{"embeddable":true,"href":"https:\/\/www.budoshop.si\/sl\/wp-json\/wp\/v2\/comments?post=73993"}],"wp:featuredmedia":[{"embeddable":true,"href":"https:\/\/www.budoshop.si\/sl\/wp-json\/wp\/v2\/media\/73995"}],"wp:attachment":[{"href":"https:\/\/www.budoshop.si\/sl\/wp-json\/wp\/v2\/media?parent=73993"}],"wp:term":[{"taxonomy":"product_brand","embeddable":true,"href":"https:\/\/www.budoshop.si\/sl\/wp-json\/wp\/v2\/product_brand?post=73993"},{"taxonomy":"product_cat","embeddable":true,"href":"https:\/\/www.budoshop.si\/sl\/wp-json\/wp\/v2\/product_cat?post=73993"},{"taxonomy":"product_tag","embeddable":true,"href":"https:\/\/www.budoshop.si\/sl\/wp-json\/wp\/v2\/product_tag?post=73993"}],"curies":[{"name":"wp","href":"https:\/\/api.w.org\/{rel}","templated":true}]}}