{"id":73979,"date":"2018-09-13T06:51:49","date_gmt":"2018-09-13T04:51:49","guid":{"rendered":"https:\/\/budoshop.si\/?product=kobudo-set-trening-orozja"},"modified":"2024-01-11T09:04:39","modified_gmt":"2024-01-11T08:04:39","slug":"kobudo-set-trening-orozja","status":"publish","type":"product","link":"https:\/\/www.budoshop.si\/sl\/izdelek\/kobudo-set-trening-orozja\/","title":{"rendered":"Kobudo set trening oro\u017eja"},"content":{"rendered":"<div style=\"text-align: justify;\">\n<p><span style=\"color: #993300; font-size: 15px;\">Kobudo set trening oro\u017eji sestavlja: <\/span><\/p>\n<p><span style=\"font-size: 15px; color: #993300;\"><strong>&#8211; lesen Tanto no\u017e<\/strong><strong><br \/>\n&#8211; lesen Bokken me\u010d<br \/>\n&#8211; lesena JO palica<br \/>\n&#8211; torba za oro\u017eje &#8216;KANJI&#8217;<\/strong><\/span><\/p>\n<p><span style=\"font-size: 15px; color: #993300;\">-DARILO: <strong>Obesek Katana!<\/strong><\/span><\/p>\n<p>&nbsp;<\/p>\n<\/div>\n","protected":false},"excerpt":{"rendered":"<p>Kobudo set trening oro\u017eji sestavlja: &#8211; lesen Tanto no\u017e &#8211; lesen Bokken me\u010d &#8211; lesena JO palica &#8211; torba za oro\u017eje &#8216;KANJI&#8217; -DARILO: Obesek Katana! &nbsp;<\/p>\n","protected":false},"featured_media":73981,"comment_status":"open","ping_status":"closed","template":"","meta":[],"product_brand":[],"product_cat":[875,1035,927,893,1037,887],"product_tag":[],"class_list":{"0":"post-73979","1":"product","2":"type-product","3":"status-publish","4":"has-post-thumbnail","6":"product_cat-aikido-set","7":"product_cat-aikido-kendo-iai-kobudo-1","8":"product_cat-v-akciji","9":"product_cat-kobudo-set","10":"product_cat-ninjutsu-3","11":"product_cat-ninjutsu-set","13":"first","14":"instock","15":"sale","16":"taxable","17":"shipping-taxable","18":"purchasable","19":"product-type-simple"},"_links":{"self":[{"href":"https:\/\/www.budoshop.si\/sl\/wp-json\/wp\/v2\/product\/73979","targetHints":{"allow":["GET"]}}],"collection":[{"href":"https:\/\/www.budoshop.si\/sl\/wp-json\/wp\/v2\/product"}],"about":[{"href":"https:\/\/www.budoshop.si\/sl\/wp-json\/wp\/v2\/types\/product"}],"replies":[{"embeddable":true,"href":"https:\/\/www.budoshop.si\/sl\/wp-json\/wp\/v2\/comments?post=73979"}],"wp:featuredmedia":[{"embeddable":true,"href":"https:\/\/www.budoshop.si\/sl\/wp-json\/wp\/v2\/media\/73981"}],"wp:attachment":[{"href":"https:\/\/www.budoshop.si\/sl\/wp-json\/wp\/v2\/media?parent=73979"}],"wp:term":[{"taxonomy":"product_brand","embeddable":true,"href":"https:\/\/www.budoshop.si\/sl\/wp-json\/wp\/v2\/product_brand?post=73979"},{"taxonomy":"product_cat","embeddable":true,"href":"https:\/\/www.budoshop.si\/sl\/wp-json\/wp\/v2\/product_cat?post=73979"},{"taxonomy":"product_tag","embeddable":true,"href":"https:\/\/www.budoshop.si\/sl\/wp-json\/wp\/v2\/product_tag?post=73979"}],"curies":[{"name":"wp","href":"https:\/\/api.w.org\/{rel}","templated":true}]}}