{"id":73633,"date":"2018-09-13T06:51:49","date_gmt":"2018-09-13T04:51:49","guid":{"rendered":"https:\/\/budoshop.si\/?product=ninjutsu-set-opreme"},"modified":"2023-10-23T17:52:16","modified_gmt":"2023-10-23T15:52:16","slug":"ninjutsu-set-opreme","status":"publish","type":"product","link":"https:\/\/www.budoshop.si\/sl\/izdelek\/ninjutsu-set-opreme\/","title":{"rendered":"Ninjutsu set opreme"},"content":{"rendered":"<div style=\"text-align: justify;\">\n<p><span style=\"font-size: 15px; color: #993300;\">Ninjutsu set opreme vsebuje: <\/span><\/p>\n<p><span style=\"font-size: 15px; color: #993300;\"><strong>&#8211; bomba\u017eni Kimono &#8216;MEDIUM BLACK&#8217; <\/strong> <strong><br \/>\n&#8211; bel pas<br \/>\n&#8211; bomba\u017eni Indoor Tabi \u010drne barve z bomba\u017enim podplatom &#8211; Made in Japan<br \/>\n&#8211; Tabi nogavice<br \/>\n&#8211; lesen me\u010d Bokken &#8216;DAITO&#8217;<br \/>\n&#8211; Hanbo leseno palico <\/strong><\/span><\/p>\n<p><span style=\"font-size: 15px; color: #993300;\">DARILO: <strong>Zelen pas! <\/strong><\/span><\/p>\n<p><span style=\"font-size: 15px; color: #993300;\">Velikost: 160 &#8211; 200 cm.<\/span><\/p>\n<\/div>\n","protected":false},"excerpt":{"rendered":"<p><span style=\"color: #003366;\"><strong>Ninjutsu set trening opreme in rekvizitov.<\/strong><\/span><\/p>\n","protected":false},"featured_media":73635,"comment_status":"open","ping_status":"closed","template":"","meta":[],"product_brand":[],"product_cat":[927,1037,939,887],"product_tag":[],"class_list":{"0":"post-73633","1":"product","2":"type-product","3":"status-publish","4":"has-post-thumbnail","6":"product_cat-v-akciji","7":"product_cat-ninjutsu-3","8":"product_cat-ninjutsu-oblacila","9":"product_cat-ninjutsu-set","10":"pa_tabi-velikost-40-sl","11":"pa_tabi-velikost-41-sl","12":"pa_tabi-velikost-42-sl","13":"pa_tabi-velikost-43-sl","14":"pa_tabi-velikost-44-sl","15":"pa_tabi-velikost-45-sl","16":"pa_tabi-velikost-46-sl","17":"pa_velikost-160-cm-sl","18":"pa_velikost-170-cm-sl","19":"pa_velikost-180-cm-sl","20":"pa_velikost-190-cm-sl","21":"pa_velikost-200-cm-sl","23":"first","24":"instock","25":"sale","26":"taxable","27":"shipping-taxable","28":"purchasable","29":"product-type-variable"},"_links":{"self":[{"href":"https:\/\/www.budoshop.si\/sl\/wp-json\/wp\/v2\/product\/73633","targetHints":{"allow":["GET"]}}],"collection":[{"href":"https:\/\/www.budoshop.si\/sl\/wp-json\/wp\/v2\/product"}],"about":[{"href":"https:\/\/www.budoshop.si\/sl\/wp-json\/wp\/v2\/types\/product"}],"replies":[{"embeddable":true,"href":"https:\/\/www.budoshop.si\/sl\/wp-json\/wp\/v2\/comments?post=73633"}],"wp:featuredmedia":[{"embeddable":true,"href":"https:\/\/www.budoshop.si\/sl\/wp-json\/wp\/v2\/media\/73635"}],"wp:attachment":[{"href":"https:\/\/www.budoshop.si\/sl\/wp-json\/wp\/v2\/media?parent=73633"}],"wp:term":[{"taxonomy":"product_brand","embeddable":true,"href":"https:\/\/www.budoshop.si\/sl\/wp-json\/wp\/v2\/product_brand?post=73633"},{"taxonomy":"product_cat","embeddable":true,"href":"https:\/\/www.budoshop.si\/sl\/wp-json\/wp\/v2\/product_cat?post=73633"},{"taxonomy":"product_tag","embeddable":true,"href":"https:\/\/www.budoshop.si\/sl\/wp-json\/wp\/v2\/product_tag?post=73633"}],"curies":[{"name":"wp","href":"https:\/\/api.w.org\/{rel}","templated":true}]}}