{"id":73169,"date":"2018-09-13T06:51:49","date_gmt":"2018-09-13T06:51:49","guid":{"rendered":"https:\/\/budoshop.si\/?product=mma-hlace-dragon-odprodaja-30"},"modified":"2025-10-03T12:13:16","modified_gmt":"2025-10-03T10:13:16","slug":"mma-hlace-dragon-odprodaja-30","status":"publish","type":"product","link":"https:\/\/www.budoshop.si\/sl\/izdelek\/mma-hlace-dragon-odprodaja-30\/","title":{"rendered":"MMA hla\u010de &#8221;DRAGON&#8221; &#8211; ODPRODAJA -30%!!!"},"content":{"rendered":"<p style=\"text-align: justify;\"><span style=\"color: #c00000;\">Te MMA bermuda kratke hla\u010de znamke Vandal so narejene iz 100% taslona\/poliestra. Izbrani material in poseben kroj omogo\u010daja popolno udobnost in svobodo gibanja. Vzdol\u017e hla\u010dnic se nahajajo 15 cm dolge zareze, ki nudijo &scaron;e dodatno mobilnost nog. Elastika v pasu in dodatni trak z zapenjanjem na je\u017eka, na katerem se nahaja napis MMA, zagotavljajo dobro in trdno zapenjanje. Trojni zunanji &scaron;ivi zagotavljajo dolgo \u017eivljenjsko dobo. Unikaten \u010drni dizajn z belim vezenim zmajem na desni in napisom MMA in na levi hla\u010dnici, pa dela te hla\u010de &scaron;e posebno atraktivne. <\/p>\n<p>Velikosti: XL.<\/span><\/p>\n","protected":false},"excerpt":{"rendered":"<p><span style=\"color: #002060;\"><strong>Atraktivne \u010drne MMA hla\u010de z motivom.<\/strong><\/span><\/p>\n","protected":false},"featured_media":73171,"comment_status":"open","ping_status":"closed","template":"","meta":[],"product_brand":[],"product_cat":[],"product_tag":[],"class_list":{"0":"post-73169","1":"product","2":"type-product","3":"status-publish","4":"has-post-thumbnail","7":"first","8":"outofstock","9":"taxable","10":"shipping-taxable","11":"purchasable","12":"product-type-simple"},"_links":{"self":[{"href":"https:\/\/www.budoshop.si\/sl\/wp-json\/wp\/v2\/product\/73169","targetHints":{"allow":["GET"]}}],"collection":[{"href":"https:\/\/www.budoshop.si\/sl\/wp-json\/wp\/v2\/product"}],"about":[{"href":"https:\/\/www.budoshop.si\/sl\/wp-json\/wp\/v2\/types\/product"}],"replies":[{"embeddable":true,"href":"https:\/\/www.budoshop.si\/sl\/wp-json\/wp\/v2\/comments?post=73169"}],"wp:featuredmedia":[{"embeddable":true,"href":"https:\/\/www.budoshop.si\/sl\/wp-json\/wp\/v2\/media\/73171"}],"wp:attachment":[{"href":"https:\/\/www.budoshop.si\/sl\/wp-json\/wp\/v2\/media?parent=73169"}],"wp:term":[{"taxonomy":"product_brand","embeddable":true,"href":"https:\/\/www.budoshop.si\/sl\/wp-json\/wp\/v2\/product_brand?post=73169"},{"taxonomy":"product_cat","embeddable":true,"href":"https:\/\/www.budoshop.si\/sl\/wp-json\/wp\/v2\/product_cat?post=73169"},{"taxonomy":"product_tag","embeddable":true,"href":"https:\/\/www.budoshop.si\/sl\/wp-json\/wp\/v2\/product_tag?post=73169"}],"curies":[{"name":"wp","href":"https:\/\/api.w.org\/{rel}","templated":true}]}}