{"id":71077,"date":"2018-09-13T06:51:49","date_gmt":"2018-09-13T06:51:49","guid":{"rendered":"https:\/\/budoshop.si\/?product=karate-gi-kimono-kamikaze-premier-kata"},"modified":"2026-01-27T19:12:45","modified_gmt":"2026-01-27T18:12:45","slug":"karate-gi-kimono-kamikaze-premier-kata","status":"publish","type":"product","link":"https:\/\/www.budoshop.si\/sl\/izdelek\/karate-gi-kimono-kamikaze-premier-kata\/","title":{"rendered":"Karate Gi (Kimono) &#8221;Kamikaze PREMIER KATA&#8221; &#8211; OUTLET!!!"},"content":{"rendered":"<p style=\"text-align: justify;\"><span style=\"color: #993300; font-size: 15px;\">Ta Kamikaze WKF Kata model Karate Kimona je narejen iz najbolj\u0161ega srednje do te\u017ekega 100% bomba\u017ea, ki omogo\u010da opazen &#8216;snap&#8217; u\u010dinek. Mere in kroj sta posebno prilagojena dana\u0161njim Kata tekmovalcem. Kraj\u0161i rokavi in hla\u010dnice pa ne dovoljujejo kopi\u010denja, ampak poudarjajo pravilne polo\u017eaje in gibe, ki morajo biti jasno videni. Na vratnem delu jakne je v\u0161it Kamikaze logo. <\/span><\/p>\n<p><span style=\"font-size: 15px; color: #993300;\">Vi\u0161ina: 130 cm<\/span><\/p>\n<p><span style=\"font-size: 15px; color: #993300;\"><strong>Ta artikel je odobren iz strani WKF<\/strong>-ja (World Karate Federation)!<\/span><\/p>\n<p><span style=\"font-size: 11px; color: #993300;\">Pozor! Kimono ni predprano in se lahko pri prvem pranju lahko skr\u010di za cca. 3 %.<\/span><\/p>\n","protected":false},"excerpt":{"rendered":"<p><strong><span style=\"color: #002060;\">WKF verificiran tekmovalni Kata model Kamikaze Kimona.<\/span><\/strong><\/p>\n","protected":false},"featured_media":71079,"comment_status":"open","ping_status":"closed","template":"","meta":[],"product_brand":[5612],"product_cat":[2211],"product_tag":[],"class_list":{"0":"post-71077","1":"product","2":"type-product","3":"status-publish","4":"has-post-thumbnail","6":"product_brand-kamikaze","7":"product_cat-nekategorizirano","8":"pa_velikost-130-cm-sl","9":"pa_velikost-140-cm-sl","10":"pa_velikost-150-cm-sl","11":"pa_velikost-160-cm-sl","12":"pa_velikost-165-cm-sl","13":"pa_velikost-170-cm-sl","14":"pa_velikost-175-cm-sl","15":"pa_velikost-180-cm-sl","16":"pa_velikost-185-cm-sl","18":"first","19":"instock","20":"sale","21":"taxable","22":"shipping-taxable","23":"purchasable","24":"product-type-simple"},"_links":{"self":[{"href":"https:\/\/www.budoshop.si\/sl\/wp-json\/wp\/v2\/product\/71077","targetHints":{"allow":["GET"]}}],"collection":[{"href":"https:\/\/www.budoshop.si\/sl\/wp-json\/wp\/v2\/product"}],"about":[{"href":"https:\/\/www.budoshop.si\/sl\/wp-json\/wp\/v2\/types\/product"}],"replies":[{"embeddable":true,"href":"https:\/\/www.budoshop.si\/sl\/wp-json\/wp\/v2\/comments?post=71077"}],"wp:featuredmedia":[{"embeddable":true,"href":"https:\/\/www.budoshop.si\/sl\/wp-json\/wp\/v2\/media\/71079"}],"wp:attachment":[{"href":"https:\/\/www.budoshop.si\/sl\/wp-json\/wp\/v2\/media?parent=71077"}],"wp:term":[{"taxonomy":"product_brand","embeddable":true,"href":"https:\/\/www.budoshop.si\/sl\/wp-json\/wp\/v2\/product_brand?post=71077"},{"taxonomy":"product_cat","embeddable":true,"href":"https:\/\/www.budoshop.si\/sl\/wp-json\/wp\/v2\/product_cat?post=71077"},{"taxonomy":"product_tag","embeddable":true,"href":"https:\/\/www.budoshop.si\/sl\/wp-json\/wp\/v2\/product_tag?post=71077"}],"curies":[{"name":"wp","href":"https:\/\/api.w.org\/{rel}","templated":true}]}}