{"id":71049,"date":"2018-09-13T06:51:49","date_gmt":"2018-09-13T06:51:49","guid":{"rendered":"https:\/\/budoshop.si\/?product=karate-gi-kimono-kamikaze-sovereign"},"modified":"2026-01-16T17:58:16","modified_gmt":"2026-01-16T16:58:16","slug":"karate-gi-kimono-kamikaze-sovereign","status":"publish","type":"product","link":"https:\/\/www.budoshop.si\/sl\/izdelek\/karate-gi-kimono-kamikaze-sovereign\/","title":{"rendered":"Karate Gi (Kimono) &#8221;Kamikaze SOVEREIGN&#8221;"},"content":{"rendered":"<p style=\"text-align: justify;\"><span style=\"color: #993300; font-size: 15px;\">Ta model Karate Kimona je krona Kamikaze modelov. Posebno lahek material (100% bomba\u017e) nudi popolno udobnost, kakr\u0161ne do sedaj \u0161e ni bilo, saj dopu\u0161\u010da maksimalno mobilnost brez kakr\u0161nekoli omejitve gibov in hitro izpu\u0161\u010da znoj! Model je bil narejen po zahtevah najbolj\u0161ih japonskih in\u0161truktorjev. Kroj je razvil Hiroshi Shirai Sensei in je bil izpopolnjevan tako dolgo, dokler ni tudi v najmanj\u0161em detajlu ustrezal najve\u010dji popolnosti. Zato je To Karate Kimono izjemno priljubljeno pri Karate u\u010diteljih in in\u0161truktorjih \u0161irom sveta.<br \/>\nV tem Kimonu je u\u017eitek izvajati Karate! <\/span><\/p>\n<p style=\"text-align: justify;\"><span style=\"color: #993300; font-size: 15px;\">V Kompletu so hla\u010de z vrvico v pasu in jakna.<\/span><\/p>\n<p><span style=\"color: #993300; font-size: 15px;\">Vi\u0161ina: od 165 &#8211; 205 cm (na 5 cm).<\/span><\/p>\n<p>&nbsp;<\/p>\n<p><span style=\"font-size: 11px; color: #993300;\">Pozor! Kimono ni predprano in se pri prvem pranju lahko skr\u010di za cca. 3 %.<\/span><\/p>\n","protected":false},"excerpt":{"rendered":"<p><strong><span style=\"color: #002060;\">Vrhunski Karate Kimono znamke Kamikaze.<\/span><\/strong><\/p>\n","protected":false},"featured_media":71051,"comment_status":"open","ping_status":"closed","template":"","meta":[],"product_brand":[5612],"product_cat":[1045,913,947,1029],"product_tag":[],"class_list":{"0":"post-71049","1":"product","2":"type-product","3":"status-publish","4":"has-post-thumbnail","6":"product_brand-kamikaze","7":"product_cat-kamikaze-5","8":"product_cat-kamikaze-1","9":"product_cat-kamikaze-3","10":"product_cat-karate-5","11":"pa_velikost-165-cm-sl","12":"pa_velikost-170-cm-sl","13":"pa_velikost-175-cm-sl","14":"pa_velikost-180-cm-sl","15":"pa_velikost-185-cm-sl","16":"pa_velikost-190-cm-sl","17":"pa_velikost-195-cm-sl","18":"pa_velikost-200-cm-sl","19":"pa_velikost-205-cm-sl","21":"first","22":"instock","23":"taxable","24":"shipping-taxable","25":"purchasable","26":"product-type-variable"},"_links":{"self":[{"href":"https:\/\/www.budoshop.si\/sl\/wp-json\/wp\/v2\/product\/71049","targetHints":{"allow":["GET"]}}],"collection":[{"href":"https:\/\/www.budoshop.si\/sl\/wp-json\/wp\/v2\/product"}],"about":[{"href":"https:\/\/www.budoshop.si\/sl\/wp-json\/wp\/v2\/types\/product"}],"replies":[{"embeddable":true,"href":"https:\/\/www.budoshop.si\/sl\/wp-json\/wp\/v2\/comments?post=71049"}],"wp:featuredmedia":[{"embeddable":true,"href":"https:\/\/www.budoshop.si\/sl\/wp-json\/wp\/v2\/media\/71051"}],"wp:attachment":[{"href":"https:\/\/www.budoshop.si\/sl\/wp-json\/wp\/v2\/media?parent=71049"}],"wp:term":[{"taxonomy":"product_brand","embeddable":true,"href":"https:\/\/www.budoshop.si\/sl\/wp-json\/wp\/v2\/product_brand?post=71049"},{"taxonomy":"product_cat","embeddable":true,"href":"https:\/\/www.budoshop.si\/sl\/wp-json\/wp\/v2\/product_cat?post=71049"},{"taxonomy":"product_tag","embeddable":true,"href":"https:\/\/www.budoshop.si\/sl\/wp-json\/wp\/v2\/product_tag?post=71049"}],"curies":[{"name":"wp","href":"https:\/\/api.w.org\/{rel}","templated":true}]}}