{"id":71013,"date":"2018-09-13T06:51:49","date_gmt":"2018-09-13T06:51:49","guid":{"rendered":"https:\/\/budoshop.si\/?product=karate-gi-kimono-kamikaze-mushin"},"modified":"2026-01-14T08:18:10","modified_gmt":"2026-01-14T07:18:10","slug":"karate-gi-kimono-kamikaze-mushin","status":"publish","type":"product","link":"https:\/\/www.budoshop.si\/sl\/izdelek\/karate-gi-kimono-kamikaze-mushin\/","title":{"rendered":"Karate Gi (Kimono) &#8221;Kamikaze MUSHIN&#8221;"},"content":{"rendered":"<p style=\"margin: 0cm 0cm 0pt; line-height: normal;\" align=\"justify\"><span style=\"color: #c00000; font-family: tahoma; font-size: 15px;\">Ta novi Kamikaze Karate Kimono je bil izdelan v \u010dast vklju\u010ditve Karateja kot uradnega \u0161porta na OI v Tokiju leta 2020. To Karate Kimono je izdelano iz srednje te\u017ekega 100% kvalitetnega bomba\u017ea in je namenjen vsakdanjemu treningu Kihon, Kata in\/ali Kumite tehnik. Izredno okreten in udoben kroj, narejen po zadnjih Karate smernicah. Odlikuje ga tudi oja\u010dan rever. Nepremagljiva vrednost in kvaliteta za to ceno!<\/span><\/p>\n<p style=\"margin: 0cm 0cm 0pt; line-height: normal;\" align=\"justify\"><span style=\"color: #c00000; font-family: tahoma; font-size: 15px;\"><br \/>\nV kompletu se nahajajo hla\u010de z vrvico v pasu in jakna.<\/span><\/p>\n<p style=\"text-align: justify;\"><span style=\"font-size: 15px;\"><span style=\"color: #c00000; font-family: tahoma;\">Velikosti: 155 \u2013 200 cm (na 5cm).<\/span><\/span><\/p>\n<p style=\"margin: 0cm 0cm 0pt; line-height: normal;\" align=\"justify\"><span style=\"font-size: x-small; color: #c00000; font-family: tahoma;\">Pozor! Kimono ni predprano in se pri prvem pranju lahko\u00a0skr\u010di za cca. 3 %.<\/span><\/p>\n<p style=\"text-align: justify;\"><span style=\"color: #c00000;\"><span style=\"font-size: 12px;\">\u00a0<\/span><\/span><\/p>\n","protected":false},"excerpt":{"rendered":"<p><strong><span style=\"color: #002060; font-size: 15px;\"><span style=\"color: #002060;\">Moderno vsestrasko Kamikaze Karate Kimono.<\/span><\/span><b> <\/b><\/strong><\/p>\n","protected":false},"featured_media":71015,"comment_status":"open","ping_status":"closed","template":"","meta":[],"product_brand":[5612],"product_cat":[1045,913,947,1029],"product_tag":[],"class_list":{"0":"post-71013","1":"product","2":"type-product","3":"status-publish","4":"has-post-thumbnail","6":"product_brand-kamikaze","7":"product_cat-kamikaze-5","8":"product_cat-kamikaze-1","9":"product_cat-kamikaze-3","10":"product_cat-karate-5","11":"pa_velikost-155-cm-sl","12":"pa_velikost-160-cm-sl","13":"pa_velikost-165-cm-sl","14":"pa_velikost-170-cm-sl","15":"pa_velikost-175-cm-sl","16":"pa_velikost-180-cm-sl","17":"pa_velikost-185-cm-sl","18":"pa_velikost-190-cm-sl","19":"pa_velikost-195-cm-sl","20":"pa_velikost-200-cm-sl","22":"first","23":"instock","24":"taxable","25":"shipping-taxable","26":"purchasable","27":"product-type-variable"},"_links":{"self":[{"href":"https:\/\/www.budoshop.si\/sl\/wp-json\/wp\/v2\/product\/71013","targetHints":{"allow":["GET"]}}],"collection":[{"href":"https:\/\/www.budoshop.si\/sl\/wp-json\/wp\/v2\/product"}],"about":[{"href":"https:\/\/www.budoshop.si\/sl\/wp-json\/wp\/v2\/types\/product"}],"replies":[{"embeddable":true,"href":"https:\/\/www.budoshop.si\/sl\/wp-json\/wp\/v2\/comments?post=71013"}],"wp:featuredmedia":[{"embeddable":true,"href":"https:\/\/www.budoshop.si\/sl\/wp-json\/wp\/v2\/media\/71015"}],"wp:attachment":[{"href":"https:\/\/www.budoshop.si\/sl\/wp-json\/wp\/v2\/media?parent=71013"}],"wp:term":[{"taxonomy":"product_brand","embeddable":true,"href":"https:\/\/www.budoshop.si\/sl\/wp-json\/wp\/v2\/product_brand?post=71013"},{"taxonomy":"product_cat","embeddable":true,"href":"https:\/\/www.budoshop.si\/sl\/wp-json\/wp\/v2\/product_cat?post=71013"},{"taxonomy":"product_tag","embeddable":true,"href":"https:\/\/www.budoshop.si\/sl\/wp-json\/wp\/v2\/product_tag?post=71013"}],"curies":[{"name":"wp","href":"https:\/\/api.w.org\/{rel}","templated":true}]}}