{"id":70999,"date":"2018-09-13T06:51:49","date_gmt":"2018-09-13T06:51:49","guid":{"rendered":"https:\/\/budoshop.si\/?product=obesek-strike"},"modified":"2026-01-09T10:18:44","modified_gmt":"2026-01-09T09:18:44","slug":"obesek-strike","status":"publish","type":"product","link":"https:\/\/www.budoshop.si\/sl\/izdelek\/obesek-strike\/","title":{"rendered":"Obesek &#8221;STRIKE&#8217;"},"content":{"rendered":"<div style=\"text-align: justify;\">\n<p><span style=\"color: #993300; font-size: 15px;\">&#8216;Cool&#8217; obesek za klju\u010de za vse navdu\u0161ence borilnih ve\u0161\u010din in belih Kimon.<br \/>\nObesek je narejen iz mehkega gumiranega materiala z veri\u017eico in rinko za obe\u0161anje. <\/span><\/p>\n<p><span style=\"font-size: 15px; color: #993300;\">Dol\u017eina: cca. 10cm.<\/span><\/p>\n<\/div>\n","protected":false},"excerpt":{"rendered":"<p><span style=\"color: #002060;\"><strong>Atraktiven gumiran obesek za klju\u010de z motivom borilnih ve\u0161\u010din.<\/strong><\/span><\/p>\n","protected":false},"featured_media":71001,"comment_status":"open","ping_status":"closed","template":"","meta":[],"product_brand":[5596],"product_cat":[1035,1043,1033,1031,1029,983,1037,833,1039,1041],"product_tag":[],"class_list":{"0":"post-70999","1":"product","2":"type-product","3":"status-publish","4":"has-post-thumbnail","6":"product_brand-kwon","7":"product_cat-aikido-kendo-iai-kobudo-1","8":"product_cat-boks-kickbox-tajski-boks-mma","9":"product_cat-ju-jitsujiu-jitsu-1","10":"product_cat-judo-1","11":"product_cat-karate-5","12":"product_cat-kwon-3","13":"product_cat-ninjutsu-3","14":"product_cat-obeski","15":"product_cat-taekwondo-3","16":"product_cat-tai-chi-kunf-fu-wu-shu-1","18":"first","19":"instock","20":"taxable","21":"shipping-taxable","22":"purchasable","23":"product-type-simple"},"_links":{"self":[{"href":"https:\/\/www.budoshop.si\/sl\/wp-json\/wp\/v2\/product\/70999","targetHints":{"allow":["GET"]}}],"collection":[{"href":"https:\/\/www.budoshop.si\/sl\/wp-json\/wp\/v2\/product"}],"about":[{"href":"https:\/\/www.budoshop.si\/sl\/wp-json\/wp\/v2\/types\/product"}],"replies":[{"embeddable":true,"href":"https:\/\/www.budoshop.si\/sl\/wp-json\/wp\/v2\/comments?post=70999"}],"wp:featuredmedia":[{"embeddable":true,"href":"https:\/\/www.budoshop.si\/sl\/wp-json\/wp\/v2\/media\/71001"}],"wp:attachment":[{"href":"https:\/\/www.budoshop.si\/sl\/wp-json\/wp\/v2\/media?parent=70999"}],"wp:term":[{"taxonomy":"product_brand","embeddable":true,"href":"https:\/\/www.budoshop.si\/sl\/wp-json\/wp\/v2\/product_brand?post=70999"},{"taxonomy":"product_cat","embeddable":true,"href":"https:\/\/www.budoshop.si\/sl\/wp-json\/wp\/v2\/product_cat?post=70999"},{"taxonomy":"product_tag","embeddable":true,"href":"https:\/\/www.budoshop.si\/sl\/wp-json\/wp\/v2\/product_tag?post=70999"}],"curies":[{"name":"wp","href":"https:\/\/api.w.org\/{rel}","templated":true}]}}