{"id":70969,"date":"2018-09-13T06:51:49","date_gmt":"2018-09-13T06:51:49","guid":{"rendered":"https:\/\/budoshop.si\/?product=dolga-lesena-trening-palica-bo-konus"},"modified":"2023-10-15T13:15:18","modified_gmt":"2023-10-15T11:15:18","slug":"dolga-lesena-trening-palica-bo-konus","status":"publish","type":"product","link":"https:\/\/www.budoshop.si\/sl\/izdelek\/dolga-lesena-trening-palica-bo-konus\/","title":{"rendered":"Dolga lesena trening palica &#8221;Bo KONUS&#8221;"},"content":{"rendered":"<div style=\"text-align: justify;\">\n<p><span style=\"color: #993300; font-size: 15px;\">Ta demonstrativna in trening lesena Bo palica je dolga cca. 182 cm, na osrednjem delu je debela cca. 2,5 cm, nato pa se proti obema koncema stanj\u0161a. Palica je okrogle oblike, narejena iz \u010dvrstega rjavega hrasta, ki daje palici potrebno trdnost in s tem tudi dalj\u0161o obstojnost. Namenjena je predvsem demonstrativnemu izvajanju form kot tudi direktnemu kontaktu palice s palico ali palice z Bokken-om. Predvsem se uporablja v treningu tradicionalnega OKINAWA KOBUDO-ja, KUNG FU-ja, tradicionalnem KARATE-ju ostalih sorodnih ve\u0161\u010dinah.<\/span><\/p>\n<p><span style=\"font-size: 15px; color: #993300;\">Opomba! Dostava se zara\u010dunava posebej, po ceniku dostavne slu\u017ebe!<\/span><\/p>\n<p>&nbsp;<\/p>\n<\/div>\n","protected":false},"excerpt":{"rendered":"<p><span style=\"color: #002060;\"><strong>Dolga lesena trening palica iz hrasta s stanj\u0161animi konci.<\/strong><\/span><\/p>\n","protected":false},"featured_media":70971,"comment_status":"open","ping_status":"closed","template":"","meta":[],"product_brand":[],"product_cat":[1035,1037,725,1041],"product_tag":[],"class_list":{"0":"post-70969","1":"product","2":"type-product","3":"status-publish","4":"has-post-thumbnail","6":"product_cat-aikido-kendo-iai-kobudo-1","7":"product_cat-ninjutsu-3","8":"product_cat-palice","9":"product_cat-tai-chi-kunf-fu-wu-shu-1","11":"first","12":"instock","13":"taxable","14":"shipping-taxable","15":"purchasable","16":"product-type-simple"},"_links":{"self":[{"href":"https:\/\/www.budoshop.si\/sl\/wp-json\/wp\/v2\/product\/70969","targetHints":{"allow":["GET"]}}],"collection":[{"href":"https:\/\/www.budoshop.si\/sl\/wp-json\/wp\/v2\/product"}],"about":[{"href":"https:\/\/www.budoshop.si\/sl\/wp-json\/wp\/v2\/types\/product"}],"replies":[{"embeddable":true,"href":"https:\/\/www.budoshop.si\/sl\/wp-json\/wp\/v2\/comments?post=70969"}],"wp:featuredmedia":[{"embeddable":true,"href":"https:\/\/www.budoshop.si\/sl\/wp-json\/wp\/v2\/media\/70971"}],"wp:attachment":[{"href":"https:\/\/www.budoshop.si\/sl\/wp-json\/wp\/v2\/media?parent=70969"}],"wp:term":[{"taxonomy":"product_brand","embeddable":true,"href":"https:\/\/www.budoshop.si\/sl\/wp-json\/wp\/v2\/product_brand?post=70969"},{"taxonomy":"product_cat","embeddable":true,"href":"https:\/\/www.budoshop.si\/sl\/wp-json\/wp\/v2\/product_cat?post=70969"},{"taxonomy":"product_tag","embeddable":true,"href":"https:\/\/www.budoshop.si\/sl\/wp-json\/wp\/v2\/product_tag?post=70969"}],"curies":[{"name":"wp","href":"https:\/\/api.w.org\/{rel}","templated":true}]}}