{"id":70947,"date":"2018-09-13T06:51:49","date_gmt":"2018-09-13T06:51:49","guid":{"rendered":"https:\/\/budoshop.si\/?product=lesena-noznica-za-katano-saya-wood"},"modified":"2026-02-19T09:48:19","modified_gmt":"2026-02-19T08:48:19","slug":"lesena-noznica-za-katano-saya-wood","status":"publish","type":"product","link":"https:\/\/www.budoshop.si\/sl\/izdelek\/lesena-noznica-za-katano-saya-wood\/","title":{"rendered":"Lesena no\u017enica za Katano &#8221;Saya WOOD&#8221;"},"content":{"rendered":"<div style=\"text-align: justify;\">\n<p><span style=\"color: #993300; font-size: 15px;\">\u010crno lakirana, iz Kuroro lesena narejena SAYA (no\u017enica) za klasi\u010den Katana me\u010d. Notranja stran Kurikate je oblo\u017eena z medenino. <\/span><\/p>\n<p><span style=\"font-size: 15px; color: #993300;\">Pri treningu s Katano se Saya pogosto po\u0161koduje in jo je potrebno zamenjati. Da ne kupujete novega me\u010da smo za vas pripravili mo\u017enost nakupa posamezne no\u017enice.<\/span><\/p>\n<p><span style=\"font-size: 15px; color: #993300;\">Dol\u017eina: cca. 76 cm<\/span><br \/>\n<span style=\"font-size: 15px; color: #993300;\">Te\u017ea: cca. 205 g<\/span><\/p>\n<\/div>\n","protected":false},"excerpt":{"rendered":"<p><span style=\"color: #002060;\"><strong>Lesena Saya no\u017enica za Katana me\u010d.<\/strong><\/span><\/p>\n","protected":false},"featured_media":70949,"comment_status":"open","ping_status":"closed","template":"","meta":[],"product_brand":[5600],"product_cat":[1035,1037,923,977,1055],"product_tag":[],"class_list":{"0":"post-70947","1":"product","2":"type-product","3":"status-publish","4":"has-post-thumbnail","6":"product_brand-yari-no-hanzo","7":"product_cat-aikido-kendo-iai-kobudo-1","8":"product_cat-ninjutsu-3","9":"product_cat-ostalo-5","10":"product_cat-yari-no-hanzo-1","11":"product_cat-yari-no-hanzo-3","13":"first","14":"instock","15":"taxable","16":"shipping-taxable","17":"purchasable","18":"product-type-simple"},"_links":{"self":[{"href":"https:\/\/www.budoshop.si\/sl\/wp-json\/wp\/v2\/product\/70947","targetHints":{"allow":["GET"]}}],"collection":[{"href":"https:\/\/www.budoshop.si\/sl\/wp-json\/wp\/v2\/product"}],"about":[{"href":"https:\/\/www.budoshop.si\/sl\/wp-json\/wp\/v2\/types\/product"}],"replies":[{"embeddable":true,"href":"https:\/\/www.budoshop.si\/sl\/wp-json\/wp\/v2\/comments?post=70947"}],"wp:featuredmedia":[{"embeddable":true,"href":"https:\/\/www.budoshop.si\/sl\/wp-json\/wp\/v2\/media\/70949"}],"wp:attachment":[{"href":"https:\/\/www.budoshop.si\/sl\/wp-json\/wp\/v2\/media?parent=70947"}],"wp:term":[{"taxonomy":"product_brand","embeddable":true,"href":"https:\/\/www.budoshop.si\/sl\/wp-json\/wp\/v2\/product_brand?post=70947"},{"taxonomy":"product_cat","embeddable":true,"href":"https:\/\/www.budoshop.si\/sl\/wp-json\/wp\/v2\/product_cat?post=70947"},{"taxonomy":"product_tag","embeddable":true,"href":"https:\/\/www.budoshop.si\/sl\/wp-json\/wp\/v2\/product_tag?post=70947"}],"curies":[{"name":"wp","href":"https:\/\/api.w.org\/{rel}","templated":true}]}}