{"id":70919,"date":"2018-09-13T06:51:49","date_gmt":"2018-09-13T06:51:49","guid":{"rendered":"https:\/\/budoshop.si\/?product=oblozeni-vadbeni-mec-bokken-choken"},"modified":"2023-10-02T12:17:13","modified_gmt":"2023-10-02T10:17:13","slug":"oblozeni-vadbeni-mec-bokken-choken","status":"publish","type":"product","link":"https:\/\/www.budoshop.si\/sl\/izdelek\/oblozeni-vadbeni-mec-bokken-choken\/","title":{"rendered":"Oblo\u017eeni vadbeni me\u010d &#8221;Bokken CHOKEN&#8221;"},"content":{"rendered":"<div style=\"text-align: justify;\">\n<p><span style=\"color: #993300; font-size: 15px;\">Ta poseben trening me\u010d je najnovej\u0161a pridobitev za tiste, ki si \u017eelijo vaditi realno me\u010devanje. Uporablja se v novem japonskem me\u010devalskem \u0161portu, ki se imenuje CHAMBARA in v ve\u0161\u010dini YOSEIKAN BUDO, zagotovo pa bo v pomo\u010d VSEM, ki se ukvarjajo s kakr\u0161nokoli obliko japonskega me\u010devanja, saj je trening z njim varen tudi pri hitrej\u0161i inteziteti treninga.<br \/>\nMe\u010d predstavlja tradicionalni KATANA me\u010d s Tsubo (\u0161\u010ditnikom) pri ro\u010daju. Narejen je iz posebne pene, ki je oble\u010dena v \u010drno platno, kar zagotavlja obstojnost. Pri me\u010dih z gumijastim oblazinjenjem je te\u017eava ravno v tem, da je guma hitro po\u010dila. Od sredine dalje je me\u010d fleksibilen, da so zgre\u0161eni udarci in udarci v vitalne dele telesa, ki se zgodijo med treningov, popolnoma ne-nevarni. <\/span><\/p>\n<p><span style=\"font-size: 15px; color: #993300;\">Skupna dol\u017eina: cca. 100 cm<\/span><br \/>\n<span style=\"font-size: 15px; color: #993300;\">Dol\u017eina rezila: cca. 74 cm<\/span><br \/>\n<span style=\"font-size: 15px; color: #993300;\">\u0160irina rezila: cca. 5cm<\/span><br \/>\n<span style=\"font-size: 15px; color: #993300;\">Dol\u017eina ro\u010daja: cca. 26 cm<\/span><br \/>\n<span style=\"font-size: 15px; color: #993300;\">Te\u017ea: cca. 325 g<\/span><\/p>\n<\/div>\n","protected":false},"excerpt":{"rendered":"<p><span style=\"color: #002060;\"><strong>Oblazinjen in pro\u017een Choken trening me\u010d.<\/strong><\/span><\/p>\n","protected":false},"featured_media":70921,"comment_status":"open","ping_status":"closed","template":"","meta":[],"product_brand":[5595],"product_cat":[1035,5405,5406,1037,759],"product_tag":[],"class_list":{"0":"post-70919","1":"product","2":"type-product","3":"status-publish","4":"has-post-thumbnail","6":"product_brand-ju-sports","7":"product_cat-aikido-kendo-iai-kobudo-1","8":"product_cat-ju-sports","9":"product_cat-ju-sports-2","10":"product_cat-ninjutsu-3","11":"product_cat-gumijasti","13":"first","14":"instock","15":"taxable","16":"shipping-taxable","17":"purchasable","18":"product-type-simple"},"_links":{"self":[{"href":"https:\/\/www.budoshop.si\/sl\/wp-json\/wp\/v2\/product\/70919","targetHints":{"allow":["GET"]}}],"collection":[{"href":"https:\/\/www.budoshop.si\/sl\/wp-json\/wp\/v2\/product"}],"about":[{"href":"https:\/\/www.budoshop.si\/sl\/wp-json\/wp\/v2\/types\/product"}],"replies":[{"embeddable":true,"href":"https:\/\/www.budoshop.si\/sl\/wp-json\/wp\/v2\/comments?post=70919"}],"wp:featuredmedia":[{"embeddable":true,"href":"https:\/\/www.budoshop.si\/sl\/wp-json\/wp\/v2\/media\/70921"}],"wp:attachment":[{"href":"https:\/\/www.budoshop.si\/sl\/wp-json\/wp\/v2\/media?parent=70919"}],"wp:term":[{"taxonomy":"product_brand","embeddable":true,"href":"https:\/\/www.budoshop.si\/sl\/wp-json\/wp\/v2\/product_brand?post=70919"},{"taxonomy":"product_cat","embeddable":true,"href":"https:\/\/www.budoshop.si\/sl\/wp-json\/wp\/v2\/product_cat?post=70919"},{"taxonomy":"product_tag","embeddable":true,"href":"https:\/\/www.budoshop.si\/sl\/wp-json\/wp\/v2\/product_tag?post=70919"}],"curies":[{"name":"wp","href":"https:\/\/api.w.org\/{rel}","templated":true}]}}