{"id":70915,"date":"2018-09-13T06:51:49","date_gmt":"2018-09-13T06:51:49","guid":{"rendered":"https:\/\/budoshop.si\/?product=karate-the-complete-kata"},"modified":"2023-04-19T08:31:31","modified_gmt":"2023-04-19T08:31:31","slug":"karate-the-complete-kata","status":"publish","type":"product","link":"https:\/\/www.budoshop.si\/sl\/izdelek\/karate-the-complete-kata\/","title":{"rendered":"KARATE &#8211; The Complete Kata"},"content":{"rendered":"<div style=\"text-align: justify;\"><span style=\"color: #c00000; font-size: small;\">Ta knjiga vsebuje vse Shotokan Kate, vklju\u010dno z GANKAKU-SHO. S to knjigo, mojster Kanazawa, najvplivnej\u0161i dana\u0161nji Karate mojster in u\u010denec Gichin Funakoshi-ja, o\u010deta modernega Karateja, va najmanj\u0161e detajle razlaga vse klju\u010dne to\u010dke vsake od Kat, tekst pa dopolnjuje ogromno fotografij. V knjigi se dotakne tudi nekaterih te\u017ejih aspektov Karate-ja, vklju\u010dno s koraki, tehniko dihanja in vitalnimi to\u010dkami. Kate je potrebno trenirati na individualni bazi in ta knjiga je bila narejena prav s tem v mislih. <\/p>\n<p>240 strani, ve\u010d kot 1200 slik <\/span><\/div>\n<div style=\"text-align: justify;\"><span style=\"color: #c00000; font-size: small;\"><br \/><\/span><\/div>\n<div style=\"text-align: justify;\"><span style=\"color: #c00000; font-size: small;\"><\/span><\/div>\n<div style=\"text-align: justify;\"><span style=\"color: #c00000; font-size: small;\">Jezik: Angle\u0161ki<\/span><\/div>\n","protected":false},"excerpt":{"rendered":"<p><span style=\"color: #002060;\"><strong>Avtor: Hirokazu KANAZAWA<\/strong><\/span><\/p>\n","protected":false},"featured_media":70917,"comment_status":"open","ping_status":"closed","template":"","meta":[],"product_brand":[],"product_cat":[1029,785],"product_tag":[],"class_list":{"0":"post-70915","1":"product","2":"type-product","3":"status-publish","4":"has-post-thumbnail","6":"product_cat-karate-5","7":"product_cat-karate-3","9":"first","10":"outofstock","11":"taxable","12":"shipping-taxable","13":"purchasable","14":"product-type-simple"},"_links":{"self":[{"href":"https:\/\/www.budoshop.si\/sl\/wp-json\/wp\/v2\/product\/70915","targetHints":{"allow":["GET"]}}],"collection":[{"href":"https:\/\/www.budoshop.si\/sl\/wp-json\/wp\/v2\/product"}],"about":[{"href":"https:\/\/www.budoshop.si\/sl\/wp-json\/wp\/v2\/types\/product"}],"replies":[{"embeddable":true,"href":"https:\/\/www.budoshop.si\/sl\/wp-json\/wp\/v2\/comments?post=70915"}],"wp:featuredmedia":[{"embeddable":true,"href":"https:\/\/www.budoshop.si\/sl\/wp-json\/wp\/v2\/media\/70917"}],"wp:attachment":[{"href":"https:\/\/www.budoshop.si\/sl\/wp-json\/wp\/v2\/media?parent=70915"}],"wp:term":[{"taxonomy":"product_brand","embeddable":true,"href":"https:\/\/www.budoshop.si\/sl\/wp-json\/wp\/v2\/product_brand?post=70915"},{"taxonomy":"product_cat","embeddable":true,"href":"https:\/\/www.budoshop.si\/sl\/wp-json\/wp\/v2\/product_cat?post=70915"},{"taxonomy":"product_tag","embeddable":true,"href":"https:\/\/www.budoshop.si\/sl\/wp-json\/wp\/v2\/product_tag?post=70915"}],"curies":[{"name":"wp","href":"https:\/\/api.w.org\/{rel}","templated":true}]}}