{"id":70867,"date":"2018-09-13T06:51:49","date_gmt":"2018-09-13T06:51:49","guid":{"rendered":"https:\/\/budoshop.si\/?product=karate-scitnik-trupa-tokaido-wkf"},"modified":"2026-03-04T08:23:02","modified_gmt":"2026-03-04T07:23:02","slug":"karate-scitnik-trupa-tokaido-wkf","status":"publish","type":"product","link":"https:\/\/www.budoshop.si\/sl\/izdelek\/karate-scitnik-trupa-tokaido-wkf\/","title":{"rendered":"Karate \u0161\u010ditnik trupa &#8221;TOKAIDO WKF&#8221;"},"content":{"rendered":"<div style=\"text-align: justify;\">\n<p style=\"margin: 0cm 0cm 0pt; line-height: normal; text-align: justify;\"><span style=\"font-size: 15px; font-family: tahoma; color: #993300;\">Izredno lahek a vseeno trpe\u017een Tokaido Karate \u0161\u010ditnik trupa, ki je po novih WKF zahtevah obvezen za tekmovalce do 14 let. Izdelan je iz trpe\u017ene EVA pene in oble\u010den v umetno usnje, kar omogo\u010da lahkotno \u010di\u0161\u010denje in s tem higieni\u010dnost, je lahek in udoben, ne omejuje gibanje zagotavlja zanesljivo za\u0161\u010dito trupa. \u0160\u010ditnik se na hrbtu pritrdi z elasti\u010dnimi trakovi na je\u017eka.<\/span><\/p>\n<p style=\"margin: 0cm 0cm 0pt; line-height: normal; text-align: justify;\"><span style=\"font-size: 15px; color: #993300;\"><span style=\"font-family: tahoma;\"><br \/>\n\u0160\u010ditnik se nosi pod Kimonom in je kreiran tako, da \u0161\u010diti pri slu\u010dajnih udarcih v prsi, trebuh ali stranki del trupa.<\/span><\/span><\/p>\n<p><span style=\"font-family: tahoma; color: #993300; font-size: 15px;\"><strong>Kvaliteta, ki jo zagotavlja samo japonska TOKAIDO znamka!<\/strong><\/span><\/p>\n<p><span style=\"font-size: 15px; color: #993300;\"><span style=\"font-family: tahoma;\"><br \/>\n<\/span><span style=\"font-family: tahoma;\"><strong>Ta \u0161\u010ditnik je odobren s strani WKF<\/strong>-ja (World Karate Federation)!<\/span><\/span><\/p>\n<p><span style=\"font-size: 15px; color: #993300;\">Velikosti: XS &#8211; S &#8211; M &#8211; L &#8211; XL<\/span><\/p>\n<\/div>\n","protected":false},"excerpt":{"rendered":"<p><span style=\"color: #003366;\"><strong><span id=\"dnn_ctr448_ProductPage_lstProducts_lbllistDescription_19\">WKF verificiran Karate \u0161\u010ditnik trupa japonske znamke TOKAIDO.<\/span><\/strong><\/span><\/p>\n","protected":false},"featured_media":70869,"comment_status":"open","ping_status":"closed","template":"","meta":[],"product_brand":[5598],"product_cat":[1033,1029,929,775,949,1047],"product_tag":[],"class_list":{"0":"post-70867","1":"product","2":"type-product","3":"status-publish","4":"has-post-thumbnail","6":"product_brand-tokaido","7":"product_cat-ju-jitsujiu-jitsu-1","8":"product_cat-karate-5","9":"product_cat-nazaj","10":"product_cat-scitniki-prsi-in-trupa","11":"product_cat-shureido-3","12":"product_cat-tokaido-1","13":"pa_velikost-l-sl-2","14":"pa_velikost-m-sl-2","15":"pa_velikost-s-sl-2","16":"pa_velikost-xl-sl","17":"pa_velikost-xs-sl","19":"first","20":"instock","21":"taxable","22":"shipping-taxable","23":"purchasable","24":"product-type-variable"},"_links":{"self":[{"href":"https:\/\/www.budoshop.si\/sl\/wp-json\/wp\/v2\/product\/70867","targetHints":{"allow":["GET"]}}],"collection":[{"href":"https:\/\/www.budoshop.si\/sl\/wp-json\/wp\/v2\/product"}],"about":[{"href":"https:\/\/www.budoshop.si\/sl\/wp-json\/wp\/v2\/types\/product"}],"replies":[{"embeddable":true,"href":"https:\/\/www.budoshop.si\/sl\/wp-json\/wp\/v2\/comments?post=70867"}],"wp:featuredmedia":[{"embeddable":true,"href":"https:\/\/www.budoshop.si\/sl\/wp-json\/wp\/v2\/media\/70869"}],"wp:attachment":[{"href":"https:\/\/www.budoshop.si\/sl\/wp-json\/wp\/v2\/media?parent=70867"}],"wp:term":[{"taxonomy":"product_brand","embeddable":true,"href":"https:\/\/www.budoshop.si\/sl\/wp-json\/wp\/v2\/product_brand?post=70867"},{"taxonomy":"product_cat","embeddable":true,"href":"https:\/\/www.budoshop.si\/sl\/wp-json\/wp\/v2\/product_cat?post=70867"},{"taxonomy":"product_tag","embeddable":true,"href":"https:\/\/www.budoshop.si\/sl\/wp-json\/wp\/v2\/product_tag?post=70867"}],"curies":[{"name":"wp","href":"https:\/\/api.w.org\/{rel}","templated":true}]}}