{"id":70819,"date":"2018-09-13T06:51:49","date_gmt":"2018-09-13T06:51:49","guid":{"rendered":"https:\/\/budoshop.si\/?product=karate-crn-pas-obi-kamikaze"},"modified":"2026-01-22T11:38:34","modified_gmt":"2026-01-22T10:38:34","slug":"karate-crn-pas-obi-kamikaze","status":"publish","type":"product","link":"https:\/\/www.budoshop.si\/sl\/izdelek\/karate-crn-pas-obi-kamikaze\/","title":{"rendered":"Karate \u010drn pas &#8221;Obi KAMIKAZE&#8221;"},"content":{"rendered":"<div style=\"text-align: justify;\"><span style=\"color: #c00000; font-size: 15px;\">Vrhunski Karate \u010drn pas znamke Kamikaze \u0161irine 4 cm. Narejen je iz 100% bomba\u017ea najbolj\u0161e kvalitete in zelo obstojne barve. Na pasu se nahaja Kamikaze-JKA emblem. <\/span><\/div>\n<div style=\"text-align: justify;\">\n<p><span style=\"color: #c00000; font-size: 15px;\">Mo\u017enost posebnega Kamikaze vezenja! <\/span><\/p>\n<p><span style=\"color: #c00000; font-size: 15px;\">Dol\u017eine: 260 &#8211; 280 &#8211; 300 &#8211; 320 &#8211; 340 cm.<\/span><\/p>\n<\/div>\n","protected":false},"excerpt":{"rendered":"<p><span style=\"color: #003366;\"><strong>Prvovrstni bomba\u017eni Karate \u010drn pas znamke Kamikaze.<\/strong><\/span><\/p>\n","protected":false},"featured_media":70821,"comment_status":"open","ping_status":"closed","template":"","meta":[],"product_brand":[5612],"product_cat":[1035,1033,1031,1029,1037,1039,861,947,1045],"product_tag":[],"class_list":{"0":"post-70819","1":"product","2":"type-product","3":"status-publish","4":"has-post-thumbnail","6":"product_brand-kamikaze","7":"product_cat-aikido-kendo-iai-kobudo-1","8":"product_cat-ju-jitsujiu-jitsu-1","9":"product_cat-judo-1","10":"product_cat-karate-5","11":"product_cat-ninjutsu-3","12":"product_cat-taekwondo-3","13":"product_cat-mojstrski-pasovi","14":"product_cat-kamikaze-3","15":"product_cat-kamikaze-5","16":"pa_dolzina-pasu-260-cm-sl","17":"pa_dolzina-pasu-280-cm-sl","18":"pa_dolzina-pasu-300-cm-sl","19":"pa_dolzina-pasu-320-cm-sl","20":"pa_dolzina-pasu-340-cm-sl","22":"first","23":"instock","24":"taxable","25":"shipping-taxable","26":"purchasable","27":"product-type-variable"},"_links":{"self":[{"href":"https:\/\/www.budoshop.si\/sl\/wp-json\/wp\/v2\/product\/70819","targetHints":{"allow":["GET"]}}],"collection":[{"href":"https:\/\/www.budoshop.si\/sl\/wp-json\/wp\/v2\/product"}],"about":[{"href":"https:\/\/www.budoshop.si\/sl\/wp-json\/wp\/v2\/types\/product"}],"replies":[{"embeddable":true,"href":"https:\/\/www.budoshop.si\/sl\/wp-json\/wp\/v2\/comments?post=70819"}],"wp:featuredmedia":[{"embeddable":true,"href":"https:\/\/www.budoshop.si\/sl\/wp-json\/wp\/v2\/media\/70821"}],"wp:attachment":[{"href":"https:\/\/www.budoshop.si\/sl\/wp-json\/wp\/v2\/media?parent=70819"}],"wp:term":[{"taxonomy":"product_brand","embeddable":true,"href":"https:\/\/www.budoshop.si\/sl\/wp-json\/wp\/v2\/product_brand?post=70819"},{"taxonomy":"product_cat","embeddable":true,"href":"https:\/\/www.budoshop.si\/sl\/wp-json\/wp\/v2\/product_cat?post=70819"},{"taxonomy":"product_tag","embeddable":true,"href":"https:\/\/www.budoshop.si\/sl\/wp-json\/wp\/v2\/product_tag?post=70819"}],"curies":[{"name":"wp","href":"https:\/\/api.w.org\/{rel}","templated":true}]}}