{"id":70769,"date":"2018-09-13T06:51:49","date_gmt":"2018-09-13T06:51:49","guid":{"rendered":"https:\/\/budoshop.si\/?product=samostojeca-boksarska-vreca-udarne-povrsine-115-cm-v-akciji"},"modified":"2024-11-13T10:56:10","modified_gmt":"2024-11-13T09:56:10","slug":"samostojeca-boksarska-vreca-udarne-povrsine-115-cm-v-akciji","status":"publish","type":"product","link":"https:\/\/www.budoshop.si\/sl\/izdelek\/samostojeca-boksarska-vreca-udarne-povrsine-115-cm-v-akciji\/","title":{"rendered":"Samostoje\u010da boksarska vre\u010da udarne povr\u0161ine 100 cm"},"content":{"rendered":"<div style=\"text-align: justify;\">\n<p><span style=\"font-size: 15px; color: #993300;\">Cca. 100 cm velika in 53 cm \u0161iroka cilindri\u010dno oblikovana udarna povr\u0161ina te samostoje\u010de boksarske vre\u010de je narejena iz posebne poliuteranske pene in oble\u010dena v trpe\u017eno umetno usnje. Nataknjena je na cca. 80 cm velik \u010drn podstavek, ki se ga napolni z vodo, peskom ali mivko. Ta posebna samostoje\u010da boksarska vre\u010da ima na dnu tudi posebne vakuumske seske s katerimi se boksarska vre\u010da \u010dvrsto zgrabi tal in se ne premika. To in te\u017ea podstavka zagotavljajo dobro stabilnost tudi pri najmo\u010dnej\u0161ih udarcih z roko ali nogo (vanj gre okoli 65 l vode oz. 75kg peska). Poleg tega lahko se lahko s pomo\u010djo nastavka udarno povr\u0161ino nastavi na tri vi\u0161ine od 163 do 190 cm.<br \/>\n\u010crna barve.<br \/>\n<\/span><\/p>\n<p><span style=\"font-size: 15px; color: #993300;\">Samostoje\u010de boksarske vre\u010de so primerne za vse prostore kjer je vise\u010de vre\u010de te\u017eko montirati in \u0161e posebno primerne za dom, \u0161ole, fitnes centre in podobno.<\/span><\/p>\n<\/div>\n<div style=\"text-align: justify;\"><span style=\"color: #993300; font-size: 15px;\">Artikel se dobavlja po naro\u010dilu.<\/span><\/div>\n<div style=\"text-align: justify;\">\n<p><span style=\"font-size: x-small; color: #993300;\">Dostava se zara\u010duna po ceniku dostavne slu\u017ebe!<\/span><\/p>\n<\/div>\n","protected":false},"excerpt":{"rendered":"<div style=\"text-align: justify;\"><span style=\"color: #002060;\"><strong>Samostoje\u010da boksarska vre\u010da z vakuumski seski na dnu.<\/strong><\/span><\/div>\n","protected":false},"featured_media":115546,"comment_status":"open","ping_status":"closed","template":"","meta":[],"product_brand":[5595],"product_cat":[5405,5406,1043,1033,1029,1039,1041,927,867],"product_tag":[],"class_list":{"0":"post-70769","1":"product","2":"type-product","3":"status-publish","4":"has-post-thumbnail","6":"product_brand-ju-sports","7":"product_cat-ju-sports","8":"product_cat-ju-sports-2","9":"product_cat-boks-kickbox-tajski-boks-mma","10":"product_cat-ju-jitsujiu-jitsu-1","11":"product_cat-karate-5","12":"product_cat-taekwondo-3","13":"product_cat-tai-chi-kunf-fu-wu-shu-1","14":"product_cat-v-akciji","15":"product_cat-samostojece-vrece","17":"first","18":"instock","19":"taxable","20":"shipping-taxable","21":"purchasable","22":"product-type-simple"},"_links":{"self":[{"href":"https:\/\/www.budoshop.si\/sl\/wp-json\/wp\/v2\/product\/70769","targetHints":{"allow":["GET"]}}],"collection":[{"href":"https:\/\/www.budoshop.si\/sl\/wp-json\/wp\/v2\/product"}],"about":[{"href":"https:\/\/www.budoshop.si\/sl\/wp-json\/wp\/v2\/types\/product"}],"replies":[{"embeddable":true,"href":"https:\/\/www.budoshop.si\/sl\/wp-json\/wp\/v2\/comments?post=70769"}],"wp:featuredmedia":[{"embeddable":true,"href":"https:\/\/www.budoshop.si\/sl\/wp-json\/wp\/v2\/media\/115546"}],"wp:attachment":[{"href":"https:\/\/www.budoshop.si\/sl\/wp-json\/wp\/v2\/media?parent=70769"}],"wp:term":[{"taxonomy":"product_brand","embeddable":true,"href":"https:\/\/www.budoshop.si\/sl\/wp-json\/wp\/v2\/product_brand?post=70769"},{"taxonomy":"product_cat","embeddable":true,"href":"https:\/\/www.budoshop.si\/sl\/wp-json\/wp\/v2\/product_cat?post=70769"},{"taxonomy":"product_tag","embeddable":true,"href":"https:\/\/www.budoshop.si\/sl\/wp-json\/wp\/v2\/product_tag?post=70769"}],"curies":[{"name":"wp","href":"https:\/\/api.w.org\/{rel}","templated":true}]}}